{"id":52609,"date":"2021-02-21T17:42:16","date_gmt":"2021-02-21T17:42:16","guid":{"rendered":"https:\/\/www.autonvaraosahaku.fi\/?product=ernst-460125-pakoputken-jousto"},"modified":"2021-02-21T17:42:18","modified_gmt":"2021-02-21T17:42:18","slug":"ernst-460125-pakoputken-jousto","status":"publish","type":"product","link":"https:\/\/www.autonvaraosahaku.fi\/?product=ernst-460125-pakoputken-jousto","title":{"rendered":"ERNST 460125 Pakoputken jousto"},"content":{"rendered":"<p>Putki-\u00d8 (mm): 60; Sis\u00e4l\u00e4pimitta [mm]: 60; Ulkol\u00e4pimitta [mm]: 90; Pituus (mm): 116; Materiaali: Ruostumaton ter\u00e4s; Erittely: Interlock; AUDI: A4 8D2, B5,A4 Avant 8D5, B5; MERCEDES-BENZ: E-CLASS W210; BMW: 3 E46,3 Touring E91,3 E90,5 E60,1 E87,5 Touring E61,3 Touring E46,3 Compact E46,3 Coupe E46,1 E81,3 Coupe E92,3 Cabriolet E93,1 Cabriolet E88,1 Coupe E82; PEUGEOT: 206 CC 2D,406 Break 8E\/F,406 Coupe 8C,406 8B; MINI: MINI R50, R53,MINI Cabriolet R52; CHRYSLER: VOYAGER IV RG, RS; 18307793967<\/p>\n","protected":false},"excerpt":{"rendered":"<p>ERNST Joustoputki, Pakoputkisto 460125  AUDI,MERCEDES-BENZ,BMW,A4 8D2, B5,A4 Avant 8D5, B5,E-CLASS W210,3 E46,3 Touring E91,3 E90,5 E60,1 E87<\/p>\n","protected":false},"featured_media":0,"template":"","meta":{"site-sidebar-layout":"default","site-content-layout":"default","ast-global-header-display":"","ast-main-header-display":"","ast-hfb-above-header-display":"","ast-hfb-below-header-display":"","ast-hfb-mobile-header-display":"","site-post-title":"","ast-breadcrumbs-content":"","ast-featured-img":"","footer-sml-layout":"","theme-transparent-header-meta":"","adv-header-id-meta":"","stick-header-meta":"","header-above-stick-meta":"","header-main-stick-meta":"","header-below-stick-meta":""},"pwb-brand":[63],"product_cat":[17],"product_tag":[],"class_list":{"0":"post-52609","1":"product","2":"type-product","3":"status-publish","5":"pwb-brand-ernst","6":"product_cat-pakoputken-jousto","7":"desktop-align-left","8":"tablet-align-left","9":"mobile-align-left","11":"first","12":"instock","13":"product-type-external"},"brands":[{"id":63,"name":"ERNST","slug":"ernst"}],"_links":{"self":[{"href":"https:\/\/www.autonvaraosahaku.fi\/index.php?rest_route=\/wp\/v2\/product\/52609","targetHints":{"allow":["GET"]}}],"collection":[{"href":"https:\/\/www.autonvaraosahaku.fi\/index.php?rest_route=\/wp\/v2\/product"}],"about":[{"href":"https:\/\/www.autonvaraosahaku.fi\/index.php?rest_route=\/wp\/v2\/types\/product"}],"wp:attachment":[{"href":"https:\/\/www.autonvaraosahaku.fi\/index.php?rest_route=%2Fwp%2Fv2%2Fmedia&parent=52609"}],"wp:term":[{"taxonomy":"pwb-brand","embeddable":true,"href":"https:\/\/www.autonvaraosahaku.fi\/index.php?rest_route=%2Fwp%2Fv2%2Fpwb-brand&post=52609"},{"taxonomy":"product_cat","embeddable":true,"href":"https:\/\/www.autonvaraosahaku.fi\/index.php?rest_route=%2Fwp%2Fv2%2Fproduct_cat&post=52609"},{"taxonomy":"product_tag","embeddable":true,"href":"https:\/\/www.autonvaraosahaku.fi\/index.php?rest_route=%2Fwp%2Fv2%2Fproduct_tag&post=52609"}],"curies":[{"name":"wp","href":"https:\/\/api.w.org\/{rel}","templated":true}]}}