{"id":52628,"date":"2021-02-21T17:42:23","date_gmt":"2021-02-21T17:42:23","guid":{"rendered":"https:\/\/www.autonvaraosahaku.fi\/?product=valeo-836055-kytkinpaketti"},"modified":"2021-02-21T17:42:25","modified_gmt":"2021-02-21T17:42:25","slug":"valeo-836055-kytkinpaketti","status":"publish","type":"product","link":"https:\/\/www.autonvaraosahaku.fi\/?product=valeo-836055-kytkinpaketti","title":{"rendered":"VALEO 836055 Kytkinpaketti"},"content":{"rendered":"<p>Uusi osa: ; Korvaava tuote\/korvaava tiedote 2: Vauhtipy\u00f6r\u00e4ll\u00e4, Ruuvisarjalla, varmistusruuvisarjalla, Kytkinlevyll\u00e4, ilman irroitinlaakeria; Moottorimalli: Moottoreihin, joissa kaksoismassa vauhtipy\u00f6r\u00e4; Kiinnitysreikien lukum\u00e4\u00e4r\u00e4: 6; Kiristysmomentti: 30; Lis\u00e4tarvike\/lis\u00e4tieto: Painelevyll\u00e4; Ty\u00f6nt\u00f6voima [N]: 6400; Ulkol\u00e4pimitta 1 [mm]: 240; Hammasluku: 20; Paino [kg]: 18,72; Tuotelinja: MODULE DMF; Moottorinumero: 939 A8.000; OPEL: ZAFIRA B A05,VECTRA C Caravan,SIGNUM,VECTRA C,VECTRA C GTS; FIAT: GRANDE PUNTO 199,CROMA 194; ALFA ROMEO: 159 Sportwagon 939,159 939; 55192449, 55192449, 55217625, 55231671, 55354215, 55568172, 616040, 616209, 93178364, 93196710, 55568172, 93178364, 93196710, 55568172, 93178364, 93196710; Kytkinsarja<\/p>\n","protected":false},"excerpt":{"rendered":"<p>VALEO Kytkinpaketti 836055 Kytkinsarja OPEL,FIAT,ALFA ROMEO,ZAFIRA B A05,VECTRA C Caravan,SIGNUM,VECTRA C,VECTRA C GTS,GRANDE PUNTO 199,CROMA 194<\/p>\n","protected":false},"featured_media":0,"template":"","meta":{"site-sidebar-layout":"default","site-content-layout":"default","ast-global-header-display":"","ast-main-header-display":"","ast-hfb-above-header-display":"","ast-hfb-below-header-display":"","ast-hfb-mobile-header-display":"","site-post-title":"","ast-breadcrumbs-content":"","ast-featured-img":"","footer-sml-layout":"","theme-transparent-header-meta":"","adv-header-id-meta":"","stick-header-meta":"","header-above-stick-meta":"","header-main-stick-meta":"","header-below-stick-meta":""},"pwb-brand":[28],"product_cat":[21],"product_tag":[],"class_list":{"0":"post-52628","1":"product","2":"type-product","3":"status-publish","5":"pwb-brand-valeo","6":"product_cat-kytkinpaketti","7":"desktop-align-left","8":"tablet-align-left","9":"mobile-align-left","11":"first","12":"instock","13":"product-type-external"},"brands":[{"id":28,"name":"VALEO","slug":"valeo"}],"_links":{"self":[{"href":"https:\/\/www.autonvaraosahaku.fi\/index.php?rest_route=\/wp\/v2\/product\/52628","targetHints":{"allow":["GET"]}}],"collection":[{"href":"https:\/\/www.autonvaraosahaku.fi\/index.php?rest_route=\/wp\/v2\/product"}],"about":[{"href":"https:\/\/www.autonvaraosahaku.fi\/index.php?rest_route=\/wp\/v2\/types\/product"}],"wp:attachment":[{"href":"https:\/\/www.autonvaraosahaku.fi\/index.php?rest_route=%2Fwp%2Fv2%2Fmedia&parent=52628"}],"wp:term":[{"taxonomy":"pwb-brand","embeddable":true,"href":"https:\/\/www.autonvaraosahaku.fi\/index.php?rest_route=%2Fwp%2Fv2%2Fpwb-brand&post=52628"},{"taxonomy":"product_cat","embeddable":true,"href":"https:\/\/www.autonvaraosahaku.fi\/index.php?rest_route=%2Fwp%2Fv2%2Fproduct_cat&post=52628"},{"taxonomy":"product_tag","embeddable":true,"href":"https:\/\/www.autonvaraosahaku.fi\/index.php?rest_route=%2Fwp%2Fv2%2Fproduct_tag&post=52628"}],"curies":[{"name":"wp","href":"https:\/\/api.w.org\/{rel}","templated":true}]}}