{"id":52634,"date":"2021-02-21T17:42:23","date_gmt":"2021-02-21T17:42:23","guid":{"rendered":"https:\/\/www.autonvaraosahaku.fi\/?product=valeo-834030-kytkinpaketti"},"modified":"2021-02-21T17:42:26","modified_gmt":"2021-02-21T17:42:26","slug":"valeo-834030-kytkinpaketti","status":"publish","type":"product","link":"https:\/\/www.autonvaraosahaku.fi\/?product=valeo-834030-kytkinpaketti","title":{"rendered":"VALEO 834030 Kytkinpaketti"},"content":{"rendered":"<p>Uusi osa: ; Lis\u00e4tarvike\/lis\u00e4tieto: Painelevyll\u00e4, Irroitusmekanismilla; Ulkol\u00e4pimitta [mm]: 240; Ty\u00f6nt\u00f6voima [N]: 5900; Korvaava tuote\/korvaava tiedote 2: Kytkinlevyll\u00e4, Ilman anturia; Ulkol\u00e4pimitta 1 [mm]: 240; Hammasluku: 21; Napaprofiili: 24,8 x 21,2; Kiinnitysreikien m\u00e4\u00e4r\u00e4 irroitinmekanismissa: 3; Reik\u00e4-\u00d8 [mm]: 27; Materiaali: Muovi; Paino [kg]: 7,51; Tuotelinja: KIT3P (CSC); Moottorinumeroon: C034957; OPEL: VIVARO Kasten F7,VIVARO Combi J7,MOVANO Kasten F9,MOVANO Combi J9,VIVARO Pritsche\/Fahrgestell E7; RENAULT: TRAFIC II Bus JL,MASTER II Kasten FD,TRAFIC II Kasten FL,MASTER II Bus JD,TRAFIC II Pritsche\/Fahrgestell EL; NISSAN: INTERSTAR Kasten X70,INTERSTAR Bus X70; VAUXHALL: VIVARO Kasten F7,MOVANO Mk I A Van FD,VIVARO Pritsche\/Fahrgestell E7,VIVARO Combi J7; 3000100QAE, 3000100QAK, 3057000QAC, 8200124021, 4401835, 4402133, 4409583, 4409897, 4413842, 4414962, 4432436, 4435223, 4502299, 7700110348, 7700111632, 7701473307, 7701474957, 7701475311, 8200283479, 8200609202, 8200654810, 8200846748, 9109835, 9110133, 9162581, 93160002, 93160102, 93161282, 93161984, 93179197, 93198504; Kytkinsarja<\/p>\n","protected":false},"excerpt":{"rendered":"<p>VALEO Kytkinpaketti 834030 Kytkinsarja OPEL,RENAULT,NISSAN,VIVARO Kasten F7,VIVARO Combi J7,MOVANO Kasten F9,MOVANO Combi J9<\/p>\n","protected":false},"featured_media":0,"template":"","meta":{"site-sidebar-layout":"default","site-content-layout":"default","ast-global-header-display":"","ast-main-header-display":"","ast-hfb-above-header-display":"","ast-hfb-below-header-display":"","ast-hfb-mobile-header-display":"","site-post-title":"","ast-breadcrumbs-content":"","ast-featured-img":"","footer-sml-layout":"","theme-transparent-header-meta":"","adv-header-id-meta":"","stick-header-meta":"","header-above-stick-meta":"","header-main-stick-meta":"","header-below-stick-meta":""},"pwb-brand":[28],"product_cat":[21],"product_tag":[],"class_list":{"0":"post-52634","1":"product","2":"type-product","3":"status-publish","5":"pwb-brand-valeo","6":"product_cat-kytkinpaketti","7":"desktop-align-left","8":"tablet-align-left","9":"mobile-align-left","11":"first","12":"instock","13":"product-type-external"},"brands":[{"id":28,"name":"VALEO","slug":"valeo"}],"_links":{"self":[{"href":"https:\/\/www.autonvaraosahaku.fi\/index.php?rest_route=\/wp\/v2\/product\/52634","targetHints":{"allow":["GET"]}}],"collection":[{"href":"https:\/\/www.autonvaraosahaku.fi\/index.php?rest_route=\/wp\/v2\/product"}],"about":[{"href":"https:\/\/www.autonvaraosahaku.fi\/index.php?rest_route=\/wp\/v2\/types\/product"}],"wp:attachment":[{"href":"https:\/\/www.autonvaraosahaku.fi\/index.php?rest_route=%2Fwp%2Fv2%2Fmedia&parent=52634"}],"wp:term":[{"taxonomy":"pwb-brand","embeddable":true,"href":"https:\/\/www.autonvaraosahaku.fi\/index.php?rest_route=%2Fwp%2Fv2%2Fpwb-brand&post=52634"},{"taxonomy":"product_cat","embeddable":true,"href":"https:\/\/www.autonvaraosahaku.fi\/index.php?rest_route=%2Fwp%2Fv2%2Fproduct_cat&post=52634"},{"taxonomy":"product_tag","embeddable":true,"href":"https:\/\/www.autonvaraosahaku.fi\/index.php?rest_route=%2Fwp%2Fv2%2Fproduct_tag&post=52634"}],"curies":[{"name":"wp","href":"https:\/\/api.w.org\/{rel}","templated":true}]}}