{"id":52655,"date":"2021-02-21T17:42:29","date_gmt":"2021-02-21T17:42:29","guid":{"rendered":"https:\/\/www.autonvaraosahaku.fi\/?product=van-wezel-18002369-jaahdytin"},"modified":"2021-02-21T17:42:32","modified_gmt":"2021-02-21T17:42:32","slug":"van-wezel-18002369-jaahdytin","status":"publish","type":"product","link":"https:\/\/www.autonvaraosahaku.fi\/?product=van-wezel-18002369-jaahdytin","title":{"rendered":"VAN WEZEL 18002369 J\u00e4\u00e4hdytin"},"content":{"rendered":"<p>J\u00e4hdytysripamateriaali: Alumiini; J\u00e4\u00e4hdytintyyppi: J\u00e4\u00e4hdytysrivat juotetut; Matriaali j\u00e4\u00e4hdyttimen s\u00e4ili\u00f6: Muovi; Verkon pituus [mm]: 671; Verkon leveys [mm]: 365; Verkon syvyys [mm]: 16; Vaihteistomalli: Schalt-\/optional Automatikgetriebe; MAZDA: 3 BK,3 Stufenheck BK; VOLVO: V50 MW,C30,S40 II MS; FORD: FOCUS II Kombi DA_,FOCUS II DA_,FOCUS C-MAX,C-MAX DM2,FOCUS II Stufenheck DA_,FOCUS II Cabriolet; 1305492, 1309414, 1318177, 1354177, 3M5H8005RH, 3M5H8005RJ, Z60215200B, Z60215200C, 30741044; Syyl\u00e4ri,J\u00e4\u00e4hdytin,Moottorin J\u00e4\u00e4hdytys<\/p>\n","protected":false},"excerpt":{"rendered":"<p>VAN WEZEL J\u00e4\u00e4hdytin 18002369 Syyl\u00e4ri,J\u00e4\u00e4hdytin,Moottorin J\u00e4\u00e4hdytys MAZDA,VOLVO,FORD,3 BK,3 Stufenheck BK,V50 MW,C30,S40 II MS,FOCUS II Kombi DA_<\/p>\n","protected":false},"featured_media":0,"template":"","meta":{"site-sidebar-layout":"default","site-content-layout":"default","ast-global-header-display":"","ast-main-header-display":"","ast-hfb-above-header-display":"","ast-hfb-below-header-display":"","ast-hfb-mobile-header-display":"","site-post-title":"","ast-breadcrumbs-content":"","ast-featured-img":"","footer-sml-layout":"","theme-transparent-header-meta":"","adv-header-id-meta":"","stick-header-meta":"","header-above-stick-meta":"","header-main-stick-meta":"","header-below-stick-meta":""},"pwb-brand":[54],"product_cat":[421],"product_tag":[],"class_list":{"0":"post-52655","1":"product","2":"type-product","3":"status-publish","5":"pwb-brand-van-wezel","6":"product_cat-jaahdytin","7":"desktop-align-left","8":"tablet-align-left","9":"mobile-align-left","11":"first","12":"instock","13":"product-type-external"},"brands":[{"id":54,"name":"VAN WEZEL","slug":"van-wezel"}],"_links":{"self":[{"href":"https:\/\/www.autonvaraosahaku.fi\/index.php?rest_route=\/wp\/v2\/product\/52655","targetHints":{"allow":["GET"]}}],"collection":[{"href":"https:\/\/www.autonvaraosahaku.fi\/index.php?rest_route=\/wp\/v2\/product"}],"about":[{"href":"https:\/\/www.autonvaraosahaku.fi\/index.php?rest_route=\/wp\/v2\/types\/product"}],"wp:attachment":[{"href":"https:\/\/www.autonvaraosahaku.fi\/index.php?rest_route=%2Fwp%2Fv2%2Fmedia&parent=52655"}],"wp:term":[{"taxonomy":"pwb-brand","embeddable":true,"href":"https:\/\/www.autonvaraosahaku.fi\/index.php?rest_route=%2Fwp%2Fv2%2Fpwb-brand&post=52655"},{"taxonomy":"product_cat","embeddable":true,"href":"https:\/\/www.autonvaraosahaku.fi\/index.php?rest_route=%2Fwp%2Fv2%2Fproduct_cat&post=52655"},{"taxonomy":"product_tag","embeddable":true,"href":"https:\/\/www.autonvaraosahaku.fi\/index.php?rest_route=%2Fwp%2Fv2%2Fproduct_tag&post=52655"}],"curies":[{"name":"wp","href":"https:\/\/api.w.org\/{rel}","templated":true}]}}