{"id":52734,"date":"2021-02-21T17:42:51","date_gmt":"2021-02-21T17:42:51","guid":{"rendered":"https:\/\/www.autonvaraosahaku.fi\/?product=herthbuss-jakoparts-j5721002-ohjainlaite-lammitys-tuuletus"},"modified":"2021-02-21T17:42:54","modified_gmt":"2021-02-21T17:42:54","slug":"herthbuss-jakoparts-j5721002-ohjainlaite-lammitys-tuuletus","status":"publish","type":"product","link":"https:\/\/www.autonvaraosahaku.fi\/?product=herthbuss-jakoparts-j5721002-ohjainlaite-lammitys-tuuletus","title":{"rendered":"HERTH+BUSS JAKOPARTS J5721002 Ohjainlaite l\u00e4mmitys tuuletus"},"content":{"rendered":"<p>Nimellisj\u00e4nnite (V): 12; Liittimi\u00e4: 8; V\u00e4ri vastaa alkuper\u00e4isosaa: gelb; NISSAN: QASHQAI \/ QASHQAI +2 J10, JJ10,NOTE E11,NAVARA D40,JUKE F15,PATHFINDER R51,X-TRAIL T31,NV200 EVALIA,NAVARA Pritsche\/Fahrgestell D40,PATROL GR II Wagon Y61,NV200 Kasten,MURANO Z51,PRIMASTAR Bus X83,SERENA C23M,PRIMASTAR Kasten X83,CUBE Z12,INTERSTAR Kasten X70,NV400 Kasten,INTERSTAR Bus X70,SUNNY III Traveller Y10,VANETTE CARGO Kasten HC 23,NV400 Bus,SUNNY Kasten Y10,INTERSTAR Pritsche\/Fahrgestell,NV400 Pritsche\/Fahrgestell,URVAN Bus E24,CABSTAR E Pick-up US,URVAN Kasten E24,NT400 CABSTAR F24F; OPEL: VIVARO Kasten F7,FRONTERA B 6B_,VIVARO Combi J7,MOVANO B Kasten,MOVANO B Bus,VIVARO Pritsche\/Fahrgestell E7,MOVANO B Pritsche\/Fahrgestell; DACIA: DUSTER,LODGY; RENAULT: MEGANE III Grandtour KZ0\/1,SC\u00c9NIC III JZ0\/1_,LAGUNA III Grandtour KT0\/1,MEGANE III Schr\u00e4gheck BZ0_,TRAFIC II Bus JL,GRAND SC\u00c9NIC III JZ0\/1_,TRAFIC II Kasten FL,MEGANE III Coupe DZ0\/1_,KANGOO \/ GRAND KANGOO KW0\/1_,LAGUNA III BT0\/1,MASTER III Kasten FV,KANGOO Express FW0\/1_,MEGANE CC EZ0\/1_,LAGUNA Coupe DT0\/1,MASTER III Bus JV,MASTER III Pritsche\/Fahrgestell EV, HV, UV,TRAFIC II Pritsche\/Fahrgestell EL; VAUXHALL: VIVARO Kasten F7,MOVANO Mk II B VAN,VIVARO Combi J7,VIVARO Pritsche\/Fahrgestell E7,MOVANO Mk II B Chassis\/Cab; 1106700Q0A, 1106700Q0B, 11067JD50A, 11067JD50C, 2523080A00, 2523080A0A, 25230D9703, 2523080A0A, 4419200, 93862497, 8200859243, 2523080A0A, 4419200, 93862497<\/p>\n","protected":false},"excerpt":{"rendered":"<p>HERTH+BUSS JAKOPARTS Ohjainlaite, Hehkutusj\u00e4rjest. J5721002  NISSAN,OPEL,DACIA,QASHQAI \/ QASHQAI +2 J10, JJ10,NOTE E11,NAVARA D40,JUKE F15<\/p>\n","protected":false},"featured_media":0,"template":"","meta":{"site-sidebar-layout":"default","site-content-layout":"default","ast-global-header-display":"","ast-main-header-display":"","ast-hfb-above-header-display":"","ast-hfb-below-header-display":"","ast-hfb-mobile-header-display":"","site-post-title":"","ast-breadcrumbs-content":"","ast-featured-img":"","footer-sml-layout":"","theme-transparent-header-meta":"","adv-header-id-meta":"","stick-header-meta":"","header-above-stick-meta":"","header-main-stick-meta":"","header-below-stick-meta":""},"pwb-brand":[416],"product_cat":[262],"product_tag":[],"class_list":{"0":"post-52734","1":"product","2":"type-product","3":"status-publish","5":"pwb-brand-herthbuss-jakoparts","6":"product_cat-ohjainlaite-lammitys-tuuletus","7":"desktop-align-left","8":"tablet-align-left","9":"mobile-align-left","11":"first","12":"instock","13":"product-type-external"},"brands":[{"id":416,"name":"HERTH+BUSS JAKOPARTS","slug":"herthbuss-jakoparts"}],"_links":{"self":[{"href":"https:\/\/www.autonvaraosahaku.fi\/index.php?rest_route=\/wp\/v2\/product\/52734","targetHints":{"allow":["GET"]}}],"collection":[{"href":"https:\/\/www.autonvaraosahaku.fi\/index.php?rest_route=\/wp\/v2\/product"}],"about":[{"href":"https:\/\/www.autonvaraosahaku.fi\/index.php?rest_route=\/wp\/v2\/types\/product"}],"wp:attachment":[{"href":"https:\/\/www.autonvaraosahaku.fi\/index.php?rest_route=%2Fwp%2Fv2%2Fmedia&parent=52734"}],"wp:term":[{"taxonomy":"pwb-brand","embeddable":true,"href":"https:\/\/www.autonvaraosahaku.fi\/index.php?rest_route=%2Fwp%2Fv2%2Fpwb-brand&post=52734"},{"taxonomy":"product_cat","embeddable":true,"href":"https:\/\/www.autonvaraosahaku.fi\/index.php?rest_route=%2Fwp%2Fv2%2Fproduct_cat&post=52734"},{"taxonomy":"product_tag","embeddable":true,"href":"https:\/\/www.autonvaraosahaku.fi\/index.php?rest_route=%2Fwp%2Fv2%2Fproduct_tag&post=52734"}],"curies":[{"name":"wp","href":"https:\/\/api.w.org\/{rel}","templated":true}]}}