{"id":52741,"date":"2021-02-21T17:42:51","date_gmt":"2021-02-21T17:42:51","guid":{"rendered":"https:\/\/www.autonvaraosahaku.fi\/?product=triscan-8540-14923-vetonivelen-suojakumi"},"modified":"2021-02-21T17:42:56","modified_gmt":"2021-02-21T17:42:56","slug":"triscan-8540-14923-vetonivelen-suojakumi","status":"publish","type":"product","link":"https:\/\/www.autonvaraosahaku.fi\/?product=triscan-8540-14923-vetonivelen-suojakumi","title":{"rendered":"TRISCAN 8540 14923 Vetonivelen suojakumi"},"content":{"rendered":"<p>Pituus (mm): 96; Sis\u00e4l\u00e4pimitta 1 [mm]: 28,5; Sis\u00e4l\u00e4pimitta 2 [mm]: 80; Asennuspuoli: Vorderachse links; NISSAN: QASHQAI \/ QASHQAI +2 J10, JJ10,X-TRAIL T31,QASHQAI J11, J11_,X-TRAIL T32; RENAULT: KOLEOS HY_; ISUZU: N (6th Generation); C97417Y010<\/p>\n","protected":false},"excerpt":{"rendered":"<p>TRISCAN Paljekumisarja, Vetoakseli 8540 14923  NISSAN,RENAULT,ISUZU,QASHQAI \/ QASHQAI +2 J10, JJ10,X-TRAIL T31,QASHQAI J11, J11_,X-TRAIL T32<\/p>\n","protected":false},"featured_media":0,"template":"","meta":{"site-sidebar-layout":"default","site-content-layout":"default","ast-global-header-display":"","ast-main-header-display":"","ast-hfb-above-header-display":"","ast-hfb-below-header-display":"","ast-hfb-mobile-header-display":"","site-post-title":"","ast-breadcrumbs-content":"","ast-featured-img":"","footer-sml-layout":"","theme-transparent-header-meta":"","adv-header-id-meta":"","stick-header-meta":"","header-above-stick-meta":"","header-main-stick-meta":"","header-below-stick-meta":""},"pwb-brand":[337],"product_cat":[42],"product_tag":[],"class_list":{"0":"post-52741","1":"product","2":"type-product","3":"status-publish","5":"pwb-brand-triscan","6":"product_cat-vetonivelen-suojakumi","7":"desktop-align-left","8":"tablet-align-left","9":"mobile-align-left","11":"first","12":"instock","13":"product-type-external"},"brands":[{"id":337,"name":"TRISCAN","slug":"triscan"}],"_links":{"self":[{"href":"https:\/\/www.autonvaraosahaku.fi\/index.php?rest_route=\/wp\/v2\/product\/52741","targetHints":{"allow":["GET"]}}],"collection":[{"href":"https:\/\/www.autonvaraosahaku.fi\/index.php?rest_route=\/wp\/v2\/product"}],"about":[{"href":"https:\/\/www.autonvaraosahaku.fi\/index.php?rest_route=\/wp\/v2\/types\/product"}],"wp:attachment":[{"href":"https:\/\/www.autonvaraosahaku.fi\/index.php?rest_route=%2Fwp%2Fv2%2Fmedia&parent=52741"}],"wp:term":[{"taxonomy":"pwb-brand","embeddable":true,"href":"https:\/\/www.autonvaraosahaku.fi\/index.php?rest_route=%2Fwp%2Fv2%2Fpwb-brand&post=52741"},{"taxonomy":"product_cat","embeddable":true,"href":"https:\/\/www.autonvaraosahaku.fi\/index.php?rest_route=%2Fwp%2Fv2%2Fproduct_cat&post=52741"},{"taxonomy":"product_tag","embeddable":true,"href":"https:\/\/www.autonvaraosahaku.fi\/index.php?rest_route=%2Fwp%2Fv2%2Fproduct_tag&post=52741"}],"curies":[{"name":"wp","href":"https:\/\/api.w.org\/{rel}","templated":true}]}}