{"id":52779,"date":"2021-02-21T17:43:03","date_gmt":"2021-02-21T17:43:03","guid":{"rendered":"https:\/\/www.autonvaraosahaku.fi\/?product=hr-29663-1-jouset"},"modified":"2021-02-21T17:43:07","modified_gmt":"2021-02-21T17:43:07","slug":"hr-29663-1-jouset","status":"publish","type":"product","link":"https:\/\/www.autonvaraosahaku.fi\/?product=hr-29663-1-jouset","title":{"rendered":"H&#038;R 29663-1 Jouset"},"content":{"rendered":"<p>Yksitt\u00e4isosat luettelossa: ; M\u00e4\u00e4r\u00e4yksikk\u00f6: Sarja; Asennuspuoli: Etuakseli, Taka-akseli; Jousimalli: Kierrejousi; Madallus noin [mm]: 35; Rakennemalli: 3\/1; Tuning: 1; Madallus (mm): 35; BMW: 3 E30; Alustasarja Jouset<\/p>\n","protected":false},"excerpt":{"rendered":"<p>H&#038;R Madallusjouset 29663-1 Alustasarja Jouset BMW,3 E30<\/p>\n","protected":false},"featured_media":0,"template":"","meta":{"site-sidebar-layout":"default","site-content-layout":"default","ast-global-header-display":"","ast-main-header-display":"","ast-hfb-above-header-display":"","ast-hfb-below-header-display":"","ast-hfb-mobile-header-display":"","site-post-title":"","ast-breadcrumbs-content":"","ast-featured-img":"","footer-sml-layout":"","theme-transparent-header-meta":"","adv-header-id-meta":"","stick-header-meta":"","header-above-stick-meta":"","header-main-stick-meta":"","header-below-stick-meta":""},"pwb-brand":[423],"product_cat":[171],"product_tag":[],"class_list":{"0":"post-52779","1":"product","2":"type-product","3":"status-publish","5":"pwb-brand-hr","6":"product_cat-jouset","7":"desktop-align-left","8":"tablet-align-left","9":"mobile-align-left","11":"first","12":"instock","13":"product-type-external"},"brands":[{"id":423,"name":"H&amp;R","slug":"hr"}],"_links":{"self":[{"href":"https:\/\/www.autonvaraosahaku.fi\/index.php?rest_route=\/wp\/v2\/product\/52779","targetHints":{"allow":["GET"]}}],"collection":[{"href":"https:\/\/www.autonvaraosahaku.fi\/index.php?rest_route=\/wp\/v2\/product"}],"about":[{"href":"https:\/\/www.autonvaraosahaku.fi\/index.php?rest_route=\/wp\/v2\/types\/product"}],"wp:attachment":[{"href":"https:\/\/www.autonvaraosahaku.fi\/index.php?rest_route=%2Fwp%2Fv2%2Fmedia&parent=52779"}],"wp:term":[{"taxonomy":"pwb-brand","embeddable":true,"href":"https:\/\/www.autonvaraosahaku.fi\/index.php?rest_route=%2Fwp%2Fv2%2Fpwb-brand&post=52779"},{"taxonomy":"product_cat","embeddable":true,"href":"https:\/\/www.autonvaraosahaku.fi\/index.php?rest_route=%2Fwp%2Fv2%2Fproduct_cat&post=52779"},{"taxonomy":"product_tag","embeddable":true,"href":"https:\/\/www.autonvaraosahaku.fi\/index.php?rest_route=%2Fwp%2Fv2%2Fproduct_tag&post=52779"}],"curies":[{"name":"wp","href":"https:\/\/api.w.org\/{rel}","templated":true}]}}