{"id":52785,"date":"2021-02-21T17:43:08","date_gmt":"2021-02-21T17:43:08","guid":{"rendered":"https:\/\/www.autonvaraosahaku.fi\/?product=bosal-oris-011-639-muut-luokat"},"modified":"2021-02-21T17:43:09","modified_gmt":"2021-02-21T17:43:09","slug":"bosal-oris-011-639-muut-luokat","status":"publish","type":"product","link":"https:\/\/www.autonvaraosahaku.fi\/?product=bosal-oris-011-639-muut-luokat","title":{"rendered":"BOSAL-ORIS 011-639 Muut luokat"},"content":{"rendered":"<p>Pistorasia, vetokoukku: 13; Varusteet: Autoihin ilman Check controllia; Vetokoukku: ilman pys\u00e4k\u00f6intitutkan poiskytkent\u00e4\u00e4, Johtosarja ilman alkuper\u00e4isi\u00e4 liittimi\u00e4; Korvaava tuote\/korvaava tiedote 2: Ei vaadi aktivointia; Valmistusvuoteen: 07\/1995; VW: SHARAN 7M8, 7M9, 7M6,POLO 6N1,PASSAT 3A2, 35I,POLO CLASSIC 6KV2,VENTO 1H2,POLO Kasten 6NF,POLO PLAYA; AUDI: 80 Avant 8C, B4; BMW: 3 Compact E36,3 E36,3 Touring E36; OPEL: VECTRA B Caravan 31_,ASTRA F Caravan 51_, 52_,FRONTERA B 6B_,MOVANO Kasten F9,FRONTERA A Sport 5_SUD2,FRONTERA A 5_MWL4,ASTRA F CLASSIC Caravan,MOVANO Combi J9,KADETT E Caravan 35_, 36_, 45_, 46_,ASTRA F Van 55_,KADETT E Kasten 37_, 47_,KADETT E Combo 38_, 48_; FORD: GALAXY WGR,FIESTA IV JA_, JB_,MONDEO III B5Y,MONDEO III Stufenheck B4Y,MONDEO II BAP,ESCORT VII GAL, AAL, ABL,MONDEO II Stufenheck BFP,ESCORT VII Cabriolet ALL,ESCORT VI Cabriolet ALL,ESCORT VI GAL,ESCORT V Cabriolet ALL,MAVERICK UDS, UNS,ESCORT V GAL,FIESTA Kasten JV_,ESCORT CLASSIC AAL, ABL,MAVERICK VAN; RENAULT: TWINGO I C06_,CLIO II BB0\/1\/2_, CB0\/1\/2_,KANGOO KC0\/1_,MEGANE II Coup\u00e9-Cabriolet EM0\/1_,ESPACE III JE0_,MEGANE Scenic JA0\/1_,MEGANE II BM0\/1_, CM0\/1_,MEGANE I BA0\/1_,MASTER II Kasten FD,KANGOO Express FC0\/1_,MEGANE I Grandtour KA0\/1_,MEGANE II Stufenheck LM0\/1_,TWINGO I Kasten S06_,MASTER II Bus JD,CLIO II Kasten SB0\/1\/2_,ESPACE II J\/S63_,SUPER 5 B\/C40_,RAPID Kasten F40_, G40_,SANDERO\/STEPWAY I,DUSTER,LOGAN I Kombi KS_,LOGAN I LS_,SUPER 5 Kasten S40_,LOGAN EXPRESS,EXPRESS Kasten\/Kombi,MEGANE II Hatchback Van KM0\/2_; FIAT: ULYSSE 179AX,MULTIPLA 186,ULYSSE 220; SKODA: SUPERB 3U4; PEUGEOT: 206 Schr\u00e4gheck 2A\/C,206 CC 2D,307 CC 3B,206 SW 2E\/K,807 E,206+ T3E,406 Break 8E\/F,406 8B,806 221,405 I 15B,206 Van,405 II 4B; SEAT: ALHAMBRA 7V8, 7V9,IBIZA II 6K1,CORDOBA Vario 6K1<\/p>\n","protected":false},"excerpt":{"rendered":"<p>BOSAL-ORIS S\u00e4hk\u00f6sarja, Vetokoukku 011-639  VW,AUDI,BMW,SHARAN 7M8, 7M9, 7M6,POLO 6N1,PASSAT 3A2, 35I,POLO CLASSIC 6KV2,VENTO 1H2,POLO Kasten 6NF<\/p>\n","protected":false},"featured_media":0,"template":"","meta":{"site-sidebar-layout":"default","site-content-layout":"default","ast-global-header-display":"","ast-main-header-display":"","ast-hfb-above-header-display":"","ast-hfb-below-header-display":"","ast-hfb-mobile-header-display":"","site-post-title":"","ast-breadcrumbs-content":"","ast-featured-img":"","footer-sml-layout":"","theme-transparent-header-meta":"","adv-header-id-meta":"","stick-header-meta":"","header-above-stick-meta":"","header-main-stick-meta":"","header-below-stick-meta":""},"pwb-brand":[383],"product_cat":[37],"product_tag":[],"class_list":{"0":"post-52785","1":"product","2":"type-product","3":"status-publish","5":"pwb-brand-bosal-oris","6":"product_cat-muut-luokat","7":"desktop-align-left","8":"tablet-align-left","9":"mobile-align-left","11":"first","12":"instock","13":"product-type-external"},"brands":[{"id":383,"name":"BOSAL-ORIS","slug":"bosal-oris"}],"_links":{"self":[{"href":"https:\/\/www.autonvaraosahaku.fi\/index.php?rest_route=\/wp\/v2\/product\/52785","targetHints":{"allow":["GET"]}}],"collection":[{"href":"https:\/\/www.autonvaraosahaku.fi\/index.php?rest_route=\/wp\/v2\/product"}],"about":[{"href":"https:\/\/www.autonvaraosahaku.fi\/index.php?rest_route=\/wp\/v2\/types\/product"}],"wp:attachment":[{"href":"https:\/\/www.autonvaraosahaku.fi\/index.php?rest_route=%2Fwp%2Fv2%2Fmedia&parent=52785"}],"wp:term":[{"taxonomy":"pwb-brand","embeddable":true,"href":"https:\/\/www.autonvaraosahaku.fi\/index.php?rest_route=%2Fwp%2Fv2%2Fpwb-brand&post=52785"},{"taxonomy":"product_cat","embeddable":true,"href":"https:\/\/www.autonvaraosahaku.fi\/index.php?rest_route=%2Fwp%2Fv2%2Fproduct_cat&post=52785"},{"taxonomy":"product_tag","embeddable":true,"href":"https:\/\/www.autonvaraosahaku.fi\/index.php?rest_route=%2Fwp%2Fv2%2Fproduct_tag&post=52785"}],"curies":[{"name":"wp","href":"https:\/\/api.w.org\/{rel}","templated":true}]}}