{"id":52787,"date":"2021-02-21T17:43:08","date_gmt":"2021-02-21T17:43:08","guid":{"rendered":"https:\/\/www.autonvaraosahaku.fi\/?product=nrf-380030-muut-luokat"},"modified":"2021-02-21T17:43:10","modified_gmt":"2021-02-21T17:43:10","slug":"nrf-380030-muut-luokat","status":"publish","type":"product","link":"https:\/\/www.autonvaraosahaku.fi\/?product=nrf-380030-muut-luokat","title":{"rendered":"NRF 380030 Muut luokat"},"content":{"rendered":"<p>Valmistaja rajaus: GENUINE SANDEN; K\u00e4ytt\u00f6j\u00e4nnite [V]: 12; Rihloja (kpl): 6; Hihnapy\u00f6r\u00e4-\u00d8[mm]: 119, 119; LANCIA: PHEDRA 179; FIAT: ULYSSE 179AX,SCUDO Kasten 220L,SCUDO Combinato 220P,SCUDO Pritsche\/Fahrgestell 220_; CITRO\u00cbN: BERLINGO MF,XSARA PICASSO N68,BERLINGO B9,C5 III Break TD_,C4 Picasso I UD_,C4 Grand Picasso I UA_,C8 EA_, EB_,C4 I LC_,BERLINGO Kasten M_,C5 II Break RE_,C5 I DC_,C5 I Break DE_,C5 III RD_,XSARA N1,C4 Coupe LA_,C5 II RC_,XSARA Break N2,BERLINGO Kasten B9,C4 Picasso II,XSARA Coupe N0,C4 Stufenheck L,JUMPY U6U,JUMPY Kasten BS_, BT_, BY_, BZ_,BERLINGO Pritsche\/Fahrgestell B9,JUMPY Pritsche\/Fahrgestell BU_, BV_, BW_, BX_,XSARA Kasten,XSARA Kasten\/Schr\u00e4gheck; PEUGEOT: 307 SW 3H,307 CC 3B,307 3A\/C,308 SW,807 E,308 4A_, 4C_,5008,307 Break 3E,508 SW,607 9D, 9U,3008,406 Break 8E\/F,PARTNER Tepee,308 CC,PARTNER Combispace 5F,PARTNER Kasten 5,406 Coupe 8C,406 8B,508,PARTNER Kasten,EXPERT Kasten 222,EXPERT 224,EXPERT Pritsche\/Fahrgestell 223,PARTNER Pritsche\/Fahrgestell; 6453CR, 6453JN, 6453JQ, 6453LQ, 6453LR, 6453LY, 6453QV, 6453QW, 6453TE, 6453TF, 6453YT, 648734, 648767, 71789736, 7487102524, 9653860480, 9655421780, 9659231580, 9674100180, 9687437780, 9687438080, 9800839580, 9800859180, 71789736, 71789738, 7487102524, 9639109580, 9646416780, 9653860480, 7487102524, 9639109580, 9646416780, 6453JN, 6453JQ, 6453LQ, 6453LR, 6453LY, 6453QV, 6453QW, 6453TE, 6453TF, 6453YT, 648734, 648767, 71789736, 9653860480, 9674100180, 9800839580, 9800859180<\/p>\n","protected":false},"excerpt":{"rendered":"<p>NRF K\u00e4\u00e4mi, Kompr. Magn.Kytkin 380030  LANCIA,FIAT,CITRO\u00cbN,PHEDRA 179,ULYSSE 179AX,SCUDO Kasten 220L,SCUDO Combinato 220P<\/p>\n","protected":false},"featured_media":0,"template":"","meta":{"site-sidebar-layout":"default","site-content-layout":"default","ast-global-header-display":"","ast-main-header-display":"","ast-hfb-above-header-display":"","ast-hfb-below-header-display":"","ast-hfb-mobile-header-display":"","site-post-title":"","ast-breadcrumbs-content":"","ast-featured-img":"","footer-sml-layout":"","theme-transparent-header-meta":"","adv-header-id-meta":"","stick-header-meta":"","header-above-stick-meta":"","header-main-stick-meta":"","header-below-stick-meta":""},"pwb-brand":[85],"product_cat":[37],"product_tag":[],"class_list":{"0":"post-52787","1":"product","2":"type-product","3":"status-publish","5":"pwb-brand-nrf","6":"product_cat-muut-luokat","7":"desktop-align-left","8":"tablet-align-left","9":"mobile-align-left","11":"first","12":"instock","13":"product-type-external"},"brands":[{"id":85,"name":"NRF","slug":"nrf"}],"_links":{"self":[{"href":"https:\/\/www.autonvaraosahaku.fi\/index.php?rest_route=\/wp\/v2\/product\/52787","targetHints":{"allow":["GET"]}}],"collection":[{"href":"https:\/\/www.autonvaraosahaku.fi\/index.php?rest_route=\/wp\/v2\/product"}],"about":[{"href":"https:\/\/www.autonvaraosahaku.fi\/index.php?rest_route=\/wp\/v2\/types\/product"}],"wp:attachment":[{"href":"https:\/\/www.autonvaraosahaku.fi\/index.php?rest_route=%2Fwp%2Fv2%2Fmedia&parent=52787"}],"wp:term":[{"taxonomy":"pwb-brand","embeddable":true,"href":"https:\/\/www.autonvaraosahaku.fi\/index.php?rest_route=%2Fwp%2Fv2%2Fpwb-brand&post=52787"},{"taxonomy":"product_cat","embeddable":true,"href":"https:\/\/www.autonvaraosahaku.fi\/index.php?rest_route=%2Fwp%2Fv2%2Fproduct_cat&post=52787"},{"taxonomy":"product_tag","embeddable":true,"href":"https:\/\/www.autonvaraosahaku.fi\/index.php?rest_route=%2Fwp%2Fv2%2Fproduct_tag&post=52787"}],"curies":[{"name":"wp","href":"https:\/\/api.w.org\/{rel}","templated":true}]}}