{"id":52799,"date":"2021-02-21T17:43:08","date_gmt":"2021-02-21T17:43:08","guid":{"rendered":"https:\/\/www.autonvaraosahaku.fi\/?product=tyc-19-1209-05-2-sumuvalot"},"modified":"2021-02-21T17:43:12","modified_gmt":"2021-02-21T17:43:12","slug":"tyc-19-1209-05-2-sumuvalot","status":"publish","type":"product","link":"https:\/\/www.autonvaraosahaku.fi\/?product=tyc-19-1209-05-2-sumuvalot","title":{"rendered":"TYC 19-1209-05-2 Sumuvalot"},"content":{"rendered":"<p>Asennuspuoli: Oikea; Lamppumalli: H1; Rekister\u00f6ity tyyppi: E-hyv\u00e4ksytty; Lis\u00e4tarvike\/lis\u00e4tieto: Lampun kannalla; BMW: 3 Compact E36,3 E36,3 Coupe E36,3 Cabriolet E36,3 Touring E36; 1387092, 63171387092, 63178357386, 63178357390, 8357386, 8357390; Sumuvalo<\/p>\n","protected":false},"excerpt":{"rendered":"<p>TYC Sumuvalot 19-1209-05-2 Sumuvalo BMW,3 Compact E36,3 E36,3 Coupe E36,3 Cabriolet E36,3 Touring E36<\/p>\n","protected":false},"featured_media":0,"template":"","meta":{"site-sidebar-layout":"default","site-content-layout":"default","ast-global-header-display":"","ast-main-header-display":"","ast-hfb-above-header-display":"","ast-hfb-below-header-display":"","ast-hfb-mobile-header-display":"","site-post-title":"","ast-breadcrumbs-content":"","ast-featured-img":"","footer-sml-layout":"","theme-transparent-header-meta":"","adv-header-id-meta":"","stick-header-meta":"","header-above-stick-meta":"","header-main-stick-meta":"","header-below-stick-meta":""},"pwb-brand":[124],"product_cat":[119],"product_tag":[],"class_list":{"0":"post-52799","1":"product","2":"type-product","3":"status-publish","5":"pwb-brand-tyc","6":"product_cat-sumuvalot","7":"desktop-align-left","8":"tablet-align-left","9":"mobile-align-left","11":"first","12":"instock","13":"product-type-external"},"brands":[{"id":124,"name":"TYC","slug":"tyc"}],"_links":{"self":[{"href":"https:\/\/www.autonvaraosahaku.fi\/index.php?rest_route=\/wp\/v2\/product\/52799","targetHints":{"allow":["GET"]}}],"collection":[{"href":"https:\/\/www.autonvaraosahaku.fi\/index.php?rest_route=\/wp\/v2\/product"}],"about":[{"href":"https:\/\/www.autonvaraosahaku.fi\/index.php?rest_route=\/wp\/v2\/types\/product"}],"wp:attachment":[{"href":"https:\/\/www.autonvaraosahaku.fi\/index.php?rest_route=%2Fwp%2Fv2%2Fmedia&parent=52799"}],"wp:term":[{"taxonomy":"pwb-brand","embeddable":true,"href":"https:\/\/www.autonvaraosahaku.fi\/index.php?rest_route=%2Fwp%2Fv2%2Fpwb-brand&post=52799"},{"taxonomy":"product_cat","embeddable":true,"href":"https:\/\/www.autonvaraosahaku.fi\/index.php?rest_route=%2Fwp%2Fv2%2Fproduct_cat&post=52799"},{"taxonomy":"product_tag","embeddable":true,"href":"https:\/\/www.autonvaraosahaku.fi\/index.php?rest_route=%2Fwp%2Fv2%2Fproduct_tag&post=52799"}],"curies":[{"name":"wp","href":"https:\/\/api.w.org\/{rel}","templated":true}]}}