{"id":52854,"date":"2021-02-21T17:43:26","date_gmt":"2021-02-21T17:43:26","guid":{"rendered":"https:\/\/www.autonvaraosahaku.fi\/?product=daco-germany-533701-iskunvaimennin"},"modified":"2021-02-21T17:43:29","modified_gmt":"2021-02-21T17:43:29","slug":"daco-germany-533701-iskunvaimennin","status":"publish","type":"product","link":"https:\/\/www.autonvaraosahaku.fi\/?product=daco-germany-533701-iskunvaimennin","title":{"rendered":"DACO Germany 533701 Iskunvaimennin"},"content":{"rendered":"<p>Asennuspuoli: Taka-akseli; Iskunvaimennin tyyppi: \u00d6ljypaine; Iskunvaimennin asennustapa: Silmukka ylh\u00e4\u00e4ll\u00e4, Silmukka alhaalla; Ei rakennemallille: 14 RE Sport; PEUGEOT: 106 II 1,106 I 1A, 1C,106 Van 1_; CITRO\u00cbN: SAXO S0, S1,AX ZA-_; 00005206F8, 00005206F9, 00005206G2, 00005206TJ, 520643, 520683, 520684, 520685, 520693, 520697, 520699, 5206C8, 5206C9, 5206F3, 5206F7, 5206F8, 5206F9, 5206G0, 5206G1, 5206G2, 5206G6, 5206G7, 5206G8, 5206G9, 5206L8, 5206N2, 5206N3, 5206Q3, 5206R0, 5206S0, 5206TJ, 5206TP, 96032731, 9603273180, 96032733, 96056928, 96116051, 96130021, 96137825, 97522021, 97536063, 520686, 520690, 520694, 5206F5, 5206G3, 5206G4; Iskarit,Iskunvaimennin<\/p>\n","protected":false},"excerpt":{"rendered":"<p>DACO Germany Iskunvaimentimet 533701 Iskarit,Iskunvaimennin PEUGEOT,CITRO\u00cbN,106 II 1,106 I 1A, 1C,106 Van 1_,SAXO S0, S1,AX ZA-_<\/p>\n","protected":false},"featured_media":0,"template":"","meta":{"site-sidebar-layout":"default","site-content-layout":"default","ast-global-header-display":"","ast-main-header-display":"","ast-hfb-above-header-display":"","ast-hfb-below-header-display":"","ast-hfb-mobile-header-display":"","site-post-title":"","ast-breadcrumbs-content":"","ast-featured-img":"","footer-sml-layout":"","theme-transparent-header-meta":"","adv-header-id-meta":"","stick-header-meta":"","header-above-stick-meta":"","header-main-stick-meta":"","header-below-stick-meta":""},"pwb-brand":[349],"product_cat":[80],"product_tag":[],"class_list":{"0":"post-52854","1":"product","2":"type-product","3":"status-publish","5":"pwb-brand-daco-germany","6":"product_cat-iskunvaimennin","7":"desktop-align-left","8":"tablet-align-left","9":"mobile-align-left","11":"first","12":"instock","13":"product-type-external"},"brands":[{"id":349,"name":"DACO Germany","slug":"daco-germany"}],"_links":{"self":[{"href":"https:\/\/www.autonvaraosahaku.fi\/index.php?rest_route=\/wp\/v2\/product\/52854","targetHints":{"allow":["GET"]}}],"collection":[{"href":"https:\/\/www.autonvaraosahaku.fi\/index.php?rest_route=\/wp\/v2\/product"}],"about":[{"href":"https:\/\/www.autonvaraosahaku.fi\/index.php?rest_route=\/wp\/v2\/types\/product"}],"wp:attachment":[{"href":"https:\/\/www.autonvaraosahaku.fi\/index.php?rest_route=%2Fwp%2Fv2%2Fmedia&parent=52854"}],"wp:term":[{"taxonomy":"pwb-brand","embeddable":true,"href":"https:\/\/www.autonvaraosahaku.fi\/index.php?rest_route=%2Fwp%2Fv2%2Fpwb-brand&post=52854"},{"taxonomy":"product_cat","embeddable":true,"href":"https:\/\/www.autonvaraosahaku.fi\/index.php?rest_route=%2Fwp%2Fv2%2Fproduct_cat&post=52854"},{"taxonomy":"product_tag","embeddable":true,"href":"https:\/\/www.autonvaraosahaku.fi\/index.php?rest_route=%2Fwp%2Fv2%2Fproduct_tag&post=52854"}],"curies":[{"name":"wp","href":"https:\/\/api.w.org\/{rel}","templated":true}]}}