{"id":52878,"date":"2021-02-21T17:43:32","date_gmt":"2021-02-21T17:43:32","guid":{"rendered":"https:\/\/www.autonvaraosahaku.fi\/?product=ridex-243g0010-hehkutulppa"},"modified":"2021-02-21T17:43:36","modified_gmt":"2021-02-21T17:43:36","slug":"ridex-243g0010-hehkutulppa","status":"publish","type":"product","link":"https:\/\/www.autonvaraosahaku.fi\/?product=ridex-243g0010-hehkutulppa","title":{"rendered":"RIDEX 243G0010 Hehkutulppa"},"content":{"rendered":"<p>J\u00e4nnite (V): 4.4; Pituus 1 (mm): 156.1; Pituus 2 (mm): 34.5; Kierremitta: M9 x 1.00; Avainv\u00e4li: 9; Moottorinumero: A 20 DTH; JEEP: RENEGADE Gel\u00e4ndewagen geschlossen BU; SUZUKI: SX4 EY, GY,SX4 S-Cross; LANCIA: DELTA III 844,MUSA 350,THEMA LX; OPEL: ASTRA J Sports Tourer,INSIGNIA Caravan,ASTRA J,ZAFIRA TOURER C P12,INSIGNIA,INSIGNIA Stufenheck,ASTRA GTC J,COMBO Kasten\/Kombi X12,COMBO Tour X12,COMBO Pritsche\/Fahrgestell; SAAB: 9-3 YS3F,9-5 Kombi YS3E,9-3 Kombi YS3F,9-3 Cabriolet YS3F,9-3X; ALFA ROMEO: 159 Sportwagon 939,GIULIETTA 940,MITO 955,159 939,BRERA,SPIDER 939; FIAT: GRANDE PUNTO 199,DUCATO Kasten 250,BRAVO II 198,DUCATO Pritsche\/Fahrgestell 250,FREEMONT JF_,PUNTO EVO 199,DUCATO Bus 250,DOBLO Kasten\/Kombi 263,IDEA,SEDICI,500L,DOBLO Gro\u00dfraumlimousine 152, 263,LINEA 323,DOBLO Pritsche\/Fahrgestell 263,500X; CADILLAC: BLS,BLS Wagon; VAUXHALL: INSIGNIA Mk I A,INSIGNIA Mk I A Estate,ZAFIRA Mk III P12,ASTRA Mk VI J CC,ASTRA Mk VI J,INSIGNIA Mk I A Sedan,ASTRA Mk VI J Sedan,ASTRA Mk VI J Estate,COMBO Mk III D Kasten\/Kombi; 55200755, 1214334, 55564162, 93178047, 1855079J81, 93191771<\/p>\n","protected":false},"excerpt":{"rendered":"<p>RIDEX Hehkutulppa 243G0010  JEEP,SUZUKI,LANCIA,RENEGADE Gel\u00e4ndewagen geschlossen BU,SX4 EY, GY,SX4 S-Cross,DELTA III 844,MUSA 350,THEMA LX<\/p>\n","protected":false},"featured_media":0,"template":"","meta":{"site-sidebar-layout":"default","site-content-layout":"default","ast-global-header-display":"","ast-main-header-display":"","ast-hfb-above-header-display":"","ast-hfb-below-header-display":"","ast-hfb-mobile-header-display":"","site-post-title":"","ast-breadcrumbs-content":"","ast-featured-img":"","footer-sml-layout":"","theme-transparent-header-meta":"","adv-header-id-meta":"","stick-header-meta":"","header-above-stick-meta":"","header-main-stick-meta":"","header-below-stick-meta":""},"pwb-brand":[157],"product_cat":[52],"product_tag":[],"class_list":{"0":"post-52878","1":"product","2":"type-product","3":"status-publish","5":"pwb-brand-ridex","6":"product_cat-hehkutulppa","7":"desktop-align-left","8":"tablet-align-left","9":"mobile-align-left","11":"first","12":"instock","13":"product-type-external"},"brands":[{"id":157,"name":"RIDEX","slug":"ridex"}],"_links":{"self":[{"href":"https:\/\/www.autonvaraosahaku.fi\/index.php?rest_route=\/wp\/v2\/product\/52878","targetHints":{"allow":["GET"]}}],"collection":[{"href":"https:\/\/www.autonvaraosahaku.fi\/index.php?rest_route=\/wp\/v2\/product"}],"about":[{"href":"https:\/\/www.autonvaraosahaku.fi\/index.php?rest_route=\/wp\/v2\/types\/product"}],"wp:attachment":[{"href":"https:\/\/www.autonvaraosahaku.fi\/index.php?rest_route=%2Fwp%2Fv2%2Fmedia&parent=52878"}],"wp:term":[{"taxonomy":"pwb-brand","embeddable":true,"href":"https:\/\/www.autonvaraosahaku.fi\/index.php?rest_route=%2Fwp%2Fv2%2Fpwb-brand&post=52878"},{"taxonomy":"product_cat","embeddable":true,"href":"https:\/\/www.autonvaraosahaku.fi\/index.php?rest_route=%2Fwp%2Fv2%2Fproduct_cat&post=52878"},{"taxonomy":"product_tag","embeddable":true,"href":"https:\/\/www.autonvaraosahaku.fi\/index.php?rest_route=%2Fwp%2Fv2%2Fproduct_tag&post=52878"}],"curies":[{"name":"wp","href":"https:\/\/api.w.org\/{rel}","templated":true}]}}