{"id":52894,"date":"2021-02-21T17:43:37","date_gmt":"2021-02-21T17:43:37","guid":{"rendered":"https:\/\/www.autonvaraosahaku.fi\/?product=bremi-11860t-sytytyspuola"},"modified":"2021-02-21T17:43:40","modified_gmt":"2021-02-21T17:43:40","slug":"bremi-11860t-sytytyspuola","status":"publish","type":"product","link":"https:\/\/www.autonvaraosahaku.fi\/?product=bremi-11860t-sytytyspuola","title":{"rendered":"BREMI 11860T Sytytyspuola"},"content":{"rendered":"<p>Sytytyspuola: Liit\u00e4nt\u00e4 SAE, COP-sytytyspuola (syt.tulpan p\u00e4\u00e4ll\u00e4); J\u00e4nnite (V): 12; Moottorinumero: M52B206S3; BMW: 3 E46,5 E39,3 Touring E46,5 Touring E39,3 Compact E46,3 Coupe E46,3 Compact E36,3 E36,X5 E53,3 Cabriolet E46,7 E38,3 Coupe E36,Z3 E36,3 Cabriolet E36,3 Touring E36,8 E31,Z3 Coupe E36,Z8 E52; LAND ROVER: RANGE ROVER III LM; ROVER: 45 Stufenheck RT,45 RT; MG: MG ZS,MG ZS Hatchback; ALPINA: B3 E46,B3 Kombi E46; 12131703227, 12131703228, 12131703825, 12131748017, 12131748018, 12139067830, 1703825, 1748017, 1748018, LR022494, NEC000040, NEC101000<\/p>\n","protected":false},"excerpt":{"rendered":"<p>BREMI Sytytyspuola 11860T  BMW,LAND ROVER,ROVER,3 E46,5 E39,3 Touring E46,5 Touring E39,3 Compact E46,3 Coupe E46,3 Compact E36,3 E36,X5 E53<\/p>\n","protected":false},"featured_media":0,"template":"","meta":{"site-sidebar-layout":"default","site-content-layout":"default","ast-global-header-display":"","ast-main-header-display":"","ast-hfb-above-header-display":"","ast-hfb-below-header-display":"","ast-hfb-mobile-header-display":"","site-post-title":"","ast-breadcrumbs-content":"","ast-featured-img":"","footer-sml-layout":"","theme-transparent-header-meta":"","adv-header-id-meta":"","stick-header-meta":"","header-above-stick-meta":"","header-main-stick-meta":"","header-below-stick-meta":""},"pwb-brand":[480],"product_cat":[25],"product_tag":[],"class_list":{"0":"post-52894","1":"product","2":"type-product","3":"status-publish","5":"pwb-brand-bremi","6":"product_cat-sytytyspuola","7":"desktop-align-left","8":"tablet-align-left","9":"mobile-align-left","11":"first","12":"instock","13":"product-type-external"},"brands":[{"id":480,"name":"BREMI","slug":"bremi"}],"_links":{"self":[{"href":"https:\/\/www.autonvaraosahaku.fi\/index.php?rest_route=\/wp\/v2\/product\/52894","targetHints":{"allow":["GET"]}}],"collection":[{"href":"https:\/\/www.autonvaraosahaku.fi\/index.php?rest_route=\/wp\/v2\/product"}],"about":[{"href":"https:\/\/www.autonvaraosahaku.fi\/index.php?rest_route=\/wp\/v2\/types\/product"}],"wp:attachment":[{"href":"https:\/\/www.autonvaraosahaku.fi\/index.php?rest_route=%2Fwp%2Fv2%2Fmedia&parent=52894"}],"wp:term":[{"taxonomy":"pwb-brand","embeddable":true,"href":"https:\/\/www.autonvaraosahaku.fi\/index.php?rest_route=%2Fwp%2Fv2%2Fpwb-brand&post=52894"},{"taxonomy":"product_cat","embeddable":true,"href":"https:\/\/www.autonvaraosahaku.fi\/index.php?rest_route=%2Fwp%2Fv2%2Fproduct_cat&post=52894"},{"taxonomy":"product_tag","embeddable":true,"href":"https:\/\/www.autonvaraosahaku.fi\/index.php?rest_route=%2Fwp%2Fv2%2Fproduct_tag&post=52894"}],"curies":[{"name":"wp","href":"https:\/\/api.w.org\/{rel}","templated":true}]}}