{"id":52897,"date":"2021-02-21T17:43:37","date_gmt":"2021-02-21T17:43:37","guid":{"rendered":"https:\/\/www.autonvaraosahaku.fi\/?product=ridex-188c0191-jouset"},"modified":"2021-02-21T17:43:41","modified_gmt":"2021-02-21T17:43:41","slug":"ridex-188c0191-jouset","status":"publish","type":"product","link":"https:\/\/www.autonvaraosahaku.fi\/?product=ridex-188c0191-jouset","title":{"rendered":"RIDEX 188C0191 Jouset"},"content":{"rendered":"<p>Asennuspuoli: Taka-akseli; Pituus (mm): 364; Ulkol\u00e4pimitta 1 [mm]: 117; Paksuus [mm]: 12; Varusteet: f\u00fcr Fahrzeuge mit Anh\u00e4ngevorrichtung; VW: GOLF V 1K1,GOLF PLUS 5M1, 521,GOLF VI Variant AJ5,GOLF V Variant 1K5,JETTA III 1K2; SKODA: SUPERB 3T4; 1K0511115BH, 1K0511115BH; Kierrejousi<\/p>\n","protected":false},"excerpt":{"rendered":"<p>RIDEX Jousi 188C0191 Kierrejousi VW,SKODA,GOLF V 1K1,GOLF PLUS 5M1, 521,GOLF VI Variant AJ5,GOLF V Variant 1K5,JETTA III 1K2,SUPERB 3T4<\/p>\n","protected":false},"featured_media":0,"template":"","meta":{"site-sidebar-layout":"default","site-content-layout":"default","ast-global-header-display":"","ast-main-header-display":"","ast-hfb-above-header-display":"","ast-hfb-below-header-display":"","ast-hfb-mobile-header-display":"","site-post-title":"","ast-breadcrumbs-content":"","ast-featured-img":"","footer-sml-layout":"","theme-transparent-header-meta":"","adv-header-id-meta":"","stick-header-meta":"","header-above-stick-meta":"","header-main-stick-meta":"","header-below-stick-meta":""},"pwb-brand":[157],"product_cat":[171],"product_tag":[],"class_list":{"0":"post-52897","1":"product","2":"type-product","3":"status-publish","5":"pwb-brand-ridex","6":"product_cat-jouset","7":"desktop-align-left","8":"tablet-align-left","9":"mobile-align-left","11":"first","12":"instock","13":"product-type-external"},"brands":[{"id":157,"name":"RIDEX","slug":"ridex"}],"_links":{"self":[{"href":"https:\/\/www.autonvaraosahaku.fi\/index.php?rest_route=\/wp\/v2\/product\/52897","targetHints":{"allow":["GET"]}}],"collection":[{"href":"https:\/\/www.autonvaraosahaku.fi\/index.php?rest_route=\/wp\/v2\/product"}],"about":[{"href":"https:\/\/www.autonvaraosahaku.fi\/index.php?rest_route=\/wp\/v2\/types\/product"}],"wp:attachment":[{"href":"https:\/\/www.autonvaraosahaku.fi\/index.php?rest_route=%2Fwp%2Fv2%2Fmedia&parent=52897"}],"wp:term":[{"taxonomy":"pwb-brand","embeddable":true,"href":"https:\/\/www.autonvaraosahaku.fi\/index.php?rest_route=%2Fwp%2Fv2%2Fpwb-brand&post=52897"},{"taxonomy":"product_cat","embeddable":true,"href":"https:\/\/www.autonvaraosahaku.fi\/index.php?rest_route=%2Fwp%2Fv2%2Fproduct_cat&post=52897"},{"taxonomy":"product_tag","embeddable":true,"href":"https:\/\/www.autonvaraosahaku.fi\/index.php?rest_route=%2Fwp%2Fv2%2Fproduct_tag&post=52897"}],"curies":[{"name":"wp","href":"https:\/\/api.w.org\/{rel}","templated":true}]}}