{"id":52900,"date":"2021-02-21T17:43:37","date_gmt":"2021-02-21T17:43:37","guid":{"rendered":"https:\/\/www.autonvaraosahaku.fi\/?product=auger-76785-polttoainesuodatin"},"modified":"2021-02-21T17:43:42","modified_gmt":"2021-02-21T17:43:42","slug":"auger-76785-polttoainesuodatin","status":"publish","type":"product","link":"https:\/\/www.autonvaraosahaku.fi\/?product=auger-76785-polttoainesuodatin","title":{"rendered":"AUGER 76785 Polttoainesuodatin"},"content":{"rendered":"<p>Korkeus (mm): 124; Paino [kg]: 0,407; Kierremitta: M16x1,5; Sis\u00e4l\u00e4pimitta [mm]: 62; Ulkol\u00e4pimitta [mm]: 76; Sis\u00e4l\u00e4pimitta 1 [mm]: 71; IVECO: P\/PA,P\/PA-Haubenfahrzeuge; VOLVO: B10,B12,F16,FE,FH16,FH16 II,FL10,FL6,N10; SCANIA: 3 &#8211; series,3 &#8211; series bus,4 &#8211; series; MAN: EM,F90,G,G90,HOCL,L2000,LION\u00b4S CITY,M 2000 L,M90,NM,SM,TGL,TGM; 1902134, 51125030012, 81125030035, 5000814227, 11706667, 21492771, 241672, 243004, 3825133, 466987, 8000250, 8125339<\/p>\n","protected":false},"excerpt":{"rendered":"<p>AUGER Polttoainesuodatin 76785  IVECO,VOLVO,SCANIA,P\/PA,P\/PA-Haubenfahrzeuge,B10,B12,F16,FE,FH16,FH16 II,FL10,FL6,N10,3 &#8211; series,3 &#8211; series bus<\/p>\n","protected":false},"featured_media":0,"template":"","meta":{"site-sidebar-layout":"default","site-content-layout":"default","ast-global-header-display":"","ast-main-header-display":"","ast-hfb-above-header-display":"","ast-hfb-below-header-display":"","ast-hfb-mobile-header-display":"","site-post-title":"","ast-breadcrumbs-content":"","ast-featured-img":"","footer-sml-layout":"","theme-transparent-header-meta":"","adv-header-id-meta":"","stick-header-meta":"","header-above-stick-meta":"","header-main-stick-meta":"","header-below-stick-meta":""},"pwb-brand":[408],"product_cat":[29],"product_tag":[],"class_list":{"0":"post-52900","1":"product","2":"type-product","3":"status-publish","5":"pwb-brand-auger","6":"product_cat-polttoainesuodatin","7":"desktop-align-left","8":"tablet-align-left","9":"mobile-align-left","11":"first","12":"instock","13":"product-type-external"},"brands":[{"id":408,"name":"AUGER","slug":"auger"}],"_links":{"self":[{"href":"https:\/\/www.autonvaraosahaku.fi\/index.php?rest_route=\/wp\/v2\/product\/52900","targetHints":{"allow":["GET"]}}],"collection":[{"href":"https:\/\/www.autonvaraosahaku.fi\/index.php?rest_route=\/wp\/v2\/product"}],"about":[{"href":"https:\/\/www.autonvaraosahaku.fi\/index.php?rest_route=\/wp\/v2\/types\/product"}],"wp:attachment":[{"href":"https:\/\/www.autonvaraosahaku.fi\/index.php?rest_route=%2Fwp%2Fv2%2Fmedia&parent=52900"}],"wp:term":[{"taxonomy":"pwb-brand","embeddable":true,"href":"https:\/\/www.autonvaraosahaku.fi\/index.php?rest_route=%2Fwp%2Fv2%2Fpwb-brand&post=52900"},{"taxonomy":"product_cat","embeddable":true,"href":"https:\/\/www.autonvaraosahaku.fi\/index.php?rest_route=%2Fwp%2Fv2%2Fproduct_cat&post=52900"},{"taxonomy":"product_tag","embeddable":true,"href":"https:\/\/www.autonvaraosahaku.fi\/index.php?rest_route=%2Fwp%2Fv2%2Fproduct_tag&post=52900"}],"curies":[{"name":"wp","href":"https:\/\/api.w.org\/{rel}","templated":true}]}}