{"id":52918,"date":"2021-02-21T17:43:43","date_gmt":"2021-02-21T17:43:43","guid":{"rendered":"https:\/\/www.autonvaraosahaku.fi\/?product=as-pl-s3040pr-starttimoottori"},"modified":"2021-02-21T17:43:47","modified_gmt":"2021-02-21T17:43:47","slug":"as-pl-s3040pr-starttimoottori","status":"publish","type":"product","link":"https:\/\/www.autonvaraosahaku.fi\/?product=as-pl-s3040pr-starttimoottori","title":{"rendered":"AS-PL S3040PR Starttimoottori"},"content":{"rendered":"<p>Pituus 1 (mm): 82,50; Pituus 2 (mm): 26,00; K\u00e4ynnistinmoottori teho (kW): 2,00; J\u00e4nnite (V): 12; Kiinnitysreikien lukum\u00e4\u00e4r\u00e4: 2; kierrereiki\u00e4 [kpl]: 2; Py\u00f6rimissuunta: Py\u00f6rimissuunta my\u00f6t\u00e4p\u00e4iv\u00e4\u00e4n; Hammasluku: 11; Valmistusvuoteen: 08\/1989; VW: PASSAT Variant 365,JETTA IV 162, 163,PASSAT ALLTRACK 365; SSANGYONG: REXTON GAB_,MUSSO FJ,MUSSO SPORTS; MERCEDES-BENZ: C-CLASS W203,E-CLASS W211,C-CLASS W204,C-CLASS T-Model S204,C-CLASS T-Model S203,C-CLASS W202,E-CLASS T-Model S211,190 W201,E-CLASS W210,VIANO W639,C-CLASS Coupe CL203,M-CLASS W163,Stufenheck W124,E-CLASS Kombi S210,VITO Bus W639,SL R129,CLK C209,SL R107,C-CLASS Kombi S202,S-CLASS W220,VITO \/ MIXTO Kasten W639,SPRINTER 3,5-t Kasten 906,S-CLASS W126,KOMBI Kombi S124,E-CLASS W124,G-CLASS W463,VITO Bus 638,COUPE C124,S-CLASS W140,E-CLASS Kombi S124,SPRINTER 3-t Kasten 903,SPRINTER 3,5-t Bus 906,SPRINTER 2-t Bus 901, 902,SPRINTER 3-t Kasten 906,V-CLASS 638\/2,CLC-CLASS CL203,SPRINTER 2-t Kasten 901, 902,SPRINTER 3-t Bus 903,SPRINTER 3,5-t Pritsche\/Fahrgestell 906,SPRINTER 3-t Pritsche\/Fahrgestell 903,VITO Kasten 638,E-CLASS Cabriolet A124,E-CLASS Coupe C124,SPRINTER 3-t Bus 906,SPRINTER 4-t Pritsche\/Fahrgestell 904,T2\/LN1 Kasten\/Kombi,VARIO Kasten\/Kombi,SPRINTER 2-t Pritsche\/Fahrgestell 901, 902,SPRINTER 5-t Kasten 906,SPRINTER 5-t Pritsche\/Fahrgestell 906,VARIO Pr,UNIMOG; PUCH: G-MODELL W 463; SCANIA: 2 &#8211; series,3 &#8211; series,3 &#8211; series bus; 1516671R, 0031512901, 003151290180, 0031519801, 0041513501, 004151350180, 0041514401, 004151440180, 0041515601, 0041516701, 0041517101, 0041517901, 0041518901, 004151890180, 0041519201, 004151920180, 0041519701, 004151970180, 0051511301, 005151130180, 0051516601, 005151660180, 0071518901, 0071519201, A0031512901, A0031519801, A0041513501, A0041514401, A0041515601, A0041516301, A0041516701, A0041517101, A0041517901, A0041518901, A004151890180, A0041519201, A004151920180, A0041519701, A004151970180, A0051511301, A005151130180, A0051516601, A005151660180, A0071518901, A0071519201; Startti,K\u00e4ynnistinmoottori<\/p>\n","protected":false},"excerpt":{"rendered":"<p>AS-PL Starttimoottori Brand new AS-PL Starter motor 0001231003 S3040PR Startti,K\u00e4ynnistinmoottori VW,SSANGYONG,MERCEDES-BENZ,PASSAT Variant 365<\/p>\n","protected":false},"featured_media":0,"template":"","meta":{"site-sidebar-layout":"default","site-content-layout":"default","ast-global-header-display":"","ast-main-header-display":"","ast-hfb-above-header-display":"","ast-hfb-below-header-display":"","ast-hfb-mobile-header-display":"","site-post-title":"","ast-breadcrumbs-content":"","ast-featured-img":"","footer-sml-layout":"","theme-transparent-header-meta":"","adv-header-id-meta":"","stick-header-meta":"","header-above-stick-meta":"","header-main-stick-meta":"","header-below-stick-meta":""},"pwb-brand":[347],"product_cat":[295],"product_tag":[],"class_list":{"0":"post-52918","1":"product","2":"type-product","3":"status-publish","5":"pwb-brand-as-pl","6":"product_cat-starttimoottori","7":"desktop-align-left","8":"tablet-align-left","9":"mobile-align-left","11":"first","12":"instock","13":"product-type-external"},"brands":[{"id":347,"name":"AS-PL","slug":"as-pl"}],"_links":{"self":[{"href":"https:\/\/www.autonvaraosahaku.fi\/index.php?rest_route=\/wp\/v2\/product\/52918","targetHints":{"allow":["GET"]}}],"collection":[{"href":"https:\/\/www.autonvaraosahaku.fi\/index.php?rest_route=\/wp\/v2\/product"}],"about":[{"href":"https:\/\/www.autonvaraosahaku.fi\/index.php?rest_route=\/wp\/v2\/types\/product"}],"wp:attachment":[{"href":"https:\/\/www.autonvaraosahaku.fi\/index.php?rest_route=%2Fwp%2Fv2%2Fmedia&parent=52918"}],"wp:term":[{"taxonomy":"pwb-brand","embeddable":true,"href":"https:\/\/www.autonvaraosahaku.fi\/index.php?rest_route=%2Fwp%2Fv2%2Fpwb-brand&post=52918"},{"taxonomy":"product_cat","embeddable":true,"href":"https:\/\/www.autonvaraosahaku.fi\/index.php?rest_route=%2Fwp%2Fv2%2Fproduct_cat&post=52918"},{"taxonomy":"product_tag","embeddable":true,"href":"https:\/\/www.autonvaraosahaku.fi\/index.php?rest_route=%2Fwp%2Fv2%2Fproduct_tag&post=52918"}],"curies":[{"name":"wp","href":"https:\/\/api.w.org\/{rel}","templated":true}]}}