{"id":52919,"date":"2021-02-21T17:43:43","date_gmt":"2021-02-21T17:43:43","guid":{"rendered":"https:\/\/www.autonvaraosahaku.fi\/?product=master-sport-24011003021-pcs-ms-jarrulevyt"},"modified":"2021-02-21T17:43:47","modified_gmt":"2021-02-21T17:43:47","slug":"master-sport-24011003021-pcs-ms-jarrulevyt","status":"publish","type":"product","link":"https:\/\/www.autonvaraosahaku.fi\/?product=master-sport-24011003021-pcs-ms-jarrulevyt","title":{"rendered":"MASTER-SPORT 24011003021-PCS-MS Jarrulevyt"},"content":{"rendered":"<p>L\u00e4pimitta [mm]: 280,0; Jarrulevytyyppi: Vakiomalli; Jarrulevyn paksuus (mm): 10,0; Korkeus (mm): 40,2; Reik\u00e4-\u00d8 [mm]: 13,0; V\u00e4himm\u00e4ispaksuus (mm): 8,0; Sis\u00e4l\u00e4pimitta [mm]: 142,0; Reikien m\u00e4\u00e4r\u00e4: 5; keskitt\u00e4misl\u00e4pimitta [mm]: 72,0; Reik\u00e4ympyr\u00e4-\u00d8 [mm]: 114,3; Nettopaino [kg]: 4,1; Bruttopaino [kg]: 4,14; Asennuspuoli: Hinterachse; AUDI: A5 Cabriolet 8F7; MAZDA: 6 Station Wagon GY,6 Kombi GH,323 F VI BJ,PREMACY CP,6 Hatchback GG,6 GG,MX-5 III NC,6 Schr\u00e4gheck GH,6 GH,626 V Station Wagon GW,FAMILIA VI BJ; G25Y26251, GF3Y26251A, GFYY26251, N12326251, N12326251A, NF4726251; Jarrulevy<\/p>\n","protected":false},"excerpt":{"rendered":"<p>MASTER-SPORT Jarrulevyt 24011003021-PCS-MS Jarrulevy AUDI,MAZDA,A5 Cabriolet 8F7,6 Station Wagon GY,6 Kombi GH,323 F VI BJ,PREMACY CP,6 Hatchback GG<\/p>\n","protected":false},"featured_media":0,"template":"","meta":{"site-sidebar-layout":"default","site-content-layout":"default","ast-global-header-display":"","ast-main-header-display":"","ast-hfb-above-header-display":"","ast-hfb-below-header-display":"","ast-hfb-mobile-header-display":"","site-post-title":"","ast-breadcrumbs-content":"","ast-featured-img":"","footer-sml-layout":"","theme-transparent-header-meta":"","adv-header-id-meta":"","stick-header-meta":"","header-above-stick-meta":"","header-main-stick-meta":"","header-below-stick-meta":""},"pwb-brand":[61],"product_cat":[66],"product_tag":[],"class_list":{"0":"post-52919","1":"product","2":"type-product","3":"status-publish","5":"pwb-brand-master-sport","6":"product_cat-jarrulevyt","7":"desktop-align-left","8":"tablet-align-left","9":"mobile-align-left","11":"first","12":"instock","13":"product-type-external"},"brands":[{"id":61,"name":"MASTER-SPORT","slug":"master-sport"}],"_links":{"self":[{"href":"https:\/\/www.autonvaraosahaku.fi\/index.php?rest_route=\/wp\/v2\/product\/52919","targetHints":{"allow":["GET"]}}],"collection":[{"href":"https:\/\/www.autonvaraosahaku.fi\/index.php?rest_route=\/wp\/v2\/product"}],"about":[{"href":"https:\/\/www.autonvaraosahaku.fi\/index.php?rest_route=\/wp\/v2\/types\/product"}],"wp:attachment":[{"href":"https:\/\/www.autonvaraosahaku.fi\/index.php?rest_route=%2Fwp%2Fv2%2Fmedia&parent=52919"}],"wp:term":[{"taxonomy":"pwb-brand","embeddable":true,"href":"https:\/\/www.autonvaraosahaku.fi\/index.php?rest_route=%2Fwp%2Fv2%2Fpwb-brand&post=52919"},{"taxonomy":"product_cat","embeddable":true,"href":"https:\/\/www.autonvaraosahaku.fi\/index.php?rest_route=%2Fwp%2Fv2%2Fproduct_cat&post=52919"},{"taxonomy":"product_tag","embeddable":true,"href":"https:\/\/www.autonvaraosahaku.fi\/index.php?rest_route=%2Fwp%2Fv2%2Fproduct_tag&post=52919"}],"curies":[{"name":"wp","href":"https:\/\/api.w.org\/{rel}","templated":true}]}}