{"id":52923,"date":"2021-02-21T17:43:49","date_gmt":"2021-02-21T17:43:49","guid":{"rendered":"https:\/\/www.autonvaraosahaku.fi\/?product=japanparts-bs-925-alatukivarsi"},"modified":"2021-02-21T17:43:49","modified_gmt":"2021-02-21T17:43:49","slug":"japanparts-bs-925-alatukivarsi","status":"publish","type":"product","link":"https:\/\/www.autonvaraosahaku.fi\/?product=japanparts-bs-925-alatukivarsi","title":{"rendered":"JAPANPARTS BS-925 Alatukivarsi"},"content":{"rendered":"<p>Asennuspuoli: etuakseli molemminpuoleinen, Yl\u00e4puolella; Kokonaiskorkeus (mm): 123; Asennusl\u00e4pimitta [mm]: 15; Sis\u00e4l\u00e4pimitta [mm]: 12; Ohjausmalli: Querlenker; JEEP: CHEROKEE KJ; 68068615AB, 52088632AA, 52088632AB; Tukivarsi,Tukivarsi, Py\u00f6r\u00e4ntuenta<\/p>\n","protected":false},"excerpt":{"rendered":"<p>JAPANPARTS Alatukivarsi BS-925 Tukivarsi,Tukivarsi, Py\u00f6r\u00e4ntuenta JEEP,CHEROKEE KJ<\/p>\n","protected":false},"featured_media":0,"template":"","meta":{"site-sidebar-layout":"default","site-content-layout":"default","ast-global-header-display":"","ast-main-header-display":"","ast-hfb-above-header-display":"","ast-hfb-below-header-display":"","ast-hfb-mobile-header-display":"","site-post-title":"","ast-breadcrumbs-content":"","ast-featured-img":"","footer-sml-layout":"","theme-transparent-header-meta":"","adv-header-id-meta":"","stick-header-meta":"","header-above-stick-meta":"","header-main-stick-meta":"","header-below-stick-meta":""},"pwb-brand":[334],"product_cat":[62],"product_tag":[],"class_list":{"0":"post-52923","1":"product","2":"type-product","3":"status-publish","5":"pwb-brand-japanparts","6":"product_cat-alatukivarsi","7":"desktop-align-left","8":"tablet-align-left","9":"mobile-align-left","11":"first","12":"instock","13":"product-type-external"},"brands":[{"id":334,"name":"JAPANPARTS","slug":"japanparts"}],"_links":{"self":[{"href":"https:\/\/www.autonvaraosahaku.fi\/index.php?rest_route=\/wp\/v2\/product\/52923","targetHints":{"allow":["GET"]}}],"collection":[{"href":"https:\/\/www.autonvaraosahaku.fi\/index.php?rest_route=\/wp\/v2\/product"}],"about":[{"href":"https:\/\/www.autonvaraosahaku.fi\/index.php?rest_route=\/wp\/v2\/types\/product"}],"wp:attachment":[{"href":"https:\/\/www.autonvaraosahaku.fi\/index.php?rest_route=%2Fwp%2Fv2%2Fmedia&parent=52923"}],"wp:term":[{"taxonomy":"pwb-brand","embeddable":true,"href":"https:\/\/www.autonvaraosahaku.fi\/index.php?rest_route=%2Fwp%2Fv2%2Fpwb-brand&post=52923"},{"taxonomy":"product_cat","embeddable":true,"href":"https:\/\/www.autonvaraosahaku.fi\/index.php?rest_route=%2Fwp%2Fv2%2Fproduct_cat&post=52923"},{"taxonomy":"product_tag","embeddable":true,"href":"https:\/\/www.autonvaraosahaku.fi\/index.php?rest_route=%2Fwp%2Fv2%2Fproduct_tag&post=52923"}],"curies":[{"name":"wp","href":"https:\/\/api.w.org\/{rel}","templated":true}]}}