{"id":52955,"date":"2021-02-21T17:43:54","date_gmt":"2021-02-21T17:43:54","guid":{"rendered":"https:\/\/www.autonvaraosahaku.fi\/?product=as-pl-a0270-laturi"},"modified":"2021-02-21T17:43:57","modified_gmt":"2021-02-21T17:43:57","slug":"as-pl-a0270-laturi","status":"publish","type":"product","link":"https:\/\/www.autonvaraosahaku.fi\/?product=as-pl-a0270-laturi","title":{"rendered":"AS-PL A0270 Laturi"},"content":{"rendered":"<p>Pituus 1 (mm): 31,00; Pituus 3 [mm]: 42,00; J\u00e4nnite (V): 12; Laturi varausvirta (A): 150; Hihnapy\u00f6r\u00e4t: V\u00e4lihihnapy\u00f6r\u00e4ll\u00e4; Valmistusvuosi alkaen: 11\/1989; BMW: 3 E46,3 Touring E91,3 E90,5 E60,1 E87,3 Touring E46,X3 E83,3 Compact E46,3 Coupe E46,X1 E84,1 E81,3 Compact E36,3 E36,3 E30,3 Coupe E92,3 Cabriolet E46,3 Coupe E36,Z4 E85,3 Cabriolet E93,1 Cabriolet E88,1 Coupe E82; 12317512151, 12317516098, 12317516104, 12317516107, 12317520495, 12317521384, 12317521385, 12317521490, 12317522962, 12317532966, 12317533270, 7516098, 7520495, 7521384, 7521385, 7521490, 7532966, 7533270; Generaattori<\/p>\n","protected":false},"excerpt":{"rendered":"<p>AS-PL Laturi Brand new AS-PL Starter motor safety switch A0270 Generaattori BMW,3 E46,3 Touring E91,3 E90,5 E60,1 E87,3 Touring E46,X3 E83<\/p>\n","protected":false},"featured_media":0,"template":"","meta":{"site-sidebar-layout":"default","site-content-layout":"default","ast-global-header-display":"","ast-main-header-display":"","ast-hfb-above-header-display":"","ast-hfb-below-header-display":"","ast-hfb-mobile-header-display":"","site-post-title":"","ast-breadcrumbs-content":"","ast-featured-img":"","footer-sml-layout":"","theme-transparent-header-meta":"","adv-header-id-meta":"","stick-header-meta":"","header-above-stick-meta":"","header-main-stick-meta":"","header-below-stick-meta":""},"pwb-brand":[347],"product_cat":[357],"product_tag":[],"class_list":{"0":"post-52955","1":"product","2":"type-product","3":"status-publish","5":"pwb-brand-as-pl","6":"product_cat-laturi","7":"desktop-align-left","8":"tablet-align-left","9":"mobile-align-left","11":"first","12":"instock","13":"product-type-external"},"brands":[{"id":347,"name":"AS-PL","slug":"as-pl"}],"_links":{"self":[{"href":"https:\/\/www.autonvaraosahaku.fi\/index.php?rest_route=\/wp\/v2\/product\/52955","targetHints":{"allow":["GET"]}}],"collection":[{"href":"https:\/\/www.autonvaraosahaku.fi\/index.php?rest_route=\/wp\/v2\/product"}],"about":[{"href":"https:\/\/www.autonvaraosahaku.fi\/index.php?rest_route=\/wp\/v2\/types\/product"}],"wp:attachment":[{"href":"https:\/\/www.autonvaraosahaku.fi\/index.php?rest_route=%2Fwp%2Fv2%2Fmedia&parent=52955"}],"wp:term":[{"taxonomy":"pwb-brand","embeddable":true,"href":"https:\/\/www.autonvaraosahaku.fi\/index.php?rest_route=%2Fwp%2Fv2%2Fpwb-brand&post=52955"},{"taxonomy":"product_cat","embeddable":true,"href":"https:\/\/www.autonvaraosahaku.fi\/index.php?rest_route=%2Fwp%2Fv2%2Fproduct_cat&post=52955"},{"taxonomy":"product_tag","embeddable":true,"href":"https:\/\/www.autonvaraosahaku.fi\/index.php?rest_route=%2Fwp%2Fv2%2Fproduct_tag&post=52955"}],"curies":[{"name":"wp","href":"https:\/\/api.w.org\/{rel}","templated":true}]}}