{"id":52962,"date":"2021-02-21T17:44:00","date_gmt":"2021-02-21T17:44:00","guid":{"rendered":"https:\/\/www.autonvaraosahaku.fi\/?product=metzger-0917302-lammityslaitteen-puhaltimen-vastus"},"modified":"2021-02-21T17:44:00","modified_gmt":"2021-02-21T17:44:00","slug":"metzger-0917302-lammityslaitteen-puhaltimen-vastus","status":"publish","type":"product","link":"https:\/\/www.autonvaraosahaku.fi\/?product=metzger-0917302-lammityslaitteen-puhaltimen-vastus","title":{"rendered":"METZGER 0917302 L\u00e4mmityslaitteen puhaltimen vastus"},"content":{"rendered":"<p>J\u00e4nnite (V): 12; Napojen m\u00e4\u00e4r\u00e4: 4; Varusteet: f\u00fcr Fahrzeuge ohne Klimaautomatik; FORD: FOCUS III Turnier,FOCUS III,C-MAX II,KUGA II DM2,GRAND C-MAX,B-MAX JK,ECOSPORT,FOCUS III Stufenheck,TRANSIT CUSTOM Kasten,TOURNEO CUSTOM Bus,TRANSIT CUSTOM Bus,TOURNEO CONNECT \/ GRAND TOURNEO CONNECT Kombi,TRANSIT CONNECT Kasten,TRANSIT Custom  Bus,GRAND C-MAX Van,TRANSIT Custom Pritsche\/Fahrgestell,C-MAX II Van,TOURNEO COURIER Kombi,B-MAX Van,TRANSIT CONNECT Kombi,TRANSIT COURIER Kasten,KUGA II Van,FOCUS III Kasten\/Schr\u00e4gheck,TRANSIT COURIER Kombi; 1774402, 1804471, AV1118B647AB, AV6N18B647AA<\/p>\n","protected":false},"excerpt":{"rendered":"<p>METZGER S\u00e4\u00e4din, Sis\u00e4valaistus 0917302  FORD,FOCUS III Turnier,FOCUS III,C-MAX II,KUGA II DM2,GRAND C-MAX,B-MAX JK,ECOSPORT,FOCUS III Stufenheck<\/p>\n","protected":false},"featured_media":0,"template":"","meta":{"site-sidebar-layout":"default","site-content-layout":"default","ast-global-header-display":"","ast-main-header-display":"","ast-hfb-above-header-display":"","ast-hfb-below-header-display":"","ast-hfb-mobile-header-display":"","site-post-title":"","ast-breadcrumbs-content":"","ast-featured-img":"","footer-sml-layout":"","theme-transparent-header-meta":"","adv-header-id-meta":"","stick-header-meta":"","header-above-stick-meta":"","header-main-stick-meta":"","header-below-stick-meta":""},"pwb-brand":[69],"product_cat":[134],"product_tag":[],"class_list":{"0":"post-52962","1":"product","2":"type-product","3":"status-publish","5":"pwb-brand-metzger","6":"product_cat-lammityslaitteen-puhaltimen-vastus","7":"desktop-align-left","8":"tablet-align-left","9":"mobile-align-left","11":"first","12":"instock","13":"product-type-external"},"brands":[{"id":69,"name":"METZGER","slug":"metzger"}],"_links":{"self":[{"href":"https:\/\/www.autonvaraosahaku.fi\/index.php?rest_route=\/wp\/v2\/product\/52962","targetHints":{"allow":["GET"]}}],"collection":[{"href":"https:\/\/www.autonvaraosahaku.fi\/index.php?rest_route=\/wp\/v2\/product"}],"about":[{"href":"https:\/\/www.autonvaraosahaku.fi\/index.php?rest_route=\/wp\/v2\/types\/product"}],"wp:attachment":[{"href":"https:\/\/www.autonvaraosahaku.fi\/index.php?rest_route=%2Fwp%2Fv2%2Fmedia&parent=52962"}],"wp:term":[{"taxonomy":"pwb-brand","embeddable":true,"href":"https:\/\/www.autonvaraosahaku.fi\/index.php?rest_route=%2Fwp%2Fv2%2Fpwb-brand&post=52962"},{"taxonomy":"product_cat","embeddable":true,"href":"https:\/\/www.autonvaraosahaku.fi\/index.php?rest_route=%2Fwp%2Fv2%2Fproduct_cat&post=52962"},{"taxonomy":"product_tag","embeddable":true,"href":"https:\/\/www.autonvaraosahaku.fi\/index.php?rest_route=%2Fwp%2Fv2%2Fproduct_tag&post=52962"}],"curies":[{"name":"wp","href":"https:\/\/api.w.org\/{rel}","templated":true}]}}