{"id":53012,"date":"2021-02-21T17:44:12","date_gmt":"2021-02-21T17:44:12","guid":{"rendered":"https:\/\/www.autonvaraosahaku.fi\/?product=hella-8dz-355-209-111-muut-luokat"},"modified":"2021-02-21T17:44:15","modified_gmt":"2021-02-21T17:44:15","slug":"hella-8dz-355-209-111-muut-luokat","status":"publish","type":"product","link":"https:\/\/www.autonvaraosahaku.fi\/?product=hella-8dz-355-209-111-muut-luokat","title":{"rendered":"HELLA 8DZ 355 209-111 Muut luokat"},"content":{"rendered":"<p>Pituus (mm): 19,7; Kierremitta: M10x1,5; Materiaali: Ter\u00e4s; Pinta: Geomet\u00aerisoitu; Ruuvikanta\/mutteriprofiili: Torx, sis\u00e4; M\u00e4\u00e4r\u00e4: 2; Teknisten tietojen numero: PAG0011; Asennuspuoli: Vorderachse; LAND ROVER: RANGE ROVER EVOQUE LV,RANGE ROVER SPORT LW,RANGE ROVER IV LG,DISCOVERY SPORT LC; VOLVO: XC60,V70 III BW,V60,C70 II Cabriolet,V40 Schr\u00e4gheck,XC70 II,S80 II AS,S60 II; JAGUAR: F-TYPE Cabriolet; FORD: ESCORT VI Cabriolet ALL,ESCORT VI GAL,ESCORT V Cabriolet ALL,ESCORT V GAL,ORION III GAL; 1430478, 1613207, 6610326, W503732S309, W711462S442, JDE29531, LR002080, 30741279<\/p>\n","protected":false},"excerpt":{"rendered":"<p>HELLA Ruuvi, Jarrulevy 8DZ 355 209-111  LAND ROVER,VOLVO,JAGUAR,RANGE ROVER EVOQUE LV,RANGE ROVER SPORT LW,RANGE ROVER IV LG,DISCOVERY SPORT LC,XC60<\/p>\n","protected":false},"featured_media":0,"template":"","meta":{"site-sidebar-layout":"default","site-content-layout":"default","ast-global-header-display":"","ast-main-header-display":"","ast-hfb-above-header-display":"","ast-hfb-below-header-display":"","ast-hfb-mobile-header-display":"","site-post-title":"","ast-breadcrumbs-content":"","ast-featured-img":"","footer-sml-layout":"","theme-transparent-header-meta":"","adv-header-id-meta":"","stick-header-meta":"","header-above-stick-meta":"","header-main-stick-meta":"","header-below-stick-meta":""},"pwb-brand":[24],"product_cat":[37],"product_tag":[],"class_list":{"0":"post-53012","1":"product","2":"type-product","3":"status-publish","5":"pwb-brand-hella","6":"product_cat-muut-luokat","7":"desktop-align-left","8":"tablet-align-left","9":"mobile-align-left","11":"first","12":"instock","13":"product-type-external"},"brands":[{"id":24,"name":"HELLA","slug":"hella"}],"_links":{"self":[{"href":"https:\/\/www.autonvaraosahaku.fi\/index.php?rest_route=\/wp\/v2\/product\/53012","targetHints":{"allow":["GET"]}}],"collection":[{"href":"https:\/\/www.autonvaraosahaku.fi\/index.php?rest_route=\/wp\/v2\/product"}],"about":[{"href":"https:\/\/www.autonvaraosahaku.fi\/index.php?rest_route=\/wp\/v2\/types\/product"}],"wp:attachment":[{"href":"https:\/\/www.autonvaraosahaku.fi\/index.php?rest_route=%2Fwp%2Fv2%2Fmedia&parent=53012"}],"wp:term":[{"taxonomy":"pwb-brand","embeddable":true,"href":"https:\/\/www.autonvaraosahaku.fi\/index.php?rest_route=%2Fwp%2Fv2%2Fpwb-brand&post=53012"},{"taxonomy":"product_cat","embeddable":true,"href":"https:\/\/www.autonvaraosahaku.fi\/index.php?rest_route=%2Fwp%2Fv2%2Fproduct_cat&post=53012"},{"taxonomy":"product_tag","embeddable":true,"href":"https:\/\/www.autonvaraosahaku.fi\/index.php?rest_route=%2Fwp%2Fv2%2Fproduct_tag&post=53012"}],"curies":[{"name":"wp","href":"https:\/\/api.w.org\/{rel}","templated":true}]}}