{"id":53033,"date":"2021-02-21T17:44:18","date_gmt":"2021-02-21T17:44:18","guid":{"rendered":"https:\/\/www.autonvaraosahaku.fi\/?product=dakatec-300320-jouset"},"modified":"2021-02-21T17:44:21","modified_gmt":"2021-02-21T17:44:21","slug":"dakatec-300320-jouset","status":"publish","type":"product","link":"https:\/\/www.autonvaraosahaku.fi\/?product=dakatec-300320-jouset","title":{"rendered":"DAKAtec 300320 Jouset"},"content":{"rendered":"<p>Asennuspuoli: Taka-akseli; Paksuus [mm]: 9,6; L\u00e4pimitta [mm]: 103,5; Pituus (mm): 339,0; Jousimalli: Kierrejousi; Kierroslukum\u00e4\u00e4r\u00e4: 7,75; Paino [g]: 2000; Alustarakenne: f\u00fcr Fahrzeuge ohne Sportfahrwerk; VW: POLO 9N_,POLO Stufenheck 9A4; SKODA: FABIA,FABIA NJ3; SEAT: IBIZA IV 6L1,IBIZA V ST 6J8, 6P8,CORDOBA 6L2; 6Q0511115AG, 6Q0511115AQ, 6Q0511115BG, 6Q0511115BH, 6Q0511115K, 6Q0511115L; Kierrejousi<\/p>\n","protected":false},"excerpt":{"rendered":"<p>DAKAtec Jousi 300320 Kierrejousi VW,SKODA,SEAT,POLO 9N_,POLO Stufenheck 9A4,FABIA,FABIA NJ3,IBIZA IV 6L1,IBIZA V ST 6J8, 6P8,CORDOBA 6L2<\/p>\n","protected":false},"featured_media":0,"template":"","meta":{"site-sidebar-layout":"default","site-content-layout":"default","ast-global-header-display":"","ast-main-header-display":"","ast-hfb-above-header-display":"","ast-hfb-below-header-display":"","ast-hfb-mobile-header-display":"","site-post-title":"","ast-breadcrumbs-content":"","ast-featured-img":"","footer-sml-layout":"","theme-transparent-header-meta":"","adv-header-id-meta":"","stick-header-meta":"","header-above-stick-meta":"","header-main-stick-meta":"","header-below-stick-meta":""},"pwb-brand":[283],"product_cat":[171],"product_tag":[],"class_list":{"0":"post-53033","1":"product","2":"type-product","3":"status-publish","5":"pwb-brand-dakatec","6":"product_cat-jouset","7":"desktop-align-left","8":"tablet-align-left","9":"mobile-align-left","11":"first","12":"instock","13":"product-type-external"},"brands":[{"id":283,"name":"DAKAtec","slug":"dakatec"}],"_links":{"self":[{"href":"https:\/\/www.autonvaraosahaku.fi\/index.php?rest_route=\/wp\/v2\/product\/53033","targetHints":{"allow":["GET"]}}],"collection":[{"href":"https:\/\/www.autonvaraosahaku.fi\/index.php?rest_route=\/wp\/v2\/product"}],"about":[{"href":"https:\/\/www.autonvaraosahaku.fi\/index.php?rest_route=\/wp\/v2\/types\/product"}],"wp:attachment":[{"href":"https:\/\/www.autonvaraosahaku.fi\/index.php?rest_route=%2Fwp%2Fv2%2Fmedia&parent=53033"}],"wp:term":[{"taxonomy":"pwb-brand","embeddable":true,"href":"https:\/\/www.autonvaraosahaku.fi\/index.php?rest_route=%2Fwp%2Fv2%2Fpwb-brand&post=53033"},{"taxonomy":"product_cat","embeddable":true,"href":"https:\/\/www.autonvaraosahaku.fi\/index.php?rest_route=%2Fwp%2Fv2%2Fproduct_cat&post=53033"},{"taxonomy":"product_tag","embeddable":true,"href":"https:\/\/www.autonvaraosahaku.fi\/index.php?rest_route=%2Fwp%2Fv2%2Fproduct_tag&post=53033"}],"curies":[{"name":"wp","href":"https:\/\/api.w.org\/{rel}","templated":true}]}}