{"id":53034,"date":"2021-02-21T17:44:18","date_gmt":"2021-02-21T17:44:18","guid":{"rendered":"https:\/\/www.autonvaraosahaku.fi\/?product=topran-109-329-muut-luokat"},"modified":"2021-02-21T17:44:21","modified_gmt":"2021-02-21T17:44:21","slug":"topran-109-329-muut-luokat","status":"publish","type":"product","link":"https:\/\/www.autonvaraosahaku.fi\/?product=topran-109-329-muut-luokat","title":{"rendered":"TOPRAN 109 329 Muut luokat"},"content":{"rendered":"<p>Ruuvikanta\/mutteriprofiili: Kaksitoistakulma; Pultti\/mutteri malli: Kartiolla, Levityspultti; Kierremitta: M 16; Huomioi ajoneuvovalmistajan vaatimukset: ; Kokonaispituus (mm): 66; Kierrenousu (mm): 1,5; Kovuusluokka: 10.9; Ruuvin pituus ilman p\u00e4\u00e4t\u00e4: 54; Moottorinumero: CMXA; VW: GOLF IV 1J1,GOLF V 1K1,POLO 9N_,TOURAN 1T1, 1T2,GOLF VI 5K1,PASSAT Variant 3C5,GOLF PLUS 5M1, 521,PASSAT 3C2,POLO 6R, 6C,TIGUAN 5N_,PASSAT Variant 365,GOLF IV Variant 1J5,GOLF VII 5G1, BE1,SHARAN 7M8, 7M9, 7M6,CADDY III Kombi 2KB, 2KJ, 2CB, 2CJ,PASSAT Variant 3B5,TRANSPORTER V Bus 7HB, 7HJ, 7EB, 7EJ, 7EF,TOURAN 1T3,GOLF VI Variant AJ5,GOLF V Variant 1K5,CADDY III Kasten 2KA, 2KH, 2CA, 2CH,BORA 1J2,GOLF VII Kombi BA5,PASSAT 3B2,SCIROCCO 137, 138,TRANSPORTER V Kasten 7HA, 7HH, 7EA, 7EH,NEW BEETLE 9C1, 1C1,SHARAN 7N1, 7N2,CRAFTER 30-50 Kasten 2E_,NEW BEETLE Cabriolet 1Y7,JETTA III 1K2,PASSAT 362,POLO CLASSIC 6KV2,AMAROK 2H_, S1B,CC 358,BEETLE 5C1,JETTA IV 162, 163,CRAFTER 30-35 Bus 2E_,TRANSPORTER V Pritsche\/Fahrgestell 7JD, 7JE, 7JL, 7JY, 7JZ,,CADDY II Kombi 9K9B,CRAFTER 30-50 Pritsche\/Fahrgestell 2F_,PASSAT Variant 3G5,GOLF SPORTSVAN AM1,TOURAN,CADDY IV Kombi SAB, SAJ,TRANSPORTER VI Bus SGB, SGG, SGJ,PASSAT 3G2,TRANSPORTER VI Kasten SGA, SGH,POLO AW1, BZ1,CADDY ; AUDI: A6 Avant 4F5, C6,A3 8P1,A3 8L1,A3 Sportback 8PA,A4 8D2, B5,A4 Avant 8ED, B7,A4 Avant 8E5, B6,A4 Avant 8D5, B5,A4 8E2, B6,Q5 8R,A6 4B2, C5,A6 Avant 4G5, C7, 4GD,A5 8T3,A5 Sportback 8TA,A4 8EC, B7,TT 8N3,A3 Sportback 8VA,TT 8J3,Q3 8U,A6 4G2, C7, 4GC,TT Roadster 8N9,A3 Limousine 8VS,TT Roadster 8J9,A3 8V1,A4 Avant 8W5, B9,A4 8W2, B9,TT FV3,Q5 FY,A5 Sportback F5A,Q2 GA,TT Roadster FV9; SKODA: OCTAVIA Combi 1Z5,FABIA Combi 6Y5,FABIA 6Y2,OCTAVIA Combi 1U5,OCTAVIA Combi 5E5,YETI 5L,SUPERB Kombi 3T5,OCTAVIA 1Z3,OCTAVIA 1U2,SUPERB 3U4,SUPERB 3T4,RAPID Spaceback NH1,FABIA Stufenheck 6Y3,OCTAVIA 5E3,RAPID NH3,FABIA NJ3,FABIA Kombi NJ5,SUPERB Kombi 3V5,SUPERB 3V3; SEAT: IBIZA IV 6L1,LEON 1P1,LEON 1M1,ALTEA 5P1,ALHAMBRA 7V8, 7V9,LEON 5F1,ALTEA XL 5P5, 5P8,LEON ST 5F8,IBIZA V ST 6J8, 6P8,EXEO ST 3R5,ALHAMBRA 710, 711,IBIZA II 6K1,TOLEDO II 1M2,IBIZA V SPORTCOUPE 6J1, 6P1,EXEO 3R2,CORDOBA 6K1, 6K2,CORDOBA 6L2,TOLEDO III 5P2,INCA 6K9,TOLEDO IV KG3,ATECA KH7; 038105229, 06A105229, WHT005322, 038105229, 06A105229, WHT005322, 038105229, 06A105229, WHT005322, 038105229, 06A105229, WHT005322<\/p>\n","protected":false},"excerpt":{"rendered":"<p>TOPRAN Hihnapy\u00f6r\u00e4n Ruuvi 109 329  VW,AUDI,SKODA,GOLF IV 1J1,GOLF V 1K1,POLO 9N_,TOURAN 1T1, 1T2,GOLF VI 5K1,PASSAT Variant 3C5,GOLF PLUS 5M1, 521<\/p>\n","protected":false},"featured_media":0,"template":"","meta":{"site-sidebar-layout":"default","site-content-layout":"default","ast-global-header-display":"","ast-main-header-display":"","ast-hfb-above-header-display":"","ast-hfb-below-header-display":"","ast-hfb-mobile-header-display":"","site-post-title":"","ast-breadcrumbs-content":"","ast-featured-img":"","footer-sml-layout":"","theme-transparent-header-meta":"","adv-header-id-meta":"","stick-header-meta":"","header-above-stick-meta":"","header-main-stick-meta":"","header-below-stick-meta":""},"pwb-brand":[18],"product_cat":[37],"product_tag":[],"class_list":{"0":"post-53034","1":"product","2":"type-product","3":"status-publish","5":"pwb-brand-topran","6":"product_cat-muut-luokat","7":"desktop-align-left","8":"tablet-align-left","9":"mobile-align-left","11":"first","12":"instock","13":"product-type-external"},"brands":[{"id":18,"name":"TOPRAN","slug":"topran"}],"_links":{"self":[{"href":"https:\/\/www.autonvaraosahaku.fi\/index.php?rest_route=\/wp\/v2\/product\/53034","targetHints":{"allow":["GET"]}}],"collection":[{"href":"https:\/\/www.autonvaraosahaku.fi\/index.php?rest_route=\/wp\/v2\/product"}],"about":[{"href":"https:\/\/www.autonvaraosahaku.fi\/index.php?rest_route=\/wp\/v2\/types\/product"}],"wp:attachment":[{"href":"https:\/\/www.autonvaraosahaku.fi\/index.php?rest_route=%2Fwp%2Fv2%2Fmedia&parent=53034"}],"wp:term":[{"taxonomy":"pwb-brand","embeddable":true,"href":"https:\/\/www.autonvaraosahaku.fi\/index.php?rest_route=%2Fwp%2Fv2%2Fpwb-brand&post=53034"},{"taxonomy":"product_cat","embeddable":true,"href":"https:\/\/www.autonvaraosahaku.fi\/index.php?rest_route=%2Fwp%2Fv2%2Fproduct_cat&post=53034"},{"taxonomy":"product_tag","embeddable":true,"href":"https:\/\/www.autonvaraosahaku.fi\/index.php?rest_route=%2Fwp%2Fv2%2Fproduct_tag&post=53034"}],"curies":[{"name":"wp","href":"https:\/\/api.w.org\/{rel}","templated":true}]}}