{"id":53036,"date":"2021-02-21T17:44:18","date_gmt":"2021-02-21T17:44:18","guid":{"rendered":"https:\/\/www.autonvaraosahaku.fi\/?product=master-sport-36856-kit-ms-alatukivarsi"},"modified":"2021-02-21T17:44:22","modified_gmt":"2021-02-21T17:44:22","slug":"master-sport-36856-kit-ms-alatukivarsi","status":"publish","type":"product","link":"https:\/\/www.autonvaraosahaku.fi\/?product=master-sport-36856-kit-ms-alatukivarsi","title":{"rendered":"MASTER-SPORT 36856-KIT-MS Alatukivarsi"},"content":{"rendered":"<p>Asennuspuoli: Etuakseli; M\u00e4\u00e4r\u00e4yksikk\u00f6: Sarja; Nettopaino [kg]: 7,60; Bruttopaino [kg]: 7,68; BMW: 3 Touring E91,3 E90,1 E87,X1 E84,1 E81,3 Coupe E92,3 Cabriolet E93,1 Cabriolet E88,1 Coupe E82; 2405859, 2405860, 2405861, 2405862, 31122405859, 31122405860, 31122405861, 31122405862, 31124036269, 31124036270, 31126763699, 31126763700, 31126763703, 31126763704, 31126763707, 31126763708, 31126769793, 31126769794, 31126769797, 31126769798, 31126769801, 31126769802, 31126770849, 31126770850, 31356765933, 31356765934, 32106767781, 32106767782, 4036269, 4036270, 6763700, 6763703, 6763704, 6763707, 6763708, 6767781, 6767782, 6769793, 6769794, 6769797, 6769798, 6769801, 6769802, 6770849, 6770850<\/p>\n","protected":false},"excerpt":{"rendered":"<p>MASTER-SPORT Tukivarsisarja, Py\u00f6rien Tuenta 36856-KIT-MS  BMW,3 Touring E91,3 E90,1 E87,X1 E84,1 E81,3 Coupe E92,3 Cabriolet E93,1 Cabriolet E88<\/p>\n","protected":false},"featured_media":0,"template":"","meta":{"site-sidebar-layout":"default","site-content-layout":"default","ast-global-header-display":"","ast-main-header-display":"","ast-hfb-above-header-display":"","ast-hfb-below-header-display":"","ast-hfb-mobile-header-display":"","site-post-title":"","ast-breadcrumbs-content":"","ast-featured-img":"","footer-sml-layout":"","theme-transparent-header-meta":"","adv-header-id-meta":"","stick-header-meta":"","header-above-stick-meta":"","header-main-stick-meta":"","header-below-stick-meta":""},"pwb-brand":[61],"product_cat":[62],"product_tag":[],"class_list":{"0":"post-53036","1":"product","2":"type-product","3":"status-publish","5":"pwb-brand-master-sport","6":"product_cat-alatukivarsi","7":"desktop-align-left","8":"tablet-align-left","9":"mobile-align-left","11":"first","12":"instock","13":"product-type-external"},"brands":[{"id":61,"name":"MASTER-SPORT","slug":"master-sport"}],"_links":{"self":[{"href":"https:\/\/www.autonvaraosahaku.fi\/index.php?rest_route=\/wp\/v2\/product\/53036","targetHints":{"allow":["GET"]}}],"collection":[{"href":"https:\/\/www.autonvaraosahaku.fi\/index.php?rest_route=\/wp\/v2\/product"}],"about":[{"href":"https:\/\/www.autonvaraosahaku.fi\/index.php?rest_route=\/wp\/v2\/types\/product"}],"wp:attachment":[{"href":"https:\/\/www.autonvaraosahaku.fi\/index.php?rest_route=%2Fwp%2Fv2%2Fmedia&parent=53036"}],"wp:term":[{"taxonomy":"pwb-brand","embeddable":true,"href":"https:\/\/www.autonvaraosahaku.fi\/index.php?rest_route=%2Fwp%2Fv2%2Fpwb-brand&post=53036"},{"taxonomy":"product_cat","embeddable":true,"href":"https:\/\/www.autonvaraosahaku.fi\/index.php?rest_route=%2Fwp%2Fv2%2Fproduct_cat&post=53036"},{"taxonomy":"product_tag","embeddable":true,"href":"https:\/\/www.autonvaraosahaku.fi\/index.php?rest_route=%2Fwp%2Fv2%2Fproduct_tag&post=53036"}],"curies":[{"name":"wp","href":"https:\/\/api.w.org\/{rel}","templated":true}]}}