{"id":53053,"date":"2021-02-21T17:44:24","date_gmt":"2021-02-21T17:44:24","guid":{"rendered":"https:\/\/www.autonvaraosahaku.fi\/?product=hella-6pa-358-066-981-lambda-anturi"},"modified":"2021-02-21T17:44:27","modified_gmt":"2021-02-21T17:44:27","slug":"hella-6pa-358-066-981-lambda-anturi","status":"publish","type":"product","link":"https:\/\/www.autonvaraosahaku.fi\/?product=hella-6pa-358-066-981-lambda-anturi","title":{"rendered":"HELLA 6PA 358 066-981 Lambda anturi"},"content":{"rendered":"<p>Kaapelinmitta (mm): 250; Napojen m\u00e4\u00e4r\u00e4: 4; Asennuspuoli: vorne; MAZDA: 2 DY; FORD: FIESTA V JH_, JD_,FIESTA VI,FUSION JU_,KA RB_,FIESTA Stufenheck JA8 JR8,STREET KA RL2,B-MAX JK,FIESTA V Van,FIESTA VI Van,KA Van RB,B-MAX Van,KA,KA + Stufenheck; 1148070, 1516718, 1639714, 1673837, 1673972, 1682753, 1743701, 2S6A9G444BA, 8V219G444AA, 8V219G444AB, AE819G444AA, AE819G444AC, AE819G444AD, AE819G444BA, AE819G444BB, AE819G444BC, C60118861; Lambdatunnistin,Happianturi<\/p>\n","protected":false},"excerpt":{"rendered":"<p>HELLA Lambda Anturi 6PA 358 066-981 Lambdatunnistin,Happianturi MAZDA,FORD,2 DY,FIESTA V JH_, JD_,FIESTA VI,FUSION JU_,KA RB_<\/p>\n","protected":false},"featured_media":0,"template":"","meta":{"site-sidebar-layout":"default","site-content-layout":"default","ast-global-header-display":"","ast-main-header-display":"","ast-hfb-above-header-display":"","ast-hfb-below-header-display":"","ast-hfb-mobile-header-display":"","site-post-title":"","ast-breadcrumbs-content":"","ast-featured-img":"","footer-sml-layout":"","theme-transparent-header-meta":"","adv-header-id-meta":"","stick-header-meta":"","header-above-stick-meta":"","header-main-stick-meta":"","header-below-stick-meta":""},"pwb-brand":[24],"product_cat":[264],"product_tag":[],"class_list":{"0":"post-53053","1":"product","2":"type-product","3":"status-publish","5":"pwb-brand-hella","6":"product_cat-lambda-anturi","7":"desktop-align-left","8":"tablet-align-left","9":"mobile-align-left","11":"first","12":"instock","13":"product-type-external"},"brands":[{"id":24,"name":"HELLA","slug":"hella"}],"_links":{"self":[{"href":"https:\/\/www.autonvaraosahaku.fi\/index.php?rest_route=\/wp\/v2\/product\/53053","targetHints":{"allow":["GET"]}}],"collection":[{"href":"https:\/\/www.autonvaraosahaku.fi\/index.php?rest_route=\/wp\/v2\/product"}],"about":[{"href":"https:\/\/www.autonvaraosahaku.fi\/index.php?rest_route=\/wp\/v2\/types\/product"}],"wp:attachment":[{"href":"https:\/\/www.autonvaraosahaku.fi\/index.php?rest_route=%2Fwp%2Fv2%2Fmedia&parent=53053"}],"wp:term":[{"taxonomy":"pwb-brand","embeddable":true,"href":"https:\/\/www.autonvaraosahaku.fi\/index.php?rest_route=%2Fwp%2Fv2%2Fpwb-brand&post=53053"},{"taxonomy":"product_cat","embeddable":true,"href":"https:\/\/www.autonvaraosahaku.fi\/index.php?rest_route=%2Fwp%2Fv2%2Fproduct_cat&post=53053"},{"taxonomy":"product_tag","embeddable":true,"href":"https:\/\/www.autonvaraosahaku.fi\/index.php?rest_route=%2Fwp%2Fv2%2Fproduct_tag&post=53053"}],"curies":[{"name":"wp","href":"https:\/\/api.w.org\/{rel}","templated":true}]}}