{"id":53060,"date":"2021-02-21T17:44:24","date_gmt":"2021-02-21T17:44:24","guid":{"rendered":"https:\/\/www.autonvaraosahaku.fi\/?product=prasco-bw3554-oljynjaahdytin"},"modified":"2021-02-21T17:44:28","modified_gmt":"2021-02-21T17:44:28","slug":"prasco-bw3554-oljynjaahdytin","status":"publish","type":"product","link":"https:\/\/www.autonvaraosahaku.fi\/?product=prasco-bw3554-oljynjaahdytin","title":{"rendered":"PRASCO BW3554 \u00d6ljynj\u00e4\u00e4hdytin"},"content":{"rendered":"<p>Materiaali: Alumiini; J\u00e4\u00e4hdytystapa: Vesij\u00e4\u00e4hdytteinen; Sis\u00e4\u00e4ntulol\u00e4pimitta [mm]: 20,0, 16,0; Ulostulon l\u00e4pimitta [mm]: 20,0, 16,0; Verkon pituus [mm]: 140; Verkon leveys [mm]: 70; Verkon syvyys [mm]: 80; Rakennemalli: 530d; BMW: 3 E46,3 Touring E91,3 E90,5 E60,5 Touring E61,3 Touring E46,X3 E83,3 Coupe E46,X5 E70,X5 E53,3 Coupe E92,3 Cabriolet E46,3 Cabriolet E93,7 E65, E66, E67,X6 E71, E72,6 E63,6 Cabriolet E64; 11427788462; \u00d6ljynlauhdutin,Moottori\u00f6ljyn J\u00e4\u00e4hdytin<\/p>\n","protected":false},"excerpt":{"rendered":"<p>PRASCO \u00d6ljynj\u00e4\u00e4hdytin BW3554 \u00d6ljynlauhdutin,Moottori\u00f6ljyn J\u00e4\u00e4hdytin BMW,3 E46,3 Touring E91,3 E90,5 E60,5 Touring E61,3 Touring E46,X3 E83,3 Coupe E46<\/p>\n","protected":false},"featured_media":0,"template":"","meta":{"site-sidebar-layout":"default","site-content-layout":"default","ast-global-header-display":"","ast-main-header-display":"","ast-hfb-above-header-display":"","ast-hfb-below-header-display":"","ast-hfb-mobile-header-display":"","site-post-title":"","ast-breadcrumbs-content":"","ast-featured-img":"","footer-sml-layout":"","theme-transparent-header-meta":"","adv-header-id-meta":"","stick-header-meta":"","header-above-stick-meta":"","header-main-stick-meta":"","header-below-stick-meta":""},"pwb-brand":[406],"product_cat":[244],"product_tag":[],"class_list":{"0":"post-53060","1":"product","2":"type-product","3":"status-publish","5":"pwb-brand-prasco","6":"product_cat-oljynjaahdytin","7":"desktop-align-left","8":"tablet-align-left","9":"mobile-align-left","11":"first","12":"instock","13":"product-type-external"},"brands":[{"id":406,"name":"PRASCO","slug":"prasco"}],"_links":{"self":[{"href":"https:\/\/www.autonvaraosahaku.fi\/index.php?rest_route=\/wp\/v2\/product\/53060","targetHints":{"allow":["GET"]}}],"collection":[{"href":"https:\/\/www.autonvaraosahaku.fi\/index.php?rest_route=\/wp\/v2\/product"}],"about":[{"href":"https:\/\/www.autonvaraosahaku.fi\/index.php?rest_route=\/wp\/v2\/types\/product"}],"wp:attachment":[{"href":"https:\/\/www.autonvaraosahaku.fi\/index.php?rest_route=%2Fwp%2Fv2%2Fmedia&parent=53060"}],"wp:term":[{"taxonomy":"pwb-brand","embeddable":true,"href":"https:\/\/www.autonvaraosahaku.fi\/index.php?rest_route=%2Fwp%2Fv2%2Fpwb-brand&post=53060"},{"taxonomy":"product_cat","embeddable":true,"href":"https:\/\/www.autonvaraosahaku.fi\/index.php?rest_route=%2Fwp%2Fv2%2Fproduct_cat&post=53060"},{"taxonomy":"product_tag","embeddable":true,"href":"https:\/\/www.autonvaraosahaku.fi\/index.php?rest_route=%2Fwp%2Fv2%2Fproduct_tag&post=53060"}],"curies":[{"name":"wp","href":"https:\/\/api.w.org\/{rel}","templated":true}]}}