{"id":53065,"date":"2021-02-21T17:44:30","date_gmt":"2021-02-21T17:44:30","guid":{"rendered":"https:\/\/www.autonvaraosahaku.fi\/?product=kolbenschmidt-79502600-muut-luokat"},"modified":"2021-02-21T17:44:31","modified_gmt":"2021-02-21T17:44:31","slug":"kolbenschmidt-79502600-muut-luokat","status":"publish","type":"product","link":"https:\/\/www.autonvaraosahaku.fi\/?product=kolbenschmidt-79502600-muut-luokat","title":{"rendered":"KOLBENSCHMIDT 79502600 Muut luokat"},"content":{"rendered":"<p>Vakiomitta (STD): ; M\u00e4\u00e4r\u00e4yksikk\u00f6: Pari; TECDOC-moottorinumero: 24442; SSANGYONG: REXTON W,ACTYON SPORTS I QJ,ACTYON SPORTS II,RODIUS II,ACTYON II; SAAB: 9-3 YS3F,9-5 Kombi YS3E,9-3 Kombi YS3F,9-5 YS3E,9-3 Cabriolet YS3F,9-5 YS3G; SUZUKI: SX4 EY, GY; OPEL: ZAFIRA B A05,ASTRA H Caravan L35,ZAFIRA A F75_,ASTRA G CC F48_, F08_,ASTRA H L48,ASTRA J Sports Tourer,ASTRA G Caravan F35_,INSIGNIA Caravan,VECTRA C Caravan,ASTRA J,ASTRA H GTC L08,SIGNUM,VECTRA C,ZAFIRA TOURER C P12,VECTRA B 36_,VECTRA C GTS,ANTARA,VECTRA B Caravan 31_,ASTRA H TwinTop L67,INSIGNIA,INSIGNIA Stufenheck,ASTRA G Stufenheck F69_,ZAFIRA B Van,ASTRA GTC J,VECTRA B CC 38_,CASCADA W13,ASTRA H Kasten L70,ASTRA G Kasten F70,INSIGNIA A Country Tourer G09,INSIGNIA CC,INSIGNIA B Country Tourer Z18; LANCIA: DELTA III 844,MUSA 350,THESIS 841AX,LYBRA SW 839BX,KAPPA 838A,LYBRA 839AX,KAPPA SW 838B; FIAT: GRANDE PUNTO 199,PUNTO 188,STILO 192,BRAVO II 198,FREEMONT JF_,DOBLO Cargo 223,STILO Multi Wagon 192,DOBLO 119,CROMA 194,IDEA,SEDICI,STRADA Pick-up 178E,MULTIPLA 186,PUNTO Van 188AX,BRAVO I 182,BRAVA 182,MAREA Weekend 185,PALIO Weekend 178DX,MAREA 185; ALFA ROMEO: 147 937,159 Sportwagon 939,156 Sportwagon 932,GIULIETTA 940,156 932,159 939,GT 937,SPIDER 916S_,166 936,BRERA,GTV 916C_,SPIDER 939,145 930,146 930; DR: DR 5; CADILLAC: BLS,BLS Wagon; VAUXHALL: INSIGNIA Mk I A,ZAFIRA Mk II B M75,ASTRA Mk V H CC,VECTRA Mk II C CC,ZAFIRA Mk I A F75,INSIGNIA Mk I A Estate,ASTRA Mk V H Estate,ZAFIRA Mk III P12,VECTRA Mk II C Estate,ASTRA Mk V H Convertible,ASTRA Mk IV G CC,VECTRA Mk II C,ASTRA Mk VI J CC,ASTRA Mk VI J,INSIGNIA Mk I A Sedan,SIGNUM,ASTRA Mk IV G Sedan,VECTRA B CC,VECTRA B Estate,VECTRA B,ASTRA Mk VI J Estate,ASTRAVAN Mk V H,ASTRAVAN Mk IV G,INSIGNIA Mk II B Country Tourer Z18,INSIGNIA Mk I A Country Tourer G09,ASTRA Mk IV G Estate<\/p>\n","protected":false},"excerpt":{"rendered":"<p>KOLBENSCHMIDT V\u00e4lilevy, Kampiakseli 79502600  SSANGYONG,SAAB,SUZUKI,REXTON W,ACTYON SPORTS I QJ,ACTYON SPORTS II,RODIUS II,ACTYON II,9-3 YS3F<\/p>\n","protected":false},"featured_media":0,"template":"","meta":{"site-sidebar-layout":"default","site-content-layout":"default","ast-global-header-display":"","ast-main-header-display":"","ast-hfb-above-header-display":"","ast-hfb-below-header-display":"","ast-hfb-mobile-header-display":"","site-post-title":"","ast-breadcrumbs-content":"","ast-featured-img":"","footer-sml-layout":"","theme-transparent-header-meta":"","adv-header-id-meta":"","stick-header-meta":"","header-above-stick-meta":"","header-main-stick-meta":"","header-below-stick-meta":""},"pwb-brand":[293],"product_cat":[37],"product_tag":[],"class_list":{"0":"post-53065","1":"product","2":"type-product","3":"status-publish","5":"pwb-brand-kolbenschmidt","6":"product_cat-muut-luokat","7":"desktop-align-left","8":"tablet-align-left","9":"mobile-align-left","11":"first","12":"instock","13":"product-type-external"},"brands":[{"id":293,"name":"KOLBENSCHMIDT","slug":"kolbenschmidt"}],"_links":{"self":[{"href":"https:\/\/www.autonvaraosahaku.fi\/index.php?rest_route=\/wp\/v2\/product\/53065","targetHints":{"allow":["GET"]}}],"collection":[{"href":"https:\/\/www.autonvaraosahaku.fi\/index.php?rest_route=\/wp\/v2\/product"}],"about":[{"href":"https:\/\/www.autonvaraosahaku.fi\/index.php?rest_route=\/wp\/v2\/types\/product"}],"wp:attachment":[{"href":"https:\/\/www.autonvaraosahaku.fi\/index.php?rest_route=%2Fwp%2Fv2%2Fmedia&parent=53065"}],"wp:term":[{"taxonomy":"pwb-brand","embeddable":true,"href":"https:\/\/www.autonvaraosahaku.fi\/index.php?rest_route=%2Fwp%2Fv2%2Fpwb-brand&post=53065"},{"taxonomy":"product_cat","embeddable":true,"href":"https:\/\/www.autonvaraosahaku.fi\/index.php?rest_route=%2Fwp%2Fv2%2Fproduct_cat&post=53065"},{"taxonomy":"product_tag","embeddable":true,"href":"https:\/\/www.autonvaraosahaku.fi\/index.php?rest_route=%2Fwp%2Fv2%2Fproduct_tag&post=53065"}],"curies":[{"name":"wp","href":"https:\/\/api.w.org\/{rel}","templated":true}]}}