{"id":53071,"date":"2021-02-21T17:44:30","date_gmt":"2021-02-21T17:44:30","guid":{"rendered":"https:\/\/www.autonvaraosahaku.fi\/?product=pemco-pm0367-5-moottorioljy"},"modified":"2021-02-21T17:44:32","modified_gmt":"2021-02-21T17:44:32","slug":"pemco-pm0367-5-moottorioljy","status":"publish","type":"product","link":"https:\/\/www.autonvaraosahaku.fi\/?product=pemco-pm0367-5-moottorioljy","title":{"rendered":"PEMCO PM0367-5 Moottori\u00f6ljy"},"content":{"rendered":"<p>Tuotelinja: iDRIVE Special; Versio: O.E.M.; Viskositeettiluokka SAE: 5W-30; \u00d6ljy: Synteettinen \u00f6ljy; Erittely: API SM, API CF, ACEA A5, ACEA B5, ACEA A1, ACEA B1, ILSAC GF-4; Valmistajan hyv\u00e4ksym\u00e4: Ford WSS-M2C913-C; Tilavuus (litra): 5; Pakkaustyyppi: Kanisteri; API-m\u00e4\u00e4rittely: CF, SM, ; ACEA-m\u00e4\u00e4rittely: Aktivointi nopeussignaalilla, A5\/B5; FORD: FIESTA V JH_, JD_,MONDEO III Kombi BWY,FOCUS II Kombi DA_,FIESTA VI,MONDEO IV Turnier BA7,FOCUS II DA_,S-MAX WA6,FOCUS III Turnier,FOCUS C-MAX,GALAXY WA6,KUGA I,FUSION JU_,KA RB_,MONDEO III B5Y,C-MAX DM2,FOCUS III,TRANSIT MK-7 Kasten,C-MAX II,RANGER TKE,MONDEO IV BA7,MONDEO III Stufenheck B4Y,KUGA II DM2,GRAND C-MAX,TRANSIT MK-7 Bus,STREET KA RL2,TRANSIT CONNECT P65_, P70_, P80_,FOCUS II Stufenheck DA_,B-MAX JK,FOCUS II Cabriolet,TOURNEO CONNECT,RANGER ES, ET,ECOSPORT,TRANSIT MK-7 Pritsche\/Fahrgestell,FOCUS III Stufenheck,MONDEO IV Stufenheck BA7,TRANSIT TOURNEO FB,TOURNEO CONNECT \/ GRAND TOURNEO CONNECT Kombi,FIESTA V Van,FIESTA VI Van,TRANSIT CONNECT Kasten,MONDEO V Turnier,MONDEO V Schr\u00e4gheck,TOURNEO COURIER Kombi,TRANSIT CONNECT Kombi,TRANSIT COURIER Kasten,TRANSIT COURIER Kombi,KA; LAND ROVER: DEFENDER Station Wagon LD,RANGE ROVER EVOQUE LV,DISCOVERY IV LA,DEFENDER Pick-up LD_,DEFENDER Cabrio LD,RANGE ROVER SPORT LW,RANGE ROVER IV LG,DEFENDER Pritsche\/Fahrgestell LD,DISCOVERY SPORT LC,RANGE ROVER EVOQUE Cabriolet LV_; JAGUAR: XF _J05_, CC9,XJ X35_, _J12_, _J24_<\/p>\n","protected":false},"excerpt":{"rendered":"<p>PEMCO Moottori\u00f6ljy PM0367-5<\/p>\n","protected":false},"featured_media":0,"template":"","meta":{"site-sidebar-layout":"default","site-content-layout":"default","ast-global-header-display":"","ast-main-header-display":"","ast-hfb-above-header-display":"","ast-hfb-below-header-display":"","ast-hfb-mobile-header-display":"","site-post-title":"","ast-breadcrumbs-content":"","ast-featured-img":"","footer-sml-layout":"","theme-transparent-header-meta":"","adv-header-id-meta":"","stick-header-meta":"","header-above-stick-meta":"","header-main-stick-meta":"","header-below-stick-meta":""},"pwb-brand":[352],"product_cat":[129],"product_tag":[],"class_list":{"0":"post-53071","1":"product","2":"type-product","3":"status-publish","5":"pwb-brand-pemco","6":"product_cat-moottorioljy","7":"desktop-align-left","8":"tablet-align-left","9":"mobile-align-left","11":"first","12":"instock","13":"product-type-external"},"brands":[{"id":352,"name":"PEMCO","slug":"pemco"}],"_links":{"self":[{"href":"https:\/\/www.autonvaraosahaku.fi\/index.php?rest_route=\/wp\/v2\/product\/53071","targetHints":{"allow":["GET"]}}],"collection":[{"href":"https:\/\/www.autonvaraosahaku.fi\/index.php?rest_route=\/wp\/v2\/product"}],"about":[{"href":"https:\/\/www.autonvaraosahaku.fi\/index.php?rest_route=\/wp\/v2\/types\/product"}],"wp:attachment":[{"href":"https:\/\/www.autonvaraosahaku.fi\/index.php?rest_route=%2Fwp%2Fv2%2Fmedia&parent=53071"}],"wp:term":[{"taxonomy":"pwb-brand","embeddable":true,"href":"https:\/\/www.autonvaraosahaku.fi\/index.php?rest_route=%2Fwp%2Fv2%2Fpwb-brand&post=53071"},{"taxonomy":"product_cat","embeddable":true,"href":"https:\/\/www.autonvaraosahaku.fi\/index.php?rest_route=%2Fwp%2Fv2%2Fproduct_cat&post=53071"},{"taxonomy":"product_tag","embeddable":true,"href":"https:\/\/www.autonvaraosahaku.fi\/index.php?rest_route=%2Fwp%2Fv2%2Fproduct_tag&post=53071"}],"curies":[{"name":"wp","href":"https:\/\/api.w.org\/{rel}","templated":true}]}}