{"id":53115,"date":"2021-02-21T17:44:41","date_gmt":"2021-02-21T17:44:41","guid":{"rendered":"https:\/\/www.autonvaraosahaku.fi\/?product=ridex-1159s0018-olka-akseli"},"modified":"2021-02-21T17:44:44","modified_gmt":"2021-02-21T17:44:44","slug":"ridex-1159s0018-olka-akseli","status":"publish","type":"product","link":"https:\/\/www.autonvaraosahaku.fi\/?product=ridex-1159s0018-olka-akseli","title":{"rendered":"RIDEX 1159S0018 Olka-akseli"},"content":{"rendered":"<p>Jarrulevyl\u00e4pimitalle [mm]: 256; Asennuspuoli: Etuakseli, vasen; Tarvittava kappalem\u00e4\u00e4r\u00e4: 1; PR-numerolle: 1ZG ,1ZJ , 1LR; VW: POLO 9N_,POLO 6R, 6C; SKODA: FABIA Combi 6Y5,FABIA 6Y2,FABIA Stufenheck 6Y3; SEAT: TOLEDO IV KG3; 6Q0407255AC, 6Q0407255AP, 6Q0407255R, 6Q0407255AC, 6Q0407255AC, 6Q0407255AP, 6Q0407255R; Olka-Akseli, Py\u00f6r\u00e4ntuenta<\/p>\n","protected":false},"excerpt":{"rendered":"<p>RIDEX Olka-Akseli 1159S0018 Olka-Akseli, Py\u00f6r\u00e4ntuenta VW,SKODA,SEAT,POLO 9N_,POLO 6R, 6C,FABIA Combi 6Y5,FABIA 6Y2,FABIA Stufenheck 6Y3,TOLEDO IV KG3<\/p>\n","protected":false},"featured_media":0,"template":"","meta":{"site-sidebar-layout":"default","site-content-layout":"default","ast-global-header-display":"","ast-main-header-display":"","ast-hfb-above-header-display":"","ast-hfb-below-header-display":"","ast-hfb-mobile-header-display":"","site-post-title":"","ast-breadcrumbs-content":"","ast-featured-img":"","footer-sml-layout":"","theme-transparent-header-meta":"","adv-header-id-meta":"","stick-header-meta":"","header-above-stick-meta":"","header-main-stick-meta":"","header-below-stick-meta":""},"pwb-brand":[157],"product_cat":[286],"product_tag":[],"class_list":{"0":"post-53115","1":"product","2":"type-product","3":"status-publish","5":"pwb-brand-ridex","6":"product_cat-olka-akseli","7":"desktop-align-left","8":"tablet-align-left","9":"mobile-align-left","11":"first","12":"instock","13":"product-type-external"},"brands":[{"id":157,"name":"RIDEX","slug":"ridex"}],"_links":{"self":[{"href":"https:\/\/www.autonvaraosahaku.fi\/index.php?rest_route=\/wp\/v2\/product\/53115","targetHints":{"allow":["GET"]}}],"collection":[{"href":"https:\/\/www.autonvaraosahaku.fi\/index.php?rest_route=\/wp\/v2\/product"}],"about":[{"href":"https:\/\/www.autonvaraosahaku.fi\/index.php?rest_route=\/wp\/v2\/types\/product"}],"wp:attachment":[{"href":"https:\/\/www.autonvaraosahaku.fi\/index.php?rest_route=%2Fwp%2Fv2%2Fmedia&parent=53115"}],"wp:term":[{"taxonomy":"pwb-brand","embeddable":true,"href":"https:\/\/www.autonvaraosahaku.fi\/index.php?rest_route=%2Fwp%2Fv2%2Fpwb-brand&post=53115"},{"taxonomy":"product_cat","embeddable":true,"href":"https:\/\/www.autonvaraosahaku.fi\/index.php?rest_route=%2Fwp%2Fv2%2Fproduct_cat&post=53115"},{"taxonomy":"product_tag","embeddable":true,"href":"https:\/\/www.autonvaraosahaku.fi\/index.php?rest_route=%2Fwp%2Fv2%2Fproduct_tag&post=53115"}],"curies":[{"name":"wp","href":"https:\/\/api.w.org\/{rel}","templated":true}]}}