{"id":53142,"date":"2021-02-21T17:44:53","date_gmt":"2021-02-21T17:44:53","guid":{"rendered":"https:\/\/www.autonvaraosahaku.fi\/?product=daco-germany-453301-iskunvaimennin"},"modified":"2021-02-21T17:44:53","modified_gmt":"2021-02-21T17:44:53","slug":"daco-germany-453301-iskunvaimennin","status":"publish","type":"product","link":"https:\/\/www.autonvaraosahaku.fi\/?product=daco-germany-453301-iskunvaimennin","title":{"rendered":"DACO Germany 453301 Iskunvaimennin"},"content":{"rendered":"<p>Asennuspuoli: Etuakseli; Iskunvaimennin tyyppi: Kaasupaine; Iskunvaimennin malli: Joustintuki; Iskunvaimennusj\u00e4rjestelm\u00e4: Kaksiputki; Alustarakenne: f\u00fcr Fahrzeuge ohne Sportfahrwerk; VW: TIGUAN 5N_,BEETLE Cabriolet 5C7; AUDI: A1 8X1, 8XF,A1 Sportback 8XA, 8XK; MERCEDES-BENZ: 190 W201,Stufenheck W124,KOMBI Kombi S124,E-CLASS W124,COUPE C124,E-CLASS Kombi S124,E-CLASS Coupe C124; BMW: 5 Touring E61,1 F20,3 Touring F31,3 F30, F35, F80,1 F21,2 Coupe F22; OPEL: COMBO Tour X12; CITRO\u00cbN: C4 I LC_; 1243200130, 1243200430, 1243200730, 1243200830, 1243201930, 1243202030, 1243202130, 1243202330, 1243202430, 1243203130, 1243203230, 1243203330, 1243203630, 1243203730, 1243203830, 1243203930, 1243204030, 1243204130, 1243204230, 1243204830, 1243205130, 1243205230, 1243205430, 1243205530, 1243205630, 1243206430, 1243206530, 1243207330, 2013200230, 2013200530, 2013200630, 2013200730, 2013200830, 2013201130, 2013201330, 2013201430, 2013201530, 2013201630, 2013201730, 2013202030, 2013202130, 2013202230, 2013202330, 2013202730, 2013203130, 2013203230, 2013203630, 2013203730, 2013203830, 2013203930, 2013204130, 2013204230, 2013204330, 2013204430, A1243203030, A1243203130, A1243203230, A1243203330, A1243203430, A1243203530, A1243205430, A1243206030, A1243206330, A1243206630, A1243206830, A2013203130, A2013203230, A2013203330, A2013203430, A2013204230; Iskarit,Iskunvaimennin<\/p>\n","protected":false},"excerpt":{"rendered":"<p>DACO Germany Iskunvaimentimet 453301 Iskarit,Iskunvaimennin VW,AUDI,MERCEDES-BENZ,TIGUAN 5N_,BEETLE Cabriolet 5C7,A1 8X1, 8XF,A1 Sportback 8XA, 8XK<\/p>\n","protected":false},"featured_media":0,"template":"","meta":{"site-sidebar-layout":"default","site-content-layout":"default","ast-global-header-display":"","ast-main-header-display":"","ast-hfb-above-header-display":"","ast-hfb-below-header-display":"","ast-hfb-mobile-header-display":"","site-post-title":"","ast-breadcrumbs-content":"","ast-featured-img":"","footer-sml-layout":"","theme-transparent-header-meta":"","adv-header-id-meta":"","stick-header-meta":"","header-above-stick-meta":"","header-main-stick-meta":"","header-below-stick-meta":""},"pwb-brand":[349],"product_cat":[80],"product_tag":[],"class_list":{"0":"post-53142","1":"product","2":"type-product","3":"status-publish","5":"pwb-brand-daco-germany","6":"product_cat-iskunvaimennin","7":"desktop-align-left","8":"tablet-align-left","9":"mobile-align-left","11":"first","12":"instock","13":"product-type-external"},"brands":[{"id":349,"name":"DACO Germany","slug":"daco-germany"}],"_links":{"self":[{"href":"https:\/\/www.autonvaraosahaku.fi\/index.php?rest_route=\/wp\/v2\/product\/53142","targetHints":{"allow":["GET"]}}],"collection":[{"href":"https:\/\/www.autonvaraosahaku.fi\/index.php?rest_route=\/wp\/v2\/product"}],"about":[{"href":"https:\/\/www.autonvaraosahaku.fi\/index.php?rest_route=\/wp\/v2\/types\/product"}],"wp:attachment":[{"href":"https:\/\/www.autonvaraosahaku.fi\/index.php?rest_route=%2Fwp%2Fv2%2Fmedia&parent=53142"}],"wp:term":[{"taxonomy":"pwb-brand","embeddable":true,"href":"https:\/\/www.autonvaraosahaku.fi\/index.php?rest_route=%2Fwp%2Fv2%2Fpwb-brand&post=53142"},{"taxonomy":"product_cat","embeddable":true,"href":"https:\/\/www.autonvaraosahaku.fi\/index.php?rest_route=%2Fwp%2Fv2%2Fproduct_cat&post=53142"},{"taxonomy":"product_tag","embeddable":true,"href":"https:\/\/www.autonvaraosahaku.fi\/index.php?rest_route=%2Fwp%2Fv2%2Fproduct_tag&post=53142"}],"curies":[{"name":"wp","href":"https:\/\/api.w.org\/{rel}","templated":true}]}}