{"id":53162,"date":"2021-02-21T17:44:59","date_gmt":"2021-02-21T17:44:59","guid":{"rendered":"https:\/\/www.autonvaraosahaku.fi\/?product=vemo-v33-73-0003-oljynpaineanturi"},"modified":"2021-02-21T17:44:59","modified_gmt":"2021-02-21T17:44:59","slug":"vemo-v33-73-0003-oljynpaineanturi","status":"publish","type":"product","link":"https:\/\/www.autonvaraosahaku.fi\/?product=vemo-v33-73-0003-oljynpaineanturi","title":{"rendered":"VEMO V33-73-0003 \u00d6ljynpaineanturi"},"content":{"rendered":"<p>Napojen m\u00e4\u00e4r\u00e4: 1; lis\u00e4tieto: Original VEMO Quality; Valmistusvuoteen: 12\/2008; JEEP: WRANGLER III JK,CHEROKEE KJ; CHRYSLER: PT CRUISER PT_,VOYAGER IV RG, RS,300 C Touring LX,VOYAGER III GS,GRAND VOYAGER V RT,300 C LX,SEBRING Cabriolet JR,300 M LR,PT CRUISER Cabriolet,SEBRING JR,NEON II,SEBRING JS,SEBRING Cabriolet JS,NEON PL; DODGE: NITRO,JOURNEY,NEON II; 12611500893, 12617513068, 04687649, 4608303, 4608303AB, 4608303BA, 4687649, 4707670, 5149098AA, 5149189AA, 5149261AA, 12611500893, 12617513068; \u00d6ljynpainekytkin<\/p>\n","protected":false},"excerpt":{"rendered":"<p>VEMO \u00d6ljynpaineanturi V33-73-0003 \u00d6ljynpainekytkin JEEP,CHRYSLER,DODGE,WRANGLER III JK,CHEROKEE KJ,PT CRUISER PT_,VOYAGER IV RG, RS,300 C Touring LX<\/p>\n","protected":false},"featured_media":0,"template":"","meta":{"site-sidebar-layout":"default","site-content-layout":"default","ast-global-header-display":"","ast-main-header-display":"","ast-hfb-above-header-display":"","ast-hfb-below-header-display":"","ast-hfb-mobile-header-display":"","site-post-title":"","ast-breadcrumbs-content":"","ast-featured-img":"","footer-sml-layout":"","theme-transparent-header-meta":"","adv-header-id-meta":"","stick-header-meta":"","header-above-stick-meta":"","header-main-stick-meta":"","header-below-stick-meta":""},"pwb-brand":[168],"product_cat":[235],"product_tag":[],"class_list":{"0":"post-53162","1":"product","2":"type-product","3":"status-publish","5":"pwb-brand-vemo","6":"product_cat-oljynpaineanturi","7":"desktop-align-left","8":"tablet-align-left","9":"mobile-align-left","11":"first","12":"instock","13":"product-type-external"},"brands":[{"id":168,"name":"VEMO","slug":"vemo"}],"_links":{"self":[{"href":"https:\/\/www.autonvaraosahaku.fi\/index.php?rest_route=\/wp\/v2\/product\/53162","targetHints":{"allow":["GET"]}}],"collection":[{"href":"https:\/\/www.autonvaraosahaku.fi\/index.php?rest_route=\/wp\/v2\/product"}],"about":[{"href":"https:\/\/www.autonvaraosahaku.fi\/index.php?rest_route=\/wp\/v2\/types\/product"}],"wp:attachment":[{"href":"https:\/\/www.autonvaraosahaku.fi\/index.php?rest_route=%2Fwp%2Fv2%2Fmedia&parent=53162"}],"wp:term":[{"taxonomy":"pwb-brand","embeddable":true,"href":"https:\/\/www.autonvaraosahaku.fi\/index.php?rest_route=%2Fwp%2Fv2%2Fpwb-brand&post=53162"},{"taxonomy":"product_cat","embeddable":true,"href":"https:\/\/www.autonvaraosahaku.fi\/index.php?rest_route=%2Fwp%2Fv2%2Fproduct_cat&post=53162"},{"taxonomy":"product_tag","embeddable":true,"href":"https:\/\/www.autonvaraosahaku.fi\/index.php?rest_route=%2Fwp%2Fv2%2Fproduct_tag&post=53162"}],"curies":[{"name":"wp","href":"https:\/\/api.w.org\/{rel}","templated":true}]}}