{"id":53170,"date":"2021-02-21T17:44:59","date_gmt":"2021-02-21T17:44:59","guid":{"rendered":"https:\/\/www.autonvaraosahaku.fi\/?product=ridex-124c0592-kasijarruvaijeri"},"modified":"2021-02-21T17:45:01","modified_gmt":"2021-02-21T17:45:01","slug":"ridex-124c0592-kasijarruvaijeri","status":"publish","type":"product","link":"https:\/\/www.autonvaraosahaku.fi\/?product=ridex-124c0592-kasijarruvaijeri","title":{"rendered":"RIDEX 124C0592 K\u00e4sijarruvaijeri"},"content":{"rendered":"<p>Asennuspuoli: Takana, Oikea; Jarrutyyppi: Rumpujarru; Tarvittava kappalem\u00e4\u00e4r\u00e4: 1; Paino [kg]: 0,68; Jarru- \/ ajo-ominaisuus: nicht f\u00fcr ABS; TOYOTA: COROLLA Liftback _E11_,COROLLA Compact _E11_,COROLLA Compact _E10_,COROLLA _E11_,COROLLA Wagon __E11_,COROLLA Liftback _E10_,COROLLA Liftback _E9_,COROLLA _E10_,COROLLA Wagon _E10_; 4642002030, 4642012400; Jarruvaijeri,Vaijeri, K\u00e4sijarru<\/p>\n","protected":false},"excerpt":{"rendered":"<p>RIDEX K\u00e4sijarruvaijeri 124C0592 Jarruvaijeri,Vaijeri, K\u00e4sijarru TOYOTA,COROLLA Liftback _E11_,COROLLA Compact _E11_,COROLLA Compact _E10_<\/p>\n","protected":false},"featured_media":0,"template":"","meta":{"site-sidebar-layout":"default","site-content-layout":"default","ast-global-header-display":"","ast-main-header-display":"","ast-hfb-above-header-display":"","ast-hfb-below-header-display":"","ast-hfb-mobile-header-display":"","site-post-title":"","ast-breadcrumbs-content":"","ast-featured-img":"","footer-sml-layout":"","theme-transparent-header-meta":"","adv-header-id-meta":"","stick-header-meta":"","header-above-stick-meta":"","header-main-stick-meta":"","header-below-stick-meta":""},"pwb-brand":[157],"product_cat":[210],"product_tag":[],"class_list":{"0":"post-53170","1":"product","2":"type-product","3":"status-publish","5":"pwb-brand-ridex","6":"product_cat-kasijarruvaijeri","7":"desktop-align-left","8":"tablet-align-left","9":"mobile-align-left","11":"first","12":"instock","13":"product-type-external"},"brands":[{"id":157,"name":"RIDEX","slug":"ridex"}],"_links":{"self":[{"href":"https:\/\/www.autonvaraosahaku.fi\/index.php?rest_route=\/wp\/v2\/product\/53170","targetHints":{"allow":["GET"]}}],"collection":[{"href":"https:\/\/www.autonvaraosahaku.fi\/index.php?rest_route=\/wp\/v2\/product"}],"about":[{"href":"https:\/\/www.autonvaraosahaku.fi\/index.php?rest_route=\/wp\/v2\/types\/product"}],"wp:attachment":[{"href":"https:\/\/www.autonvaraosahaku.fi\/index.php?rest_route=%2Fwp%2Fv2%2Fmedia&parent=53170"}],"wp:term":[{"taxonomy":"pwb-brand","embeddable":true,"href":"https:\/\/www.autonvaraosahaku.fi\/index.php?rest_route=%2Fwp%2Fv2%2Fpwb-brand&post=53170"},{"taxonomy":"product_cat","embeddable":true,"href":"https:\/\/www.autonvaraosahaku.fi\/index.php?rest_route=%2Fwp%2Fv2%2Fproduct_cat&post=53170"},{"taxonomy":"product_tag","embeddable":true,"href":"https:\/\/www.autonvaraosahaku.fi\/index.php?rest_route=%2Fwp%2Fv2%2Fproduct_tag&post=53170"}],"curies":[{"name":"wp","href":"https:\/\/api.w.org\/{rel}","templated":true}]}}