{"id":53173,"date":"2021-02-21T17:44:59","date_gmt":"2021-02-21T17:44:59","guid":{"rendered":"https:\/\/www.autonvaraosahaku.fi\/?product=topran-305-336-muut-luokat"},"modified":"2021-02-21T17:45:01","modified_gmt":"2021-02-21T17:45:01","slug":"topran-305-336-muut-luokat","status":"publish","type":"product","link":"https:\/\/www.autonvaraosahaku.fi\/?product=topran-305-336-muut-luokat","title":{"rendered":"TOPRAN 305 336 Muut luokat"},"content":{"rendered":"<p>Materiaali: Ter\u00e4sputki; Sy\u00f6tt\u00f6 \/ paluu: Sy\u00f6tt\u00f6letku; Lis\u00e4tarvike\/lis\u00e4tieto: Ilman tiivisteit\u00e4; Moottorinumero: DV4TD \/ 8HX; FORD: FIESTA VI; CITRO\u00cbN: C1 PM_, PN_,C3 I FC_,C3 II,C3 Pluriel HB_,NEMO Kasten AA_,NEMO Kombi; PEUGEOT: 207 WA_, WC_,307 3A\/C,107,206 SW 2E\/K,307 Break 3E,BIPPER AA_,BIPPER Tepee; 037936, 037939, 037941, 037953, 037962, 1202486, 1219455, 1319613, 1404780, 1479851, 2S6Q6K679AA, 2S6Q6K679AB, 2S6Q6K679AC, 2S6Q6K679AD, 2S6Q6K679AE, 037936, 037939, 037941, 037953, 037962<\/p>\n","protected":false},"excerpt":{"rendered":"<p>TOPRAN \u00d6ljyjohdin Ahdin 305 336  FORD,CITRO\u00cbN,PEUGEOT,FIESTA VI,C1 PM_, PN_,C3 I FC_,C3 II,C3 Pluriel HB_,NEMO Kasten AA_,NEMO Kombi,207 WA_, WC_<\/p>\n","protected":false},"featured_media":0,"template":"","meta":{"site-sidebar-layout":"default","site-content-layout":"default","ast-global-header-display":"","ast-main-header-display":"","ast-hfb-above-header-display":"","ast-hfb-below-header-display":"","ast-hfb-mobile-header-display":"","site-post-title":"","ast-breadcrumbs-content":"","ast-featured-img":"","footer-sml-layout":"","theme-transparent-header-meta":"","adv-header-id-meta":"","stick-header-meta":"","header-above-stick-meta":"","header-main-stick-meta":"","header-below-stick-meta":""},"pwb-brand":[18],"product_cat":[37],"product_tag":[],"class_list":{"0":"post-53173","1":"product","2":"type-product","3":"status-publish","5":"pwb-brand-topran","6":"product_cat-muut-luokat","7":"desktop-align-left","8":"tablet-align-left","9":"mobile-align-left","11":"first","12":"instock","13":"product-type-external"},"brands":[{"id":18,"name":"TOPRAN","slug":"topran"}],"_links":{"self":[{"href":"https:\/\/www.autonvaraosahaku.fi\/index.php?rest_route=\/wp\/v2\/product\/53173","targetHints":{"allow":["GET"]}}],"collection":[{"href":"https:\/\/www.autonvaraosahaku.fi\/index.php?rest_route=\/wp\/v2\/product"}],"about":[{"href":"https:\/\/www.autonvaraosahaku.fi\/index.php?rest_route=\/wp\/v2\/types\/product"}],"wp:attachment":[{"href":"https:\/\/www.autonvaraosahaku.fi\/index.php?rest_route=%2Fwp%2Fv2%2Fmedia&parent=53173"}],"wp:term":[{"taxonomy":"pwb-brand","embeddable":true,"href":"https:\/\/www.autonvaraosahaku.fi\/index.php?rest_route=%2Fwp%2Fv2%2Fpwb-brand&post=53173"},{"taxonomy":"product_cat","embeddable":true,"href":"https:\/\/www.autonvaraosahaku.fi\/index.php?rest_route=%2Fwp%2Fv2%2Fproduct_cat&post=53173"},{"taxonomy":"product_tag","embeddable":true,"href":"https:\/\/www.autonvaraosahaku.fi\/index.php?rest_route=%2Fwp%2Fv2%2Fproduct_tag&post=53173"}],"curies":[{"name":"wp","href":"https:\/\/api.w.org\/{rel}","templated":true}]}}