{"id":53179,"date":"2021-02-21T17:44:59","date_gmt":"2021-02-21T17:44:59","guid":{"rendered":"https:\/\/www.autonvaraosahaku.fi\/?product=powerflex-pfr66-110-tukivarren-hela"},"modified":"2021-02-21T17:45:03","modified_gmt":"2021-02-21T17:45:03","slug":"powerflex-pfr66-110-tukivarren-hela","status":"publish","type":"product","link":"https:\/\/www.autonvaraosahaku.fi\/?product=powerflex-pfr66-110-tukivarren-hela","title":{"rendered":"Powerflex PFR66-110 Tukivarren hela"},"content":{"rendered":"<p>Materiaali: PU (polyuretaani); Kiinnitysmalli: Kumimetallilaakeri; Ohjausmalli: Poikittaistukivarsi; Asennuspuoli: Taka-akseli, molemminpuolinen, Asennus eteen; Versio: Road Series; M\u00e4\u00e4r\u00e4yksikk\u00f6: Kappale; Tarvittava kappalem\u00e4\u00e4r\u00e4: 2; OPEL: VECTRA B 36_,VECTRA B Caravan 31_,VECTRA B CC 38_; SAAB: 9-5 Kombi YS3E,9-5 YS3E; VAUXHALL: VECTRA B CC,VECTRA B Estate,VECTRA B; 9191309, 9191309<\/p>\n","protected":false},"excerpt":{"rendered":"<p>Powerflex Tukivarren Hela PFR66-110  OPEL,SAAB,VAUXHALL,VECTRA B 36_,VECTRA B Caravan 31_,VECTRA B CC 38_,9-5 Kombi YS3E,9-5 YS3E,VECTRA B CC<\/p>\n","protected":false},"featured_media":0,"template":"","meta":{"site-sidebar-layout":"default","site-content-layout":"default","ast-global-header-display":"","ast-main-header-display":"","ast-hfb-above-header-display":"","ast-hfb-below-header-display":"","ast-hfb-mobile-header-display":"","site-post-title":"","ast-breadcrumbs-content":"","ast-featured-img":"","footer-sml-layout":"","theme-transparent-header-meta":"","adv-header-id-meta":"","stick-header-meta":"","header-above-stick-meta":"","header-main-stick-meta":"","header-below-stick-meta":""},"pwb-brand":[268],"product_cat":[115],"product_tag":[],"class_list":{"0":"post-53179","1":"product","2":"type-product","3":"status-publish","5":"pwb-brand-powerflex","6":"product_cat-tukivarren-hela","7":"desktop-align-left","8":"tablet-align-left","9":"mobile-align-left","11":"first","12":"instock","13":"product-type-external"},"brands":[{"id":268,"name":"Powerflex","slug":"powerflex"}],"_links":{"self":[{"href":"https:\/\/www.autonvaraosahaku.fi\/index.php?rest_route=\/wp\/v2\/product\/53179","targetHints":{"allow":["GET"]}}],"collection":[{"href":"https:\/\/www.autonvaraosahaku.fi\/index.php?rest_route=\/wp\/v2\/product"}],"about":[{"href":"https:\/\/www.autonvaraosahaku.fi\/index.php?rest_route=\/wp\/v2\/types\/product"}],"wp:attachment":[{"href":"https:\/\/www.autonvaraosahaku.fi\/index.php?rest_route=%2Fwp%2Fv2%2Fmedia&parent=53179"}],"wp:term":[{"taxonomy":"pwb-brand","embeddable":true,"href":"https:\/\/www.autonvaraosahaku.fi\/index.php?rest_route=%2Fwp%2Fv2%2Fpwb-brand&post=53179"},{"taxonomy":"product_cat","embeddable":true,"href":"https:\/\/www.autonvaraosahaku.fi\/index.php?rest_route=%2Fwp%2Fv2%2Fproduct_cat&post=53179"},{"taxonomy":"product_tag","embeddable":true,"href":"https:\/\/www.autonvaraosahaku.fi\/index.php?rest_route=%2Fwp%2Fv2%2Fproduct_tag&post=53179"}],"curies":[{"name":"wp","href":"https:\/\/api.w.org\/{rel}","templated":true}]}}