{"id":53192,"date":"2021-02-21T17:45:04","date_gmt":"2021-02-21T17:45:04","guid":{"rendered":"https:\/\/www.autonvaraosahaku.fi\/?product=ridex-13d0038-vetoakseli"},"modified":"2021-02-21T17:45:07","modified_gmt":"2021-02-21T17:45:07","slug":"ridex-13d0038-vetoakseli","status":"publish","type":"product","link":"https:\/\/www.autonvaraosahaku.fi\/?product=ridex-13d0038-vetoakseli","title":{"rendered":"RIDEX 13D0038 Vetoakseli"},"content":{"rendered":"<p>Asennuspuoli: Etuakseli; Pituus (mm): 523; Ulkohammastus, py\u00f6r\u00e4npuoli: 38; Hammasluku, ABS-keh\u00e4: 45; Nivelen l\u00e4pimitta vaihteistopuoli [mm]: 130; Nivelen l\u00e4pimitta py\u00f6r\u00e4puoli [mm]: 98; ABS-keh\u00e4 \u00d8(mm): 81; Reik\u00e4ympyr\u00e4-\u00d8 [mm]: 114; Kierremitta: M16x1,5; Moottorinumero: AGA; AUDI: A6 Avant 4B5, C5,A6 4B2, C5; 4B0407272AP, 4B0407272F, 4B0407452EX, 4B0407452GX<\/p>\n","protected":false},"excerpt":{"rendered":"<p>RIDEX Vetoakseli 13D0038  AUDI,A6 Avant 4B5, C5,A6 4B2, C5<\/p>\n","protected":false},"featured_media":0,"template":"","meta":{"site-sidebar-layout":"default","site-content-layout":"default","ast-global-header-display":"","ast-main-header-display":"","ast-hfb-above-header-display":"","ast-hfb-below-header-display":"","ast-hfb-mobile-header-display":"","site-post-title":"","ast-breadcrumbs-content":"","ast-featured-img":"","footer-sml-layout":"","theme-transparent-header-meta":"","adv-header-id-meta":"","stick-header-meta":"","header-above-stick-meta":"","header-main-stick-meta":"","header-below-stick-meta":""},"pwb-brand":[157],"product_cat":[215],"product_tag":[],"class_list":{"0":"post-53192","1":"product","2":"type-product","3":"status-publish","5":"pwb-brand-ridex","6":"product_cat-vetoakseli","7":"desktop-align-left","8":"tablet-align-left","9":"mobile-align-left","11":"first","12":"instock","13":"product-type-external"},"brands":[{"id":157,"name":"RIDEX","slug":"ridex"}],"_links":{"self":[{"href":"https:\/\/www.autonvaraosahaku.fi\/index.php?rest_route=\/wp\/v2\/product\/53192","targetHints":{"allow":["GET"]}}],"collection":[{"href":"https:\/\/www.autonvaraosahaku.fi\/index.php?rest_route=\/wp\/v2\/product"}],"about":[{"href":"https:\/\/www.autonvaraosahaku.fi\/index.php?rest_route=\/wp\/v2\/types\/product"}],"wp:attachment":[{"href":"https:\/\/www.autonvaraosahaku.fi\/index.php?rest_route=%2Fwp%2Fv2%2Fmedia&parent=53192"}],"wp:term":[{"taxonomy":"pwb-brand","embeddable":true,"href":"https:\/\/www.autonvaraosahaku.fi\/index.php?rest_route=%2Fwp%2Fv2%2Fpwb-brand&post=53192"},{"taxonomy":"product_cat","embeddable":true,"href":"https:\/\/www.autonvaraosahaku.fi\/index.php?rest_route=%2Fwp%2Fv2%2Fproduct_cat&post=53192"},{"taxonomy":"product_tag","embeddable":true,"href":"https:\/\/www.autonvaraosahaku.fi\/index.php?rest_route=%2Fwp%2Fv2%2Fproduct_tag&post=53192"}],"curies":[{"name":"wp","href":"https:\/\/api.w.org\/{rel}","templated":true}]}}