{"id":53196,"date":"2021-02-21T17:45:04","date_gmt":"2021-02-21T17:45:04","guid":{"rendered":"https:\/\/www.autonvaraosahaku.fi\/?product=ridex-2412p0053-peruutustutka-anturit"},"modified":"2021-02-21T17:45:08","modified_gmt":"2021-02-21T17:45:08","slug":"ridex-2412p0053-peruutustutka-anturit","status":"publish","type":"product","link":"https:\/\/www.autonvaraosahaku.fi\/?product=ridex-2412p0053-peruutustutka-anturit","title":{"rendered":"RIDEX 2412P0053 Peruutustutka anturit"},"content":{"rendered":"<p>Tunnistinmalli: Ultra\u00e4\u00e4nitunnistin; Kemialliset ominaisuudet: maalattavissa; Napojen m\u00e4\u00e4r\u00e4: 3; Asennuspuoli: Takana; PEUGEOT: 307 SW 3H,307 CC 3B,307 3A\/C,307 Break 3E; 9646244777; Tunnistin, Et\u00e4isyystunnistin<\/p>\n","protected":false},"excerpt":{"rendered":"<p>RIDEX Peruutustutka Anturit 2412P0053 Tunnistin, Et\u00e4isyystunnistin PEUGEOT,307 SW 3H,307 CC 3B,307 3A\/C,307 Break 3E<\/p>\n","protected":false},"featured_media":0,"template":"","meta":{"site-sidebar-layout":"default","site-content-layout":"default","ast-global-header-display":"","ast-main-header-display":"","ast-hfb-above-header-display":"","ast-hfb-below-header-display":"","ast-hfb-mobile-header-display":"","site-post-title":"","ast-breadcrumbs-content":"","ast-featured-img":"","footer-sml-layout":"","theme-transparent-header-meta":"","adv-header-id-meta":"","stick-header-meta":"","header-above-stick-meta":"","header-main-stick-meta":"","header-below-stick-meta":""},"pwb-brand":[157],"product_cat":[217],"product_tag":[],"class_list":{"0":"post-53196","1":"product","2":"type-product","3":"status-publish","5":"pwb-brand-ridex","6":"product_cat-peruutustutka-anturit","7":"desktop-align-left","8":"tablet-align-left","9":"mobile-align-left","11":"first","12":"instock","13":"product-type-external"},"brands":[{"id":157,"name":"RIDEX","slug":"ridex"}],"_links":{"self":[{"href":"https:\/\/www.autonvaraosahaku.fi\/index.php?rest_route=\/wp\/v2\/product\/53196","targetHints":{"allow":["GET"]}}],"collection":[{"href":"https:\/\/www.autonvaraosahaku.fi\/index.php?rest_route=\/wp\/v2\/product"}],"about":[{"href":"https:\/\/www.autonvaraosahaku.fi\/index.php?rest_route=\/wp\/v2\/types\/product"}],"wp:attachment":[{"href":"https:\/\/www.autonvaraosahaku.fi\/index.php?rest_route=%2Fwp%2Fv2%2Fmedia&parent=53196"}],"wp:term":[{"taxonomy":"pwb-brand","embeddable":true,"href":"https:\/\/www.autonvaraosahaku.fi\/index.php?rest_route=%2Fwp%2Fv2%2Fpwb-brand&post=53196"},{"taxonomy":"product_cat","embeddable":true,"href":"https:\/\/www.autonvaraosahaku.fi\/index.php?rest_route=%2Fwp%2Fv2%2Fproduct_cat&post=53196"},{"taxonomy":"product_tag","embeddable":true,"href":"https:\/\/www.autonvaraosahaku.fi\/index.php?rest_route=%2Fwp%2Fv2%2Fproduct_tag&post=53196"}],"curies":[{"name":"wp","href":"https:\/\/api.w.org\/{rel}","templated":true}]}}