{"id":53205,"date":"2021-02-21T17:45:10","date_gmt":"2021-02-21T17:45:10","guid":{"rendered":"https:\/\/www.autonvaraosahaku.fi\/?product=eibach-r10091-jouset"},"modified":"2021-02-21T17:45:11","modified_gmt":"2021-02-21T17:45:11","slug":"eibach-r10091-jouset","status":"publish","type":"product","link":"https:\/\/www.autonvaraosahaku.fi\/?product=eibach-r10091-jouset","title":{"rendered":"EIBACH R10091 Jouset"},"content":{"rendered":"<p>Asennuspuoli: Taka-akseli; Alustarakenne: Autoihin, joissa vakio alusta; Jousimalli: Kierrejousi kiinte\u00e4ll\u00e4 lankal\u00e4pimitalla; Johtimen l\u00e4pimitta [mm]: 16; Pituus (mm): 190; Vaihdettava pareittain: ; Tarkasta OE-numero: ; Tuotelinja: Single Spring ERL (OE-Replacement); Tuning: 1; VW: GOLF IV 1J1; AUDI: A3 8L1,TT 8N3,TT Roadster 8N9; 1J0511115BG, 1J0511115DD, 1J0511115BM; Kierrejousi<\/p>\n","protected":false},"excerpt":{"rendered":"<p>EIBACH Jousi R10091 Kierrejousi VW,AUDI,GOLF IV 1J1,A3 8L1,TT 8N3,TT Roadster 8N9<\/p>\n","protected":false},"featured_media":0,"template":"","meta":{"site-sidebar-layout":"default","site-content-layout":"default","ast-global-header-display":"","ast-main-header-display":"","ast-hfb-above-header-display":"","ast-hfb-below-header-display":"","ast-hfb-mobile-header-display":"","site-post-title":"","ast-breadcrumbs-content":"","ast-featured-img":"","footer-sml-layout":"","theme-transparent-header-meta":"","adv-header-id-meta":"","stick-header-meta":"","header-above-stick-meta":"","header-main-stick-meta":"","header-below-stick-meta":""},"pwb-brand":[328],"product_cat":[171],"product_tag":[],"class_list":{"0":"post-53205","1":"product","2":"type-product","3":"status-publish","5":"pwb-brand-eibach","6":"product_cat-jouset","7":"desktop-align-left","8":"tablet-align-left","9":"mobile-align-left","11":"first","12":"instock","13":"product-type-external"},"brands":[{"id":328,"name":"EIBACH","slug":"eibach"}],"_links":{"self":[{"href":"https:\/\/www.autonvaraosahaku.fi\/index.php?rest_route=\/wp\/v2\/product\/53205","targetHints":{"allow":["GET"]}}],"collection":[{"href":"https:\/\/www.autonvaraosahaku.fi\/index.php?rest_route=\/wp\/v2\/product"}],"about":[{"href":"https:\/\/www.autonvaraosahaku.fi\/index.php?rest_route=\/wp\/v2\/types\/product"}],"wp:attachment":[{"href":"https:\/\/www.autonvaraosahaku.fi\/index.php?rest_route=%2Fwp%2Fv2%2Fmedia&parent=53205"}],"wp:term":[{"taxonomy":"pwb-brand","embeddable":true,"href":"https:\/\/www.autonvaraosahaku.fi\/index.php?rest_route=%2Fwp%2Fv2%2Fpwb-brand&post=53205"},{"taxonomy":"product_cat","embeddable":true,"href":"https:\/\/www.autonvaraosahaku.fi\/index.php?rest_route=%2Fwp%2Fv2%2Fproduct_cat&post=53205"},{"taxonomy":"product_tag","embeddable":true,"href":"https:\/\/www.autonvaraosahaku.fi\/index.php?rest_route=%2Fwp%2Fv2%2Fproduct_tag&post=53205"}],"curies":[{"name":"wp","href":"https:\/\/api.w.org\/{rel}","templated":true}]}}