{"id":53207,"date":"2021-02-21T17:45:10","date_gmt":"2021-02-21T17:45:10","guid":{"rendered":"https:\/\/www.autonvaraosahaku.fi\/?product=topran-208-829-kampiakselin-hihnapyora"},"modified":"2021-02-21T17:45:11","modified_gmt":"2021-02-21T17:45:11","slug":"topran-208-829-kampiakselin-hihnapyora","status":"publish","type":"product","link":"https:\/\/www.autonvaraosahaku.fi\/?product=topran-208-829-kampiakselin-hihnapyora","title":{"rendered":"TOPRAN 208 829 Kampiakselin hihnapy\u00f6r\u00e4"},"content":{"rendered":"<p>T\u00e4ristys: V\u00e4r\u00e4htelynvaimentimella; Korvaava tuote\/korvaava tiedote 2: kytketty; Materiaali: Kumi-metalli; Hihnapy\u00f6r\u00e4t: Moniurahihnapy\u00f6r\u00e4; Vuosimallista: 2012; CHEVROLET: CRUZE J300,CRUZE Station Wagon J308,CRUZE Schr\u00e4gheck J305,TRAX; OPEL: CORSA D,ZAFIRA B A05,ASTRA H Caravan L35,ASTRA J Sports Tourer,ASTRA J,ASTRA H GTC L08,MERIVA B,MOKKA,ASTRA H Stufenheck L69; VAUXHALL: CORSA Mk III D L_8,ZAFIRA Mk II B M75,ASTRA Mk V H CC,ASTRA Mk VI J,MERIVA Mk II B,ASTRA Mk VI J Estate,MOKKA; 55575960, 98022837, 98039173, 0614172, 0614758, 5614450, 614172, 614758, 55575960, 98022837, 98039173; Hihnapy\u00f6r\u00e4, Kampiakseli<\/p>\n","protected":false},"excerpt":{"rendered":"<p>TOPRAN Kampiakselin Hihnapy\u00f6r\u00e4 208 829 Hihnapy\u00f6r\u00e4, Kampiakseli CHEVROLET,OPEL,VAUXHALL,CRUZE J300,CRUZE Station Wagon J308,CRUZE Schr\u00e4gheck J305,TRAX<\/p>\n","protected":false},"featured_media":0,"template":"","meta":{"site-sidebar-layout":"default","site-content-layout":"default","ast-global-header-display":"","ast-main-header-display":"","ast-hfb-above-header-display":"","ast-hfb-below-header-display":"","ast-hfb-mobile-header-display":"","site-post-title":"","ast-breadcrumbs-content":"","ast-featured-img":"","footer-sml-layout":"","theme-transparent-header-meta":"","adv-header-id-meta":"","stick-header-meta":"","header-above-stick-meta":"","header-main-stick-meta":"","header-below-stick-meta":""},"pwb-brand":[18],"product_cat":[219],"product_tag":[],"class_list":{"0":"post-53207","1":"product","2":"type-product","3":"status-publish","5":"pwb-brand-topran","6":"product_cat-kampiakselin-hihnapyora","7":"desktop-align-left","8":"tablet-align-left","9":"mobile-align-left","11":"first","12":"instock","13":"product-type-external"},"brands":[{"id":18,"name":"TOPRAN","slug":"topran"}],"_links":{"self":[{"href":"https:\/\/www.autonvaraosahaku.fi\/index.php?rest_route=\/wp\/v2\/product\/53207","targetHints":{"allow":["GET"]}}],"collection":[{"href":"https:\/\/www.autonvaraosahaku.fi\/index.php?rest_route=\/wp\/v2\/product"}],"about":[{"href":"https:\/\/www.autonvaraosahaku.fi\/index.php?rest_route=\/wp\/v2\/types\/product"}],"wp:attachment":[{"href":"https:\/\/www.autonvaraosahaku.fi\/index.php?rest_route=%2Fwp%2Fv2%2Fmedia&parent=53207"}],"wp:term":[{"taxonomy":"pwb-brand","embeddable":true,"href":"https:\/\/www.autonvaraosahaku.fi\/index.php?rest_route=%2Fwp%2Fv2%2Fpwb-brand&post=53207"},{"taxonomy":"product_cat","embeddable":true,"href":"https:\/\/www.autonvaraosahaku.fi\/index.php?rest_route=%2Fwp%2Fv2%2Fproduct_cat&post=53207"},{"taxonomy":"product_tag","embeddable":true,"href":"https:\/\/www.autonvaraosahaku.fi\/index.php?rest_route=%2Fwp%2Fv2%2Fproduct_tag&post=53207"}],"curies":[{"name":"wp","href":"https:\/\/api.w.org\/{rel}","templated":true}]}}