{"id":53216,"date":"2021-02-21T17:45:10","date_gmt":"2021-02-21T17:45:10","guid":{"rendered":"https:\/\/www.autonvaraosahaku.fi\/?product=ridex-3826c0021-muut-luokat"},"modified":"2021-02-21T17:45:14","modified_gmt":"2021-02-21T17:45:14","slug":"ridex-3826c0021-muut-luokat","status":"publish","type":"product","link":"https:\/\/www.autonvaraosahaku.fi\/?product=ridex-3826c0021-muut-luokat","title":{"rendered":"RIDEX 3826C0021 Muut luokat"},"content":{"rendered":"<p>K\u00e4ytt\u00f6: S\u00e4hk\u00f6-hydraulinen; Napojen m\u00e4\u00e4r\u00e4: 2; Korvaava tuote\/korvaava tiedote 2: Tiivisterenkaalla; Pistokkeen kotelon muoto: suorakulmainen (rectangular); Moottorinumero: N46; BMW: 3 E46,3 Touring E91,3 E90,5 E60,1 E87,5 Touring E61,3 Touring E46,X3 E83,3 Compact E46,3 Coupe E46,X1 E84,1 E81,X5 E70,X5 E53,3 Coupe E92,3 Cabriolet E46,Z4 E85,3 Cabriolet E93,7 E65, E66, E67,1 Cabriolet E88,1 Coupe E82,6 E63,6 Cabriolet E64; ALPINA: B7 E65; ROLLS-ROYCE: PHANTOM VII RR1,PHANTOM VII Coupe RR3,PHANTOM VII Drophead Coupe RR2; 0149817, 0410035, 11360149817, 11360410035, 11361707323, 11367560462, 1707323, 7560462<\/p>\n","protected":false},"excerpt":{"rendered":"<p>RIDEX S\u00e4\u00e4t\u00f6venttiili, Nokka-Akselin Ajoitus (Vvt) 3826C0021  BMW,ALPINA,ROLLS-ROYCE,3 E46,3 Touring E91,3 E90,5 E60,1 E87,5 Touring E61,3 Touring E46<\/p>\n","protected":false},"featured_media":0,"template":"","meta":{"site-sidebar-layout":"default","site-content-layout":"default","ast-global-header-display":"","ast-main-header-display":"","ast-hfb-above-header-display":"","ast-hfb-below-header-display":"","ast-hfb-mobile-header-display":"","site-post-title":"","ast-breadcrumbs-content":"","ast-featured-img":"","footer-sml-layout":"","theme-transparent-header-meta":"","adv-header-id-meta":"","stick-header-meta":"","header-above-stick-meta":"","header-main-stick-meta":"","header-below-stick-meta":""},"pwb-brand":[157],"product_cat":[37],"product_tag":[],"class_list":{"0":"post-53216","1":"product","2":"type-product","3":"status-publish","5":"pwb-brand-ridex","6":"product_cat-muut-luokat","7":"desktop-align-left","8":"tablet-align-left","9":"mobile-align-left","11":"first","12":"instock","13":"product-type-external"},"brands":[{"id":157,"name":"RIDEX","slug":"ridex"}],"_links":{"self":[{"href":"https:\/\/www.autonvaraosahaku.fi\/index.php?rest_route=\/wp\/v2\/product\/53216","targetHints":{"allow":["GET"]}}],"collection":[{"href":"https:\/\/www.autonvaraosahaku.fi\/index.php?rest_route=\/wp\/v2\/product"}],"about":[{"href":"https:\/\/www.autonvaraosahaku.fi\/index.php?rest_route=\/wp\/v2\/types\/product"}],"wp:attachment":[{"href":"https:\/\/www.autonvaraosahaku.fi\/index.php?rest_route=%2Fwp%2Fv2%2Fmedia&parent=53216"}],"wp:term":[{"taxonomy":"pwb-brand","embeddable":true,"href":"https:\/\/www.autonvaraosahaku.fi\/index.php?rest_route=%2Fwp%2Fv2%2Fpwb-brand&post=53216"},{"taxonomy":"product_cat","embeddable":true,"href":"https:\/\/www.autonvaraosahaku.fi\/index.php?rest_route=%2Fwp%2Fv2%2Fproduct_cat&post=53216"},{"taxonomy":"product_tag","embeddable":true,"href":"https:\/\/www.autonvaraosahaku.fi\/index.php?rest_route=%2Fwp%2Fv2%2Fproduct_tag&post=53216"}],"curies":[{"name":"wp","href":"https:\/\/api.w.org\/{rel}","templated":true}]}}