{"id":53217,"date":"2021-02-21T17:45:10","date_gmt":"2021-02-21T17:45:10","guid":{"rendered":"https:\/\/www.autonvaraosahaku.fi\/?product=febi-bilstein-102040-jakoketju"},"modified":"2021-02-21T17:45:14","modified_gmt":"2021-02-21T17:45:14","slug":"febi-bilstein-102040-jakoketju","status":"publish","type":"product","link":"https:\/\/www.autonvaraosahaku.fi\/?product=febi-bilstein-102040-jakoketju","title":{"rendered":"FEBI BILSTEIN 102040 Jakoketju"},"content":{"rendered":"<p>Ketjurakenne: Yksinkertainen, Ketju koteloitu; Jakoketjun mitat: G53HS, G68HS; Ketjulenkkej\u00e4: 86, 70; Asennuspuoli: Yl\u00e4puolella, Etup\u00e4\u00e4, Alla; Paino [kg]: 1,676; Huomioi huolto-ohjeet: , ; TECDOC-moottorinumero: 26347; BMW: 3 Touring E91,3 E90,5 E60,1 E87,5 Touring E61,X3 E83,5 Touring F11,5 F10, F18,X1 E84,1 E81,1 F20,X3 F25,3 Coupe E92,3 Touring F31,3 F30, F35, F80,3 Cabriolet E93,1 F21,1 Cabriolet E88,1 Coupe E82,5 Gran Turismo F07,3 Gran Turismo F34,4 Coupe F32, F82,X5 F15, F85,2 Coupe F22,4 Cabriolet F33, F83,4 Gran Coupe F36; 11318515699, 11318515699S2, 11318515699S3, 11318570649, 11318570649S3, 11318586699, 11318586699S2, 11318586699S3, 13527797905, 13527797905S2, 13527797905S3, 13528573158, 13528573158S3, 13528573159, 13528573159S3, 13528589971, 13528589971S2, 13528589971S3, 13529886258, 13529886258S2, 13529886258S3, 11318515699, 11318515699S2, 11318586699, 11318586699S2, 13527797905, 13527797905S2, 13528589971, 13528589971S2, 13529886258, 13529886258S2<\/p>\n","protected":false},"excerpt":{"rendered":"<p>FEBI BILSTEIN Jakoketjusarja 102040  BMW,3 Touring E91,3 E90,5 E60,1 E87,5 Touring E61,X3 E83,5 Touring F11,5 F10, F18,X1 E84,1 E81,1 F20,X3 F25<\/p>\n","protected":false},"featured_media":0,"template":"","meta":{"site-sidebar-layout":"default","site-content-layout":"default","ast-global-header-display":"","ast-main-header-display":"","ast-hfb-above-header-display":"","ast-hfb-below-header-display":"","ast-hfb-mobile-header-display":"","site-post-title":"","ast-breadcrumbs-content":"","ast-featured-img":"","footer-sml-layout":"","theme-transparent-header-meta":"","adv-header-id-meta":"","stick-header-meta":"","header-above-stick-meta":"","header-main-stick-meta":"","header-below-stick-meta":""},"pwb-brand":[50],"product_cat":[60],"product_tag":[],"class_list":{"0":"post-53217","1":"product","2":"type-product","3":"status-publish","5":"pwb-brand-febi-bilstein","6":"product_cat-jakoketju","7":"desktop-align-left","8":"tablet-align-left","9":"mobile-align-left","11":"first","12":"instock","13":"product-type-external"},"brands":[{"id":50,"name":"FEBI BILSTEIN","slug":"febi-bilstein"}],"_links":{"self":[{"href":"https:\/\/www.autonvaraosahaku.fi\/index.php?rest_route=\/wp\/v2\/product\/53217","targetHints":{"allow":["GET"]}}],"collection":[{"href":"https:\/\/www.autonvaraosahaku.fi\/index.php?rest_route=\/wp\/v2\/product"}],"about":[{"href":"https:\/\/www.autonvaraosahaku.fi\/index.php?rest_route=\/wp\/v2\/types\/product"}],"wp:attachment":[{"href":"https:\/\/www.autonvaraosahaku.fi\/index.php?rest_route=%2Fwp%2Fv2%2Fmedia&parent=53217"}],"wp:term":[{"taxonomy":"pwb-brand","embeddable":true,"href":"https:\/\/www.autonvaraosahaku.fi\/index.php?rest_route=%2Fwp%2Fv2%2Fpwb-brand&post=53217"},{"taxonomy":"product_cat","embeddable":true,"href":"https:\/\/www.autonvaraosahaku.fi\/index.php?rest_route=%2Fwp%2Fv2%2Fproduct_cat&post=53217"},{"taxonomy":"product_tag","embeddable":true,"href":"https:\/\/www.autonvaraosahaku.fi\/index.php?rest_route=%2Fwp%2Fv2%2Fproduct_tag&post=53217"}],"curies":[{"name":"wp","href":"https:\/\/api.w.org\/{rel}","templated":true}]}}