{"id":53244,"date":"2021-02-21T17:45:23","date_gmt":"2021-02-21T17:45:23","guid":{"rendered":"https:\/\/www.autonvaraosahaku.fi\/?product=ridex-3826c0014-muut-luokat"},"modified":"2021-02-21T17:45:23","modified_gmt":"2021-02-21T17:45:23","slug":"ridex-3826c0014-muut-luokat","status":"publish","type":"product","link":"https:\/\/www.autonvaraosahaku.fi\/?product=ridex-3826c0014-muut-luokat","title":{"rendered":"RIDEX 3826C0014 Muut luokat"},"content":{"rendered":"<p>Asennuspuoli: Imupuoli; K\u00e4ytt\u00f6: S\u00e4hk\u00f6-hydraulinen; Korvaava tuote\/korvaava tiedote 2: Ruuvilla, Tiivisterenkaalla; Napojen m\u00e4\u00e4r\u00e4: 2; Pistokkeen kotelon muoto: Soikea; TECDOC-moottorinumero: 24792; CHEVROLET: CAPTIVA C100, C140,HHR; SAAB: 9-3 Kombi YS3F,9-5 YS3G; OPEL: INSIGNIA Caravan,ANTARA,INSIGNIA,INSIGNIA Stufenheck,ASTRA GTC J,GT Cabriolet; PONTIAC: SOLSTICE Cabriolet; VAUXHALL: INSIGNIA Mk I A,INSIGNIA Mk I A Estate,ANTARA J26, H26,INSIGNIA Mk I A Sedan; 12578517, 12628347, 12646783, 12655420, 12578517, 12628347, 12646783, 12655420, 1235095, 1235116, 12578517, 12628341, 12628347, 12646783, 12655420, 4805105, 4814188, 12578517, 12628347, 12646783, 12655420, 12628347, 12646783, 12655420, 1235095, 1235116, 12578517, 12628347, 12646783, 12655420, 4805105, 4814188<\/p>\n","protected":false},"excerpt":{"rendered":"<p>RIDEX S\u00e4\u00e4t\u00f6venttiili, Nokka-Akselin Ajoitus (Vvt) 3826C0014  CHEVROLET,SAAB,OPEL,CAPTIVA C100, C140,HHR,9-3 Kombi YS3F,9-5 YS3G,INSIGNIA Caravan<\/p>\n","protected":false},"featured_media":0,"template":"","meta":{"site-sidebar-layout":"default","site-content-layout":"default","ast-global-header-display":"","ast-main-header-display":"","ast-hfb-above-header-display":"","ast-hfb-below-header-display":"","ast-hfb-mobile-header-display":"","site-post-title":"","ast-breadcrumbs-content":"","ast-featured-img":"","footer-sml-layout":"","theme-transparent-header-meta":"","adv-header-id-meta":"","stick-header-meta":"","header-above-stick-meta":"","header-main-stick-meta":"","header-below-stick-meta":""},"pwb-brand":[157],"product_cat":[37],"product_tag":[],"class_list":{"0":"post-53244","1":"product","2":"type-product","3":"status-publish","5":"pwb-brand-ridex","6":"product_cat-muut-luokat","7":"desktop-align-left","8":"tablet-align-left","9":"mobile-align-left","11":"first","12":"instock","13":"product-type-external"},"brands":[{"id":157,"name":"RIDEX","slug":"ridex"}],"_links":{"self":[{"href":"https:\/\/www.autonvaraosahaku.fi\/index.php?rest_route=\/wp\/v2\/product\/53244","targetHints":{"allow":["GET"]}}],"collection":[{"href":"https:\/\/www.autonvaraosahaku.fi\/index.php?rest_route=\/wp\/v2\/product"}],"about":[{"href":"https:\/\/www.autonvaraosahaku.fi\/index.php?rest_route=\/wp\/v2\/types\/product"}],"wp:attachment":[{"href":"https:\/\/www.autonvaraosahaku.fi\/index.php?rest_route=%2Fwp%2Fv2%2Fmedia&parent=53244"}],"wp:term":[{"taxonomy":"pwb-brand","embeddable":true,"href":"https:\/\/www.autonvaraosahaku.fi\/index.php?rest_route=%2Fwp%2Fv2%2Fpwb-brand&post=53244"},{"taxonomy":"product_cat","embeddable":true,"href":"https:\/\/www.autonvaraosahaku.fi\/index.php?rest_route=%2Fwp%2Fv2%2Fproduct_cat&post=53244"},{"taxonomy":"product_tag","embeddable":true,"href":"https:\/\/www.autonvaraosahaku.fi\/index.php?rest_route=%2Fwp%2Fv2%2Fproduct_tag&post=53244"}],"curies":[{"name":"wp","href":"https:\/\/api.w.org\/{rel}","templated":true}]}}