{"id":53254,"date":"2021-02-21T17:45:23","date_gmt":"2021-02-21T17:45:23","guid":{"rendered":"https:\/\/www.autonvaraosahaku.fi\/?product=monroe-l10564-alatukivarsi"},"modified":"2021-02-21T17:45:26","modified_gmt":"2021-02-21T17:45:26","slug":"monroe-l10564-alatukivarsi","status":"publish","type":"product","link":"https:\/\/www.autonvaraosahaku.fi\/?product=monroe-l10564-alatukivarsi","title":{"rendered":"MONROE L10564 Alatukivarsi"},"content":{"rendered":"<p>Paino [kg]: 3,350; Tarvittava kappalem\u00e4\u00e4r\u00e4: 1; Ohjausmalli: Poikittaistukivarsi; Korvaava tuote\/korvaava tiedote 2: Alapallo-\/pallonivelell\u00e4, Kumilaakerilla; Pakkauspituus [cm]: 41; Pakkausleveys [cm]: 41; Pakkauskorkeus [mm]: 7; Asennuspuoli: Vorderachse; MAZDA: 2 DE; FORD: FIESTA VI,FIESTA Stufenheck JA8 JR8,FIESTA VI Van; 1521773, 1532433, 1540725, 1700810, 1708226, 1712697, 1737305, 8V513051BB, 8V513051BC, 8V513051BD, 8V513051BE, 8V513051BF, 8V513051BG, 8V513051BH, D65134350, D65134350B, D65134350C, D65134350D, D65134350E; Tukivarsi,Tukivarsi, Py\u00f6r\u00e4ntuenta<\/p>\n","protected":false},"excerpt":{"rendered":"<p>MONROE Alatukivarsi L10564 Tukivarsi,Tukivarsi, Py\u00f6r\u00e4ntuenta MAZDA,FORD,2 DE,FIESTA VI,FIESTA Stufenheck JA8 JR8,FIESTA VI Van<\/p>\n","protected":false},"featured_media":0,"template":"","meta":{"site-sidebar-layout":"default","site-content-layout":"default","ast-global-header-display":"","ast-main-header-display":"","ast-hfb-above-header-display":"","ast-hfb-below-header-display":"","ast-hfb-mobile-header-display":"","site-post-title":"","ast-breadcrumbs-content":"","ast-featured-img":"","footer-sml-layout":"","theme-transparent-header-meta":"","adv-header-id-meta":"","stick-header-meta":"","header-above-stick-meta":"","header-main-stick-meta":"","header-below-stick-meta":""},"pwb-brand":[79],"product_cat":[62],"product_tag":[],"class_list":{"0":"post-53254","1":"product","2":"type-product","3":"status-publish","5":"pwb-brand-monroe","6":"product_cat-alatukivarsi","7":"desktop-align-left","8":"tablet-align-left","9":"mobile-align-left","11":"first","12":"instock","13":"product-type-external"},"brands":[{"id":79,"name":"MONROE","slug":"monroe"}],"_links":{"self":[{"href":"https:\/\/www.autonvaraosahaku.fi\/index.php?rest_route=\/wp\/v2\/product\/53254","targetHints":{"allow":["GET"]}}],"collection":[{"href":"https:\/\/www.autonvaraosahaku.fi\/index.php?rest_route=\/wp\/v2\/product"}],"about":[{"href":"https:\/\/www.autonvaraosahaku.fi\/index.php?rest_route=\/wp\/v2\/types\/product"}],"wp:attachment":[{"href":"https:\/\/www.autonvaraosahaku.fi\/index.php?rest_route=%2Fwp%2Fv2%2Fmedia&parent=53254"}],"wp:term":[{"taxonomy":"pwb-brand","embeddable":true,"href":"https:\/\/www.autonvaraosahaku.fi\/index.php?rest_route=%2Fwp%2Fv2%2Fpwb-brand&post=53254"},{"taxonomy":"product_cat","embeddable":true,"href":"https:\/\/www.autonvaraosahaku.fi\/index.php?rest_route=%2Fwp%2Fv2%2Fproduct_cat&post=53254"},{"taxonomy":"product_tag","embeddable":true,"href":"https:\/\/www.autonvaraosahaku.fi\/index.php?rest_route=%2Fwp%2Fv2%2Fproduct_tag&post=53254"}],"curies":[{"name":"wp","href":"https:\/\/api.w.org\/{rel}","templated":true}]}}