{"id":53309,"date":"2021-02-21T17:45:40","date_gmt":"2021-02-21T17:45:40","guid":{"rendered":"https:\/\/www.autonvaraosahaku.fi\/?product=ridex-7o0218-oljynsuodatin"},"modified":"2021-02-21T17:45:42","modified_gmt":"2021-02-21T17:45:42","slug":"ridex-7o0218-oljynsuodatin","status":"publish","type":"product","link":"https:\/\/www.autonvaraosahaku.fi\/?product=ridex-7o0218-oljynsuodatin","title":{"rendered":"RIDEX 7O0218 \u00d6ljynsuodatin"},"content":{"rendered":"<p>Suodatintyyppi: Suodatinpanos; L\u00e4pimitta [mm]: 58,6; L\u00e4pimitta 2 [mm]: 58600; Korkeus (mm): 106, 106; Korkeus 1 (mm): 101; TECDOC-moottorinumero: 5050; MERCEDES-BENZ: 190 W201,Stufenheck W123,G-CLASS W463,G-CLASS W460,COUPE C123,G-CLASS W461,KOMBI Kombi S123,T1 Bus 601,T1 Pritsche\/Fahrgestell 602,T2\/L Kasten\/Kombi,T1 Kasten 602,T1 Pritsche\/Fahrgestell 601,T2\/LN1 Kasten\/Kombi,T1 Kasten 601,T2\/L Pritsche\/Fahrgestell,T1\/TN Pritsche\/Fahrgestell,G-CLASS Cabrio W463,T2\/LN1 Pritsche\/Fahrgestell,T1\/TN Kasten\/Kombi,T2\/L Kipper,O 309; PUCH: G-MODELL W 460,G-MODELL W 461,G-MODELL W 463; 93156611, 5010234, 5012553, 5017049, 93156611, 0001802409, 1021800009, 1021800109, 1021840325, 1021840425, 1021840825, A0001802409, A1021800009, A1021800109, A1021840325, A1021840825<\/p>\n","protected":false},"excerpt":{"rendered":"<p>RIDEX \u00d6ljynsuodatin 7O0218  MERCEDES-BENZ,PUCH,190 W201,Stufenheck W123,G-CLASS W463,G-CLASS W460,COUPE C123,G-CLASS W461,KOMBI Kombi S123,T1 Bus 601<\/p>\n","protected":false},"featured_media":0,"template":"","meta":{"site-sidebar-layout":"default","site-content-layout":"default","ast-global-header-display":"","ast-main-header-display":"","ast-hfb-above-header-display":"","ast-hfb-below-header-display":"","ast-hfb-mobile-header-display":"","site-post-title":"","ast-breadcrumbs-content":"","ast-featured-img":"","footer-sml-layout":"","theme-transparent-header-meta":"","adv-header-id-meta":"","stick-header-meta":"","header-above-stick-meta":"","header-main-stick-meta":"","header-below-stick-meta":""},"pwb-brand":[157],"product_cat":[30],"product_tag":[],"class_list":{"0":"post-53309","1":"product","2":"type-product","3":"status-publish","5":"pwb-brand-ridex","6":"product_cat-oljynsuodatin","7":"desktop-align-left","8":"tablet-align-left","9":"mobile-align-left","11":"first","12":"instock","13":"product-type-external"},"brands":[{"id":157,"name":"RIDEX","slug":"ridex"}],"_links":{"self":[{"href":"https:\/\/www.autonvaraosahaku.fi\/index.php?rest_route=\/wp\/v2\/product\/53309","targetHints":{"allow":["GET"]}}],"collection":[{"href":"https:\/\/www.autonvaraosahaku.fi\/index.php?rest_route=\/wp\/v2\/product"}],"about":[{"href":"https:\/\/www.autonvaraosahaku.fi\/index.php?rest_route=\/wp\/v2\/types\/product"}],"wp:attachment":[{"href":"https:\/\/www.autonvaraosahaku.fi\/index.php?rest_route=%2Fwp%2Fv2%2Fmedia&parent=53309"}],"wp:term":[{"taxonomy":"pwb-brand","embeddable":true,"href":"https:\/\/www.autonvaraosahaku.fi\/index.php?rest_route=%2Fwp%2Fv2%2Fpwb-brand&post=53309"},{"taxonomy":"product_cat","embeddable":true,"href":"https:\/\/www.autonvaraosahaku.fi\/index.php?rest_route=%2Fwp%2Fv2%2Fproduct_cat&post=53309"},{"taxonomy":"product_tag","embeddable":true,"href":"https:\/\/www.autonvaraosahaku.fi\/index.php?rest_route=%2Fwp%2Fv2%2Fproduct_tag&post=53309"}],"curies":[{"name":"wp","href":"https:\/\/api.w.org\/{rel}","templated":true}]}}