{"id":53330,"date":"2021-02-21T17:45:45","date_gmt":"2021-02-21T17:45:45","guid":{"rendered":"https:\/\/www.autonvaraosahaku.fi\/?product=ridex-13d0235-vetoakseli"},"modified":"2021-02-21T17:45:47","modified_gmt":"2021-02-21T17:45:47","slug":"ridex-13d0235-vetoakseli","status":"publish","type":"product","link":"https:\/\/www.autonvaraosahaku.fi\/?product=ridex-13d0235-vetoakseli","title":{"rendered":"RIDEX 13D0235 Vetoakseli"},"content":{"rendered":"<p>Asennuspuoli: Vasen; Ulkohammastus, py\u00f6r\u00e4npuoli: 28; L\u00e4pimitta tripodirulla [mm]: 37.1; Tiivisteen l\u00e4pimitta [mm]: 67.1; Pituus (mm): 669; OPEL: MOVANO Kasten F9,MOVANO Combi J9,MOVANO Pritsche\/Fahrgestell U9, E9,MOVANO Kipper H9; RENAULT: MASTER II Kasten FD,MASTER II Pritsche\/Fahrgestell ED\/HD\/UD,MASTER II Bus JD; VAUXHALL: MOVANO Mk I A Van FD,MOVANO Mk I A Combi JD; 9109186, 7700102979, 7711135278<\/p>\n","protected":false},"excerpt":{"rendered":"<p>RIDEX Vetoakseli 13D0235  OPEL,RENAULT,VAUXHALL,MOVANO Kasten F9,MOVANO Combi J9,MOVANO Pritsche\/Fahrgestell U9, E9,MOVANO Kipper H9<\/p>\n","protected":false},"featured_media":0,"template":"","meta":{"site-sidebar-layout":"default","site-content-layout":"default","ast-global-header-display":"","ast-main-header-display":"","ast-hfb-above-header-display":"","ast-hfb-below-header-display":"","ast-hfb-mobile-header-display":"","site-post-title":"","ast-breadcrumbs-content":"","ast-featured-img":"","footer-sml-layout":"","theme-transparent-header-meta":"","adv-header-id-meta":"","stick-header-meta":"","header-above-stick-meta":"","header-main-stick-meta":"","header-below-stick-meta":""},"pwb-brand":[157],"product_cat":[215],"product_tag":[],"class_list":{"0":"post-53330","1":"product","2":"type-product","3":"status-publish","5":"pwb-brand-ridex","6":"product_cat-vetoakseli","7":"desktop-align-left","8":"tablet-align-left","9":"mobile-align-left","11":"first","12":"instock","13":"product-type-external"},"brands":[{"id":157,"name":"RIDEX","slug":"ridex"}],"_links":{"self":[{"href":"https:\/\/www.autonvaraosahaku.fi\/index.php?rest_route=\/wp\/v2\/product\/53330","targetHints":{"allow":["GET"]}}],"collection":[{"href":"https:\/\/www.autonvaraosahaku.fi\/index.php?rest_route=\/wp\/v2\/product"}],"about":[{"href":"https:\/\/www.autonvaraosahaku.fi\/index.php?rest_route=\/wp\/v2\/types\/product"}],"wp:attachment":[{"href":"https:\/\/www.autonvaraosahaku.fi\/index.php?rest_route=%2Fwp%2Fv2%2Fmedia&parent=53330"}],"wp:term":[{"taxonomy":"pwb-brand","embeddable":true,"href":"https:\/\/www.autonvaraosahaku.fi\/index.php?rest_route=%2Fwp%2Fv2%2Fpwb-brand&post=53330"},{"taxonomy":"product_cat","embeddable":true,"href":"https:\/\/www.autonvaraosahaku.fi\/index.php?rest_route=%2Fwp%2Fv2%2Fproduct_cat&post=53330"},{"taxonomy":"product_tag","embeddable":true,"href":"https:\/\/www.autonvaraosahaku.fi\/index.php?rest_route=%2Fwp%2Fv2%2Fproduct_tag&post=53330"}],"curies":[{"name":"wp","href":"https:\/\/api.w.org\/{rel}","templated":true}]}}