{"id":53336,"date":"2021-02-21T17:45:45","date_gmt":"2021-02-21T17:45:45","guid":{"rendered":"https:\/\/www.autonvaraosahaku.fi\/?product=alanko-10900005-turboahdin"},"modified":"2021-02-21T17:45:49","modified_gmt":"2021-02-21T17:45:49","slug":"alanko-10900005-turboahdin","status":"publish","type":"product","link":"https:\/\/www.autonvaraosahaku.fi\/?product=alanko-10900005-turboahdin","title":{"rendered":"ALANKO 10900005 Turboahdin"},"content":{"rendered":"<p>Ahtotapa: Pakokaasuahdin; Lis\u00e4tarvike\/lis\u00e4tieto: sis. tiivistesarjan; Varusteet: ajoneuvoille ilman diesel-hiukkasfiltteri\u00e4 (DPF); M\u00e4\u00e4r\u00e4yksikk\u00f6: Kappale; Uusi osa: ; OPEL: CORSA D; LANCIA: YPSILON 843,MUSA 350; FIAT: GRANDE PUNTO 199,PUNTO 188,PANDA 169,DOBLO Cargo 223,500 C 312,DOBLO 119,PANDA Van 169,IDEA,PUNTO Van 188AX; ALFA ROMEO: MITO 955; 71784113, 55201944, 55202637, 5860028, 71724166, 71724702, 71784113, 71784115, 71794552, 73501343, 93191833, 5860030, 5860313, 860121, 860474, 93191993, 5860030, 93191993<\/p>\n","protected":false},"excerpt":{"rendered":"<p>ALANKO Turboahdin 10900005  OPEL,LANCIA,FIAT,CORSA D,YPSILON 843,MUSA 350,GRANDE PUNTO 199,PUNTO 188,PANDA 169,DOBLO Cargo 223,500 C 312,DOBLO 119<\/p>\n","protected":false},"featured_media":0,"template":"","meta":{"site-sidebar-layout":"default","site-content-layout":"default","ast-global-header-display":"","ast-main-header-display":"","ast-hfb-above-header-display":"","ast-hfb-below-header-display":"","ast-hfb-mobile-header-display":"","site-post-title":"","ast-breadcrumbs-content":"","ast-featured-img":"","footer-sml-layout":"","theme-transparent-header-meta":"","adv-header-id-meta":"","stick-header-meta":"","header-above-stick-meta":"","header-main-stick-meta":"","header-below-stick-meta":""},"pwb-brand":[324],"product_cat":[250],"product_tag":[],"class_list":{"0":"post-53336","1":"product","2":"type-product","3":"status-publish","5":"pwb-brand-alanko","6":"product_cat-turboahdin","7":"desktop-align-left","8":"tablet-align-left","9":"mobile-align-left","11":"first","12":"instock","13":"product-type-external"},"brands":[{"id":324,"name":"ALANKO","slug":"alanko"}],"_links":{"self":[{"href":"https:\/\/www.autonvaraosahaku.fi\/index.php?rest_route=\/wp\/v2\/product\/53336","targetHints":{"allow":["GET"]}}],"collection":[{"href":"https:\/\/www.autonvaraosahaku.fi\/index.php?rest_route=\/wp\/v2\/product"}],"about":[{"href":"https:\/\/www.autonvaraosahaku.fi\/index.php?rest_route=\/wp\/v2\/types\/product"}],"wp:attachment":[{"href":"https:\/\/www.autonvaraosahaku.fi\/index.php?rest_route=%2Fwp%2Fv2%2Fmedia&parent=53336"}],"wp:term":[{"taxonomy":"pwb-brand","embeddable":true,"href":"https:\/\/www.autonvaraosahaku.fi\/index.php?rest_route=%2Fwp%2Fv2%2Fpwb-brand&post=53336"},{"taxonomy":"product_cat","embeddable":true,"href":"https:\/\/www.autonvaraosahaku.fi\/index.php?rest_route=%2Fwp%2Fv2%2Fproduct_cat&post=53336"},{"taxonomy":"product_tag","embeddable":true,"href":"https:\/\/www.autonvaraosahaku.fi\/index.php?rest_route=%2Fwp%2Fv2%2Fproduct_tag&post=53336"}],"curies":[{"name":"wp","href":"https:\/\/api.w.org\/{rel}","templated":true}]}}