{"id":53340,"date":"2021-02-21T17:45:45","date_gmt":"2021-02-21T17:45:45","guid":{"rendered":"https:\/\/www.autonvaraosahaku.fi\/?product=alanko-10550673-ilmastoinnin-kompressori"},"modified":"2021-02-21T17:45:50","modified_gmt":"2021-02-21T17:45:50","slug":"alanko-10550673-ilmastoinnin-kompressori","status":"publish","type":"product","link":"https:\/\/www.autonvaraosahaku.fi\/?product=alanko-10550673-ilmastoinnin-kompressori","title":{"rendered":"ALANKO 10550673 Ilmastoinnin kompressori"},"content":{"rendered":"<p>Kompressorin tunnus: CALSONIC; J\u00e4nnite (V): 12; Pistokkeen kotelon muoto: Soikea; Kiinnitysreikien lukum\u00e4\u00e4r\u00e4: 3; Hihnapy\u00f6r\u00e4-\u00d8[mm]: 109; kiiloja: 6; Kompressori\u00f6ljy: PAG 46; \u00d6ljynt\u00e4ytt\u00f6m\u00e4\u00e4r\u00e4 [ml]: 180; M\u00e4\u00e4r\u00e4yksikk\u00f6: Kappale; Uusi osa: ; Moottorinumero: N46B20; BMW: 3 Touring E91,3 E90,1 E87,X1 E84,1 E81,3 Coupe E92,3 Cabriolet E93,1 Cabriolet E88,1 Coupe E82; 64509145351, 64509156821, 64526915380, 6452691538008, 64529145351, 64529156821, 64529182793, 9145351, 9156821, 9182793, A4101541A023; AC Kompressori,Kompressori, Ilmastointilaite<\/p>\n","protected":false},"excerpt":{"rendered":"<p>ALANKO Ilmastoinnin Kompressori 10550673 AC Kompressori,Kompressori, Ilmastointilaite BMW,3 Touring E91,3 E90,1 E87,X1 E84,1 E81,3 Coupe E92<\/p>\n","protected":false},"featured_media":0,"template":"","meta":{"site-sidebar-layout":"default","site-content-layout":"default","ast-global-header-display":"","ast-main-header-display":"","ast-hfb-above-header-display":"","ast-hfb-below-header-display":"","ast-hfb-mobile-header-display":"","site-post-title":"","ast-breadcrumbs-content":"","ast-featured-img":"","footer-sml-layout":"","theme-transparent-header-meta":"","adv-header-id-meta":"","stick-header-meta":"","header-above-stick-meta":"","header-main-stick-meta":"","header-below-stick-meta":""},"pwb-brand":[324],"product_cat":[444],"product_tag":[],"class_list":{"0":"post-53340","1":"product","2":"type-product","3":"status-publish","5":"pwb-brand-alanko","6":"product_cat-ilmastoinnin-kompressori","7":"desktop-align-left","8":"tablet-align-left","9":"mobile-align-left","11":"first","12":"instock","13":"product-type-external"},"brands":[{"id":324,"name":"ALANKO","slug":"alanko"}],"_links":{"self":[{"href":"https:\/\/www.autonvaraosahaku.fi\/index.php?rest_route=\/wp\/v2\/product\/53340","targetHints":{"allow":["GET"]}}],"collection":[{"href":"https:\/\/www.autonvaraosahaku.fi\/index.php?rest_route=\/wp\/v2\/product"}],"about":[{"href":"https:\/\/www.autonvaraosahaku.fi\/index.php?rest_route=\/wp\/v2\/types\/product"}],"wp:attachment":[{"href":"https:\/\/www.autonvaraosahaku.fi\/index.php?rest_route=%2Fwp%2Fv2%2Fmedia&parent=53340"}],"wp:term":[{"taxonomy":"pwb-brand","embeddable":true,"href":"https:\/\/www.autonvaraosahaku.fi\/index.php?rest_route=%2Fwp%2Fv2%2Fpwb-brand&post=53340"},{"taxonomy":"product_cat","embeddable":true,"href":"https:\/\/www.autonvaraosahaku.fi\/index.php?rest_route=%2Fwp%2Fv2%2Fproduct_cat&post=53340"},{"taxonomy":"product_tag","embeddable":true,"href":"https:\/\/www.autonvaraosahaku.fi\/index.php?rest_route=%2Fwp%2Fv2%2Fproduct_tag&post=53340"}],"curies":[{"name":"wp","href":"https:\/\/api.w.org\/{rel}","templated":true}]}}