{"id":53341,"date":"2021-02-21T17:45:45","date_gmt":"2021-02-21T17:45:45","guid":{"rendered":"https:\/\/www.autonvaraosahaku.fi\/?product=alanko-10441842-laturi"},"modified":"2021-02-21T17:45:50","modified_gmt":"2021-02-21T17:45:50","slug":"alanko-10441842-laturi","status":"publish","type":"product","link":"https:\/\/www.autonvaraosahaku.fi\/?product=alanko-10441842-laturi","title":{"rendered":"ALANKO 10441842 Laturi"},"content":{"rendered":"<p>J\u00e4nnite (V): 12; Laturi varausvirta (A): 55; Kiinnitysreikien lukum\u00e4\u00e4r\u00e4: 3, 3; kierrereiki\u00e4 [kpl]: 0; Hihnapy\u00f6r\u00e4-\u00d8[mm]: 88; kiiloja: 1; Hihnapy\u00f6r\u00e4t: Moniurahihnapy\u00f6r\u00e4; Pistokemallin tunnus: B+(M6)\/D+(Jet); Pistokkeen kotelon muoto: Kulmikas; Py\u00f6rimissuunta: Py\u00f6rimissuunta my\u00f6t\u00e4p\u00e4iv\u00e4\u00e4n; M\u00e4\u00e4r\u00e4yksikk\u00f6: Kappale; Uusi osa: ; FIAT: DUCATO Kasten 290,DUCATO Pritsche\/Fahrgestell 290,DUCATO Kasten 280,DUCATO Panorama 290,127,TALENTO Bus 290,127 Panorama; ALFA ROMEO: AR 8 Kasten 280,AR 8 Pritsche\/Fahrgestell 280; IVECO: DAILY II Pritsche\/Fahrgestell,DAILY II Kasten\/Kombi,DAILY I Pritsche\/Fahrgestell,DAILY II Bus,DAILY I Kasten\/Kombi,DAILY II Kipper; 4799364, 4799364, 4808500, 4808502, 4808507, 2995030, 42498240, 42498504, 4799367, 4802574, 4808502, 4808507, 4799364, 4808500, 4808502; Generaattori<\/p>\n","protected":false},"excerpt":{"rendered":"<p>ALANKO Laturi 10441842 Generaattori FIAT,ALFA ROMEO,IVECO,DUCATO Kasten 290,DUCATO Pritsche\/Fahrgestell 290,DUCATO Kasten 280,DUCATO Panorama 290,127<\/p>\n","protected":false},"featured_media":0,"template":"","meta":{"site-sidebar-layout":"default","site-content-layout":"default","ast-global-header-display":"","ast-main-header-display":"","ast-hfb-above-header-display":"","ast-hfb-below-header-display":"","ast-hfb-mobile-header-display":"","site-post-title":"","ast-breadcrumbs-content":"","ast-featured-img":"","footer-sml-layout":"","theme-transparent-header-meta":"","adv-header-id-meta":"","stick-header-meta":"","header-above-stick-meta":"","header-main-stick-meta":"","header-below-stick-meta":""},"pwb-brand":[324],"product_cat":[357],"product_tag":[],"class_list":{"0":"post-53341","1":"product","2":"type-product","3":"status-publish","5":"pwb-brand-alanko","6":"product_cat-laturi","7":"desktop-align-left","8":"tablet-align-left","9":"mobile-align-left","11":"first","12":"instock","13":"product-type-external"},"brands":[{"id":324,"name":"ALANKO","slug":"alanko"}],"_links":{"self":[{"href":"https:\/\/www.autonvaraosahaku.fi\/index.php?rest_route=\/wp\/v2\/product\/53341","targetHints":{"allow":["GET"]}}],"collection":[{"href":"https:\/\/www.autonvaraosahaku.fi\/index.php?rest_route=\/wp\/v2\/product"}],"about":[{"href":"https:\/\/www.autonvaraosahaku.fi\/index.php?rest_route=\/wp\/v2\/types\/product"}],"wp:attachment":[{"href":"https:\/\/www.autonvaraosahaku.fi\/index.php?rest_route=%2Fwp%2Fv2%2Fmedia&parent=53341"}],"wp:term":[{"taxonomy":"pwb-brand","embeddable":true,"href":"https:\/\/www.autonvaraosahaku.fi\/index.php?rest_route=%2Fwp%2Fv2%2Fpwb-brand&post=53341"},{"taxonomy":"product_cat","embeddable":true,"href":"https:\/\/www.autonvaraosahaku.fi\/index.php?rest_route=%2Fwp%2Fv2%2Fproduct_cat&post=53341"},{"taxonomy":"product_tag","embeddable":true,"href":"https:\/\/www.autonvaraosahaku.fi\/index.php?rest_route=%2Fwp%2Fv2%2Fproduct_tag&post=53341"}],"curies":[{"name":"wp","href":"https:\/\/api.w.org\/{rel}","templated":true}]}}