{"id":53343,"date":"2021-02-21T17:45:51","date_gmt":"2021-02-21T17:45:51","guid":{"rendered":"https:\/\/www.autonvaraosahaku.fi\/?product=alanko-10440099-starttimoottori"},"modified":"2021-02-21T17:45:52","modified_gmt":"2021-02-21T17:45:52","slug":"alanko-10440099-starttimoottori","status":"publish","type":"product","link":"https:\/\/www.autonvaraosahaku.fi\/?product=alanko-10440099-starttimoottori","title":{"rendered":"ALANKO 10440099 Starttimoottori"},"content":{"rendered":"<p>J\u00e4nnite (V): 12; K\u00e4ynnistinmoottori teho (kW): 0,7; Hammasluku: 9; Kiinnitysreikien lukum\u00e4\u00e4r\u00e4: 2, 2; kierrereiki\u00e4 [kpl]: 0; Laippa \u00d8(mm): 76; Pistokemallin tunnus: Plug; Py\u00f6rimissuunta: Py\u00f6rimissuunta vastap\u00e4iv\u00e4\u00e4n; M\u00e4\u00e4r\u00e4yksikk\u00f6: Kappale; Uusi osa: ; Valmistusvuosi alkaen: 01\/1970; VW: KAEFER,KAEFER Cabriolet 15,TRANSPORTER II Bus,411412,SAFARI,1500,1600 31,KARMANN GHIA Coupe 14, 34,1500,1600 Schr\u00e4gheck 31,TRANSPORTER II Kasten,KARMANN GHIA Cabriolet 14, 34,TRANSPORTER I Pritsche\/Fahrgestell 26,TRANSPORTER II Pritsche\/Fahrgestell,TRANSPORTER I Kasten 21, 23; PORSCHE: 914; 23300BG3G1, 111911023BT, 111911023C, 111911023D, 311911023B, 311911023C, 311911023D, 311911023DX; Startti,K\u00e4ynnistinmoottori<\/p>\n","protected":false},"excerpt":{"rendered":"<p>ALANKO Starttimoottori 10440099 Startti,K\u00e4ynnistinmoottori VW,PORSCHE,KAEFER,KAEFER Cabriolet 15,TRANSPORTER II Bus,411412,SAFARI,1500,1600 31<\/p>\n","protected":false},"featured_media":0,"template":"","meta":{"site-sidebar-layout":"default","site-content-layout":"default","ast-global-header-display":"","ast-main-header-display":"","ast-hfb-above-header-display":"","ast-hfb-below-header-display":"","ast-hfb-mobile-header-display":"","site-post-title":"","ast-breadcrumbs-content":"","ast-featured-img":"","footer-sml-layout":"","theme-transparent-header-meta":"","adv-header-id-meta":"","stick-header-meta":"","header-above-stick-meta":"","header-main-stick-meta":"","header-below-stick-meta":""},"pwb-brand":[324],"product_cat":[295],"product_tag":[],"class_list":{"0":"post-53343","1":"product","2":"type-product","3":"status-publish","5":"pwb-brand-alanko","6":"product_cat-starttimoottori","7":"desktop-align-left","8":"tablet-align-left","9":"mobile-align-left","11":"first","12":"instock","13":"product-type-external"},"brands":[{"id":324,"name":"ALANKO","slug":"alanko"}],"_links":{"self":[{"href":"https:\/\/www.autonvaraosahaku.fi\/index.php?rest_route=\/wp\/v2\/product\/53343","targetHints":{"allow":["GET"]}}],"collection":[{"href":"https:\/\/www.autonvaraosahaku.fi\/index.php?rest_route=\/wp\/v2\/product"}],"about":[{"href":"https:\/\/www.autonvaraosahaku.fi\/index.php?rest_route=\/wp\/v2\/types\/product"}],"wp:attachment":[{"href":"https:\/\/www.autonvaraosahaku.fi\/index.php?rest_route=%2Fwp%2Fv2%2Fmedia&parent=53343"}],"wp:term":[{"taxonomy":"pwb-brand","embeddable":true,"href":"https:\/\/www.autonvaraosahaku.fi\/index.php?rest_route=%2Fwp%2Fv2%2Fpwb-brand&post=53343"},{"taxonomy":"product_cat","embeddable":true,"href":"https:\/\/www.autonvaraosahaku.fi\/index.php?rest_route=%2Fwp%2Fv2%2Fproduct_cat&post=53343"},{"taxonomy":"product_tag","embeddable":true,"href":"https:\/\/www.autonvaraosahaku.fi\/index.php?rest_route=%2Fwp%2Fv2%2Fproduct_tag&post=53343"}],"curies":[{"name":"wp","href":"https:\/\/api.w.org\/{rel}","templated":true}]}}