{"id":53355,"date":"2021-02-21T17:45:51","date_gmt":"2021-02-21T17:45:51","guid":{"rendered":"https:\/\/www.autonvaraosahaku.fi\/?product=elwis-royal-7042612-tiivisteet"},"modified":"2021-02-21T17:45:54","modified_gmt":"2021-02-21T17:45:54","slug":"elwis-royal-7042612-tiivisteet","status":"publish","type":"product","link":"https:\/\/www.autonvaraosahaku.fi\/?product=elwis-royal-7042612-tiivisteet","title":{"rendered":"ELWIS ROYAL 7042612 Tiivisteet"},"content":{"rendered":"<p>Tarvittava kappalem\u00e4\u00e4r\u00e4: 1; Tiivistetyyppi: Ter\u00e4stiiviste; SUZUKI: WAGON R; OPEL: CORSA D,CORSA C F08, F68,ASTRA H Caravan L35,MERIVA,ASTRA G CC F48_, F08_,ASTRA H L48,ASTRA G Caravan F35_,ASTRA H GTC L08,AGILA A H00,TIGRA TwinTop,ASTRA H TwinTop L67,COMBO Kasten\/Kombi,ASTRA G Stufenheck F69_,COMBO Tour,CORSA D Van,CORSA C Kasten F08, W5L,ASTRA H Stufenheck L69,ASTRA H Kasten L70,ASTRA CLASSIC Caravan,ASTRA CLASSIC L48; VAUXHALL: CORSA Mk III D L_8,ASTRA Mk V H CC,CORSA Mk II C W5L, F08,ASTRA Mk V H Estate,MERIVA Mk I A,CORSAVAN Mk II C,CORSAVAN Mk III D,TIGRA Convertible,AGILA Mk I A,ASTRAVAN Mk V H,COMBO TOUR Mk II C F25,COMBO Mk II C Kasten\/Kombi F25; 1334637, 24428734, 24428737, 1743184E00<\/p>\n","protected":false},"excerpt":{"rendered":"<p>ELWIS ROYAL Tiiviste, Vesipumppu 7042612  SUZUKI,OPEL,VAUXHALL,WAGON R,CORSA D,CORSA C F08, F68,ASTRA H Caravan L35,MERIVA,ASTRA G CC F48_, F08_<\/p>\n","protected":false},"featured_media":0,"template":"","meta":{"site-sidebar-layout":"default","site-content-layout":"default","ast-global-header-display":"","ast-main-header-display":"","ast-hfb-above-header-display":"","ast-hfb-below-header-display":"","ast-hfb-mobile-header-display":"","site-post-title":"","ast-breadcrumbs-content":"","ast-featured-img":"","footer-sml-layout":"","theme-transparent-header-meta":"","adv-header-id-meta":"","stick-header-meta":"","header-above-stick-meta":"","header-main-stick-meta":"","header-below-stick-meta":""},"pwb-brand":[120],"product_cat":[27],"product_tag":[],"class_list":{"0":"post-53355","1":"product","2":"type-product","3":"status-publish","5":"pwb-brand-elwis-royal","6":"product_cat-tiivisteet","7":"desktop-align-left","8":"tablet-align-left","9":"mobile-align-left","11":"first","12":"instock","13":"product-type-external"},"brands":[{"id":120,"name":"ELWIS ROYAL","slug":"elwis-royal"}],"_links":{"self":[{"href":"https:\/\/www.autonvaraosahaku.fi\/index.php?rest_route=\/wp\/v2\/product\/53355","targetHints":{"allow":["GET"]}}],"collection":[{"href":"https:\/\/www.autonvaraosahaku.fi\/index.php?rest_route=\/wp\/v2\/product"}],"about":[{"href":"https:\/\/www.autonvaraosahaku.fi\/index.php?rest_route=\/wp\/v2\/types\/product"}],"wp:attachment":[{"href":"https:\/\/www.autonvaraosahaku.fi\/index.php?rest_route=%2Fwp%2Fv2%2Fmedia&parent=53355"}],"wp:term":[{"taxonomy":"pwb-brand","embeddable":true,"href":"https:\/\/www.autonvaraosahaku.fi\/index.php?rest_route=%2Fwp%2Fv2%2Fpwb-brand&post=53355"},{"taxonomy":"product_cat","embeddable":true,"href":"https:\/\/www.autonvaraosahaku.fi\/index.php?rest_route=%2Fwp%2Fv2%2Fproduct_cat&post=53355"},{"taxonomy":"product_tag","embeddable":true,"href":"https:\/\/www.autonvaraosahaku.fi\/index.php?rest_route=%2Fwp%2Fv2%2Fproduct_tag&post=53355"}],"curies":[{"name":"wp","href":"https:\/\/api.w.org\/{rel}","templated":true}]}}