{"id":53360,"date":"2021-02-21T17:45:51","date_gmt":"2021-02-21T17:45:51","guid":{"rendered":"https:\/\/www.autonvaraosahaku.fi\/?product=original-imperium-70021-vetonivelen-suojakumi"},"modified":"2021-02-21T17:45:55","modified_gmt":"2021-02-21T17:45:55","slug":"original-imperium-70021-vetonivelen-suojakumi","status":"publish","type":"product","link":"https:\/\/www.autonvaraosahaku.fi\/?product=original-imperium-70021-vetonivelen-suojakumi","title":{"rendered":"ORIGINAL IMPERIUM 70021 Vetonivelen suojakumi"},"content":{"rendered":"<p>Paino [g]: 86; Asennuspuoli: Py\u00f6r\u00e4n puoli; Korkeus (mm): 83; Materiaali: Kumi; L\u00e4pimitta 1 [mm]: 18; L\u00e4pimitta 2 [mm]: 66; MAZDA: 121 II DB; CHEVROLET: MATIZ M200, M250; DAEWOO: MATIZ KLYA; HYUNDAI: ATOS MX; SUZUKI: SWIFT II Schr\u00e4gheck EA, MA,ALTO HA24,SWIFT Cabriolet SF413,SWIFT II Stufenheck AH, AJ; 96273573, 96273573, 443887706, 443887F05, 4950902A00, 4950902A10, A03325530, B00122530A, B00122630A, B00322530, B00322630, B00322630A, BS0422530, BS0422630, 3924141B26, 4411854A10, 4411863B50000, 4411870B50000, 44118M79F00, 44118M79F10, 44128M79F00; Vetoakselin Suojakumi,Paljekumi, Vetoakseli<\/p>\n","protected":false},"excerpt":{"rendered":"<p>ORIGINAL IMPERIUM Vetonivelen Suojakumi 70021 Vetoakselin Suojakumi,Paljekumi, Vetoakseli MAZDA,CHEVROLET,DAEWOO,121 II DB,MATIZ M200, M250,MATIZ KLYA<\/p>\n","protected":false},"featured_media":0,"template":"","meta":{"site-sidebar-layout":"default","site-content-layout":"default","ast-global-header-display":"","ast-main-header-display":"","ast-hfb-above-header-display":"","ast-hfb-below-header-display":"","ast-hfb-mobile-header-display":"","site-post-title":"","ast-breadcrumbs-content":"","ast-featured-img":"","footer-sml-layout":"","theme-transparent-header-meta":"","adv-header-id-meta":"","stick-header-meta":"","header-above-stick-meta":"","header-main-stick-meta":"","header-below-stick-meta":""},"pwb-brand":[72],"product_cat":[42],"product_tag":[],"class_list":{"0":"post-53360","1":"product","2":"type-product","3":"status-publish","5":"pwb-brand-original-imperium","6":"product_cat-vetonivelen-suojakumi","7":"desktop-align-left","8":"tablet-align-left","9":"mobile-align-left","11":"first","12":"instock","13":"product-type-external"},"brands":[{"id":72,"name":"ORIGINAL IMPERIUM","slug":"original-imperium"}],"_links":{"self":[{"href":"https:\/\/www.autonvaraosahaku.fi\/index.php?rest_route=\/wp\/v2\/product\/53360","targetHints":{"allow":["GET"]}}],"collection":[{"href":"https:\/\/www.autonvaraosahaku.fi\/index.php?rest_route=\/wp\/v2\/product"}],"about":[{"href":"https:\/\/www.autonvaraosahaku.fi\/index.php?rest_route=\/wp\/v2\/types\/product"}],"wp:attachment":[{"href":"https:\/\/www.autonvaraosahaku.fi\/index.php?rest_route=%2Fwp%2Fv2%2Fmedia&parent=53360"}],"wp:term":[{"taxonomy":"pwb-brand","embeddable":true,"href":"https:\/\/www.autonvaraosahaku.fi\/index.php?rest_route=%2Fwp%2Fv2%2Fpwb-brand&post=53360"},{"taxonomy":"product_cat","embeddable":true,"href":"https:\/\/www.autonvaraosahaku.fi\/index.php?rest_route=%2Fwp%2Fv2%2Fproduct_cat&post=53360"},{"taxonomy":"product_tag","embeddable":true,"href":"https:\/\/www.autonvaraosahaku.fi\/index.php?rest_route=%2Fwp%2Fv2%2Fproduct_tag&post=53360"}],"curies":[{"name":"wp","href":"https:\/\/api.w.org\/{rel}","templated":true}]}}